{"id":27547,"date":"2025-07-14T06:33:12","date_gmt":"2025-07-14T06:33:12","guid":{"rendered":"https:\/\/pippifoder.se\/?post_type=product&#038;p=27547"},"modified":"2025-07-17T19:06:03","modified_gmt":"2025-07-17T19:06:03","slug":"fuglemater-katan-gronn-2-liter-kopia-kopia-3","status":"publish","type":"product","link":"https:\/\/pippifoder.se\/no\/produkt\/insekthotell-no\/fuglemater-katan-gronn-2-liter-kopia-kopia-3\/","title":{"rendered":"Insekthotell med responstak"},"content":{"rendered":"<h2 data-start=\"95\" data-end=\"165\">Insekthotell &#8211; skap et fristed for nytteinsekter i hagen<\/h2>\n<p data-start=\"167\" data-end=\"424\">Med et vakkert og funksjonelt insekthotell kan du lokke bier, marih\u00f8ner og andre nytteinsekter til hagen din. Ved \u00e5 tilby ly og overvintringssteder hjelper du pollinatorene med \u00e5 trives &#8211; samtidig som du bidrar til det biologiske mangfoldet. <\/p>\n<p data-start=\"426\" data-end=\"666\">Dette insekthotellet er laget av naturmaterialer som bambus, tre og kongler, og inneholder ulike kamre tilpasset solit\u00e6re bier, blomsterfluer og biller. Perfekt for \u00f8kologiske hager, kolonihager eller balkonger med vegetasjon. <\/p>\n<h4 data-start=\"668\" data-end=\"684\">Kjennetegn:<\/h4>\n<ul data-start=\"685\" data-end=\"934\">\n<li data-start=\"685\" data-end=\"750\">\n<p data-start=\"687\" data-end=\"750\">Gir ly og reirplasser for bier, marih\u00f8ner og andre insekter<\/p>\n<\/li>\n<li data-start=\"751\" data-end=\"798\">\n<p data-start=\"753\" data-end=\"798\">Laget av naturlige og b\u00e6rekraftige materialer<\/p>\n<\/li>\n<li data-start=\"799\" data-end=\"836\">\n<p data-start=\"801\" data-end=\"836\">Flere kamre for ulike insektarter<\/p>\n<\/li>\n<li data-start=\"837\" data-end=\"884\">\n<p data-start=\"839\" data-end=\"884\">Lett \u00e5 henge opp p\u00e5 en vegg, et gjerde eller et tre<\/p>\n<\/li>\n<li data-start=\"885\" data-end=\"934\">\n<p data-start=\"887\" data-end=\"934\">Et dekorativt og pedagogisk element i hagen<\/p>\n<\/li>\n<\/ul>\n<p data-start=\"936\" data-end=\"1092\">Plasser insekthotellet p\u00e5 et solrikt sted, gjerne i n\u00e6rheten av blomstrende planter, b\u00e6rbusker eller urtehager. Da f\u00e5r insektene b\u00e5de ly og tilgang til mat. <\/p>\n<h3 data-start=\"1099\" data-end=\"1372\"><strong data-start=\"1099\" data-end=\"1132\">Hvorfor bruke insekthotell?<\/strong><\/h3>\n<p data-start=\"1099\" data-end=\"1372\">Pollinatorer som villbier og blomsterfluer spiller en avgj\u00f8rende rolle i \u00f8kosystemene v\u00e5re og i dyrkingen av frukt og gr\u00f8nnsaker. Med et insekthotell gir du dem en sjanse til \u00e5 overleve &#8211; samtidig som du gj\u00f8r hagen din b\u00e5de levende og produktiv. <\/p>\n","protected":false},"excerpt":{"rendered":"<p>Stort insekthotell. Lokk bier, marih\u00f8ner og andre nytteinsekter til hagen din med et vakkert og funksjonelt insekthotell. Ved \u00e5 tilby ly og overvintringssteder hjelper du pollinatorene med \u00e5 trives &#8211; samtidig som du bidrar til det biologiske mangfoldet.  <\/p>\n","protected":false},"featured_media":27551,"comment_status":"open","ping_status":"closed","template":"","meta":{"_acf_changed":false},"product_brand":[],"product_cat":[359],"product_tag":[],"class_list":{"0":"post-27547","1":"product","2":"type-product","3":"status-publish","4":"has-post-thumbnail","6":"product_cat-insekthotell-no","7":"product_shipping_class-sverige-no","8":"product_group-traholk-bord","10":"first","11":"instock","12":"taxable","13":"shipping-taxable","14":"purchasable","15":"product-type-simple"},"bundled_by":[],"bundle_stock_status":"instock","bundle_stock_quantity":13,"bundle_virtual":false,"bundle_layout":"","bundle_add_to_cart_form_location":"","bundle_editable_in_cart":false,"bundle_sold_individually_context":"","bundle_item_grouping":"","bundle_min_size":"","bundle_max_size":"","bundle_price":[],"bundled_items":[],"bundle_sell_ids":[],"acf":[],"_links":{"self":[{"href":"https:\/\/pippifoder.se\/no\/wp-json\/wp\/v2\/product\/27547","targetHints":{"allow":["GET"]}}],"collection":[{"href":"https:\/\/pippifoder.se\/no\/wp-json\/wp\/v2\/product"}],"about":[{"href":"https:\/\/pippifoder.se\/no\/wp-json\/wp\/v2\/types\/product"}],"replies":[{"embeddable":true,"href":"https:\/\/pippifoder.se\/no\/wp-json\/wp\/v2\/comments?post=27547"}],"wp:featuredmedia":[{"embeddable":true,"href":"https:\/\/pippifoder.se\/no\/wp-json\/wp\/v2\/media\/27551"}],"wp:attachment":[{"href":"https:\/\/pippifoder.se\/no\/wp-json\/wp\/v2\/media?parent=27547"}],"wp:term":[{"taxonomy":"product_brand","embeddable":true,"href":"https:\/\/pippifoder.se\/no\/wp-json\/wp\/v2\/product_brand?post=27547"},{"taxonomy":"product_cat","embeddable":true,"href":"https:\/\/pippifoder.se\/no\/wp-json\/wp\/v2\/product_cat?post=27547"},{"taxonomy":"product_tag","embeddable":true,"href":"https:\/\/pippifoder.se\/no\/wp-json\/wp\/v2\/product_tag?post=27547"}],"curies":[{"name":"wp","href":"https:\/\/api.w.org\/{rel}","templated":true}]}}