{"id":27539,"date":"2025-07-14T06:25:10","date_gmt":"2025-07-14T06:25:10","guid":{"rendered":"https:\/\/pippifoder.se\/?post_type=product&#038;p=27539"},"modified":"2026-04-09T10:27:03","modified_gmt":"2026-04-09T10:27:03","slug":"fuglemater-katan-gronn-2-liter-kopia-kopia-2","status":"publish","type":"product","link":"https:\/\/pippifoder.se\/no\/produkt\/fuglekasse\/fuglemater-katan-gronn-2-liter-kopia-kopia-2\/","title":{"rendered":"Fuglehus i naturlig tre"},"content":{"rendered":"<h2 data-start=\"117\" data-end=\"174\">Fuglekasse for bl\u00e5meis &#8211; FSC\u00ae 100 % sertifisert naturtre<\/h2>\n<p data-start=\"176\" data-end=\"497\">Gi bl\u00e5meisen et trygt sted \u00e5 hekke med denne b\u00e6rekraftige fuglekassen i 100 % FSC\u00ae-sertifisert naturtre. Redekassen er designet med de riktige dimensjonene for \u00e5 passe til bl\u00e5meis og andre sm\u00e5fugler som kj\u00f8ttmeis og svartmeis. Det ubehandlede naturtreet skaper et sunt milj\u00f8 og passer vakkert inn i hagens omgivelser.  <\/p>\n<p data-start=\"499\" data-end=\"714\">Med en inngangs\u00e5pning p\u00e5 ca. 28 mm er reiret effektivt beskyttet mot st\u00f8rre fugler og rovdyr. Redekassen er enkel \u00e5 montere og rengj\u00f8re, noe som gj\u00f8r den til et ideelt valg for b\u00e5de naturelskere og nybegynnere innen fuglebeskyttelse. <\/p>\n<h4 data-start=\"716\" data-end=\"732\">Kjennetegn:<\/h4>\n<ul data-start=\"733\" data-end=\"998\">\n<li data-start=\"733\" data-end=\"784\">\n<p data-start=\"735\" data-end=\"784\">Spesielt utviklet for bl\u00e5meiser og andre sm\u00e5fugler<\/p>\n<\/li>\n<li data-start=\"785\" data-end=\"845\">\n<p data-start=\"787\" data-end=\"845\">FSC\u00ae 100 % sertifisert naturlig tre &#8211; b\u00e6rekraftig og milj\u00f8vennlig<\/p>\n<\/li>\n<li data-start=\"846\" data-end=\"898\">\n<p data-start=\"848\" data-end=\"898\">28 mm inngangs\u00e5pning for \u00e5 beskytte mot st\u00f8rre fugler<\/p>\n<\/li>\n<li data-start=\"899\" data-end=\"946\">\n<p data-start=\"901\" data-end=\"946\">Enkel \u00e5 montere p\u00e5 vegg, tre eller stolpe<\/p>\n<\/li>\n<li data-start=\"947\" data-end=\"998\">\n<p data-start=\"949\" data-end=\"998\">Luke for enkel rengj\u00f8ring etter hekkesesongen<\/p>\n<\/li>\n<\/ul>\n<p data-start=\"1000\" data-end=\"1125\">Plasser fuglekassen 1,5-2 meter over bakken, helst i \u00f8stlig eller s\u00f8r\u00f8stlig retning, beskyttet mot direkte regn og sterk sol.<\/p>\n<hr data-start=\"1127\" data-end=\"1130\">\n<p>&nbsp;<\/p>\n<p data-start=\"1132\" data-end=\"1325\"><strong data-start=\"1132\" data-end=\"1141\">Tips:<\/strong> Sett opp flere <a href=\"https:\/\/pippifoder.se\/no\/fuglekasse\/\">fuglekasser<\/a> i hagen din for \u00e5 tiltrekke deg ulike fuglearter &#8211; en enkel m\u00e5te \u00e5 bidra til det biologiske mangfoldet p\u00e5, samtidig som du kan nyte fuglesangen i n\u00e6rheten av hjemmet ditt.<\/p>\n","protected":false},"excerpt":{"rendered":"<p>Fuglekasse for fugler i bl\u00e5meisst\u00f8rrelse i naturlig tre FSC100%<\/p>\n","protected":false},"featured_media":27543,"comment_status":"open","ping_status":"closed","template":"","meta":{"_acf_changed":false},"product_brand":[],"product_cat":[134],"product_tag":[],"class_list":{"0":"post-27539","1":"product","2":"type-product","3":"status-publish","4":"has-post-thumbnail","6":"product_cat-fuglekasse","7":"product_shipping_class-sverige-no","8":"product_group-traholk-bord","10":"first","11":"outofstock","12":"taxable","13":"shipping-taxable","14":"purchasable","15":"product-type-simple"},"bundled_by":[],"bundle_stock_status":"outofstock","bundle_stock_quantity":0,"bundle_virtual":false,"bundle_layout":"","bundle_add_to_cart_form_location":"","bundle_editable_in_cart":false,"bundle_sold_individually_context":"","bundle_item_grouping":"","bundle_min_size":"","bundle_max_size":"","bundle_price":[],"bundled_items":[],"bundle_sell_ids":[],"acf":[],"_links":{"self":[{"href":"https:\/\/pippifoder.se\/no\/wp-json\/wp\/v2\/product\/27539","targetHints":{"allow":["GET"]}}],"collection":[{"href":"https:\/\/pippifoder.se\/no\/wp-json\/wp\/v2\/product"}],"about":[{"href":"https:\/\/pippifoder.se\/no\/wp-json\/wp\/v2\/types\/product"}],"replies":[{"embeddable":true,"href":"https:\/\/pippifoder.se\/no\/wp-json\/wp\/v2\/comments?post=27539"}],"wp:featuredmedia":[{"embeddable":true,"href":"https:\/\/pippifoder.se\/no\/wp-json\/wp\/v2\/media\/27543"}],"wp:attachment":[{"href":"https:\/\/pippifoder.se\/no\/wp-json\/wp\/v2\/media?parent=27539"}],"wp:term":[{"taxonomy":"product_brand","embeddable":true,"href":"https:\/\/pippifoder.se\/no\/wp-json\/wp\/v2\/product_brand?post=27539"},{"taxonomy":"product_cat","embeddable":true,"href":"https:\/\/pippifoder.se\/no\/wp-json\/wp\/v2\/product_cat?post=27539"},{"taxonomy":"product_tag","embeddable":true,"href":"https:\/\/pippifoder.se\/no\/wp-json\/wp\/v2\/product_tag?post=27539"}],"curies":[{"name":"wp","href":"https:\/\/api.w.org\/{rel}","templated":true}]}}