{"id":27522,"date":"2025-07-14T06:09:38","date_gmt":"2025-07-14T06:09:38","guid":{"rendered":"https:\/\/pippifoder.se\/?post_type=product&#038;p=27522"},"modified":"2026-02-08T19:29:34","modified_gmt":"2026-02-08T19:29:34","slug":"fuglemater-katan-gronn-2-liter-kopia","status":"publish","type":"product","link":"https:\/\/pippifoder.se\/no\/produkt\/sommerfuglhus\/fuglemater-katan-gronn-2-liter-kopia\/","title":{"rendered":"Sommerfuglrede i naturlig tre"},"content":{"rendered":"<h2 data-start=\"128\" data-end=\"189\">Sommerfuglhytte i FSC\u00ae 100 % naturlig tre &#8211; med dekorativ silhuett<\/h2>\n<p data-start=\"191\" data-end=\"552\">Skap et trygt hvilested for hagens vakre sommerfugler med denne sommerfuglhyllen i naturlig tre. Den er laget av 100 % FSC\u00ae-sertifisert trevirke, som garanterer b\u00e6rekraftig skogbruk, og er b\u00e5de milj\u00f8vennlig og dekorativ. Den utsk\u00e5rne sommerfuglsilhuetten p\u00e5 fronten er ikke bare et vakkert blikkfang &#8211; den gir ogs\u00e5 sommerfuglene en beskyttet inngang til hulen.  <\/p>\n<p data-start=\"554\" data-end=\"776\">Plasser sommerfuglhulen p\u00e5 et solrikt og skjermet sted, gjerne i n\u00e6rheten av blomstrende planter som tiltrekker seg sommerfugler. Hulen gir beskyttelse mot regn, kulde og rovdyr &#8211; perfekt for sommerfugler som s\u00f8ker hvile om natten eller i d\u00e5rlig v\u00e6r. <\/p>\n<h3 data-start=\"778\" data-end=\"794\">Egenskaper ved sommerfuglens bikube:<\/h3>\n<ul data-start=\"795\" data-end=\"1053\">\n<li data-start=\"795\" data-end=\"857\">\n<p data-start=\"797\" data-end=\"857\">Laget av FSC\u00ae 100 % naturlig tre &#8211; b\u00e6rekraftig og ansvarlig<\/p>\n<\/li>\n<li data-start=\"858\" data-end=\"911\">\n<p data-start=\"860\" data-end=\"911\">Utsk\u00e5ret sommerfuglsilhuett for b\u00e5de funksjon og stil<\/p>\n<\/li>\n<li data-start=\"912\" data-end=\"961\">\n<p data-start=\"914\" data-end=\"961\">Enkel \u00e5 montere p\u00e5 vegg, gjerde eller trestamme<\/p>\n<\/li>\n<li data-start=\"962\" data-end=\"1000\">\n<p data-start=\"964\" data-end=\"1000\">Beskytter sommerfuglene mot v\u00e6r og vind<\/p>\n<\/li>\n<li data-start=\"1001\" data-end=\"1053\">\n<p data-start=\"1003\" data-end=\"1053\">Et l\u00e6rerikt og vakkert tilskudd til hagen<\/p>\n<\/li>\n<\/ul>\n<p>&nbsp;<\/p>\n<p data-start=\"1055\" data-end=\"1157\">Gi sommerfuglene i hagen din en sjanse til \u00e5 trives &#8211; og bidra til det biologiske mangfoldet p\u00e5 samme tid.<\/p>\n","protected":false},"excerpt":{"rendered":"<p>Sommerfuglhytte i naturlig tre FSC100% med silhuett<\/p>\n","protected":false},"featured_media":27526,"comment_status":"open","ping_status":"closed","template":"","meta":{"_acf_changed":false},"product_brand":[],"product_cat":[361,572],"product_tag":[],"class_list":{"0":"post-27522","1":"product","2":"type-product","3":"status-publish","4":"has-post-thumbnail","6":"product_cat-sommerfuglhus","7":"product_cat-julegaveideer-til-fugleelskere-i-2025","8":"product_shipping_class-sverige-no","9":"product_group-traholk-bord","11":"first","12":"instock","13":"taxable","14":"shipping-taxable","15":"purchasable","16":"product-type-simple"},"bundled_by":[],"bundle_stock_status":"instock","bundle_stock_quantity":6,"bundle_virtual":false,"bundle_layout":"","bundle_add_to_cart_form_location":"","bundle_editable_in_cart":false,"bundle_sold_individually_context":"","bundle_item_grouping":"","bundle_min_size":"","bundle_max_size":"","bundle_price":[],"bundled_items":[],"bundle_sell_ids":[],"acf":[],"_links":{"self":[{"href":"https:\/\/pippifoder.se\/no\/wp-json\/wp\/v2\/product\/27522","targetHints":{"allow":["GET"]}}],"collection":[{"href":"https:\/\/pippifoder.se\/no\/wp-json\/wp\/v2\/product"}],"about":[{"href":"https:\/\/pippifoder.se\/no\/wp-json\/wp\/v2\/types\/product"}],"replies":[{"embeddable":true,"href":"https:\/\/pippifoder.se\/no\/wp-json\/wp\/v2\/comments?post=27522"}],"wp:featuredmedia":[{"embeddable":true,"href":"https:\/\/pippifoder.se\/no\/wp-json\/wp\/v2\/media\/27526"}],"wp:attachment":[{"href":"https:\/\/pippifoder.se\/no\/wp-json\/wp\/v2\/media?parent=27522"}],"wp:term":[{"taxonomy":"product_brand","embeddable":true,"href":"https:\/\/pippifoder.se\/no\/wp-json\/wp\/v2\/product_brand?post=27522"},{"taxonomy":"product_cat","embeddable":true,"href":"https:\/\/pippifoder.se\/no\/wp-json\/wp\/v2\/product_cat?post=27522"},{"taxonomy":"product_tag","embeddable":true,"href":"https:\/\/pippifoder.se\/no\/wp-json\/wp\/v2\/product_tag?post=27522"}],"curies":[{"name":"wp","href":"https:\/\/api.w.org\/{rel}","templated":true}]}}