{"id":26888,"date":"2025-06-11T06:20:54","date_gmt":"2025-06-11T06:20:54","guid":{"rendered":"https:\/\/pippifoder.se\/ukategorisert\/svarte-solsikkefro-15-kg\/"},"modified":"2026-04-19T20:04:18","modified_gmt":"2026-04-19T18:04:18","slug":"svarte-solsikkefro-15-kg","status":"publish","type":"product","link":"https:\/\/pippifoder.se\/no\/produkt\/fuglemat\/solsikkefro-til-fugler\/svarte-solsikkefro-15-kg\/","title":{"rendered":"Svarte solsikkefr\u00f8 15 kg"},"content":{"rendered":"<h3 data-start=\"212\" data-end=\"268\">Sorte solsikkefr\u00f8 &#8211; energirik fuglemat for hele \u00e5ret<\/h3>\n<p data-start=\"270\" data-end=\"583\">Gi hagefuglene dine en skikkelig energiboost med v\u00e5re <strong data-start=\"332\" data-end=\"353\">svarte solsikkefr\u00f8<\/strong> &#8211; et av de mest popul\u00e6re og n\u00e6ringsrike fr\u00f8ene til fuglef\u00f4ring \u00e5ret rundt. Takket v\u00e6re det h\u00f8ye fett- og proteininnholdet er disse fr\u00f8ene ideelle b\u00e5de i kalde vintre og i hekketiden n\u00e5r fuglene trenger ekstra energi. <\/p>\n<h4 data-start=\"585\" data-end=\"629\">Det er derfor fugler elsker svarte solsikkefr\u00f8:<\/h4>\n<ul data-start=\"630\" data-end=\"905\">\n<li data-start=\"630\" data-end=\"700\">\n<p data-start=\"632\" data-end=\"700\"><strong data-start=\"632\" data-end=\"659\">Rik p\u00e5 fett og n\u00e6ring<\/strong> &#8211; perfekt for energibehovet til sm\u00e5fugler<\/p>\n<\/li>\n<li data-start=\"701\" data-end=\"755\">\n<p data-start=\"703\" data-end=\"755\"><strong data-start=\"703\" data-end=\"717\">Tynne skall<\/strong> som er lette \u00e5 \u00e5pne for fugler<\/p>\n<\/li>\n<li data-start=\"756\" data-end=\"845\">\n<p data-start=\"758\" data-end=\"845\"><strong data-start=\"758\" data-end=\"780\">Tiltrekker seg mange arter<\/strong> som kattugle, bl\u00e5meis, dompap, gr\u00f8nnfink, n\u00f8tteskrike og steinskvett<\/p>\n<\/li>\n<li data-start=\"846\" data-end=\"905\">\n<p data-start=\"848\" data-end=\"905\"><strong data-start=\"848\" data-end=\"905\">Egnet for fuglebord, fuglematere eller direkte p\u00e5 bakken<\/strong><\/p>\n<\/li>\n<\/ul>\n<p data-start=\"907\" data-end=\"1213\">V\u00e5re solsikkefr\u00f8 er <strong data-start=\"926\" data-end=\"945\">100 % naturlige<\/strong> og <strong data-start=\"950\" data-end=\"975\">uten tilsetningsstoffer<\/strong> &#8211; et trygt og n\u00e6ringsrikt valg for deg som \u00f8nsker <strong data-start=\"1026\" data-end=\"1062\">\u00e5 st\u00f8tte fuglelivet i hagen din.<\/strong> De svarte solsikkefr\u00f8ene har tynnere skall enn de <a href=\"https:\/\/pippifoder.se\/no\/produkt\/fuglemat\/solsikkefro-til-fugler\/stripete-solsikkefro-15-kg\/\">stripete variantene<\/a>, noe som betyr at de gir mer n\u00e6ring per gram og er spesielt popul\u00e6re blant ville fugler. <\/p>\n<h4 data-start=\"1215\" data-end=\"1237\">Tips for f\u00f4ring:<\/h4>\n<p>&nbsp;<\/p>\n<p data-start=\"1238\" data-end=\"1432\">Legg fr\u00f8ene i en <a href=\"https:\/\/pippifoder.se\/no\/fuglemater-og-fuglebrett\/\"><strong data-start=\"1257\" data-end=\"1272\">fuglemater<\/strong><\/a> med beskyttelse mot regn eller bruk et <strong data-start=\"1309\" data-end=\"1328\">\u00e5pent fuglebord<\/strong>. Kombiner med <a href=\"https:\/\/pippifoder.se\/no\/peanotter\/\">pean\u00f8tter<\/a> eller <a href=\"https:\/\/pippifoder.se\/no\/meiseboller-til-smafugler\/\">talgkuler<\/a> for \u00e5 skape en variert buffet som tiltrekker seg flere arter. <\/p>\n","protected":false},"excerpt":{"rendered":"<p>Sorte solsikkefr\u00f8 av h\u00f8yeste kvalitet. Sorte solsikkefr\u00f8 passer perfekt til alle typer fugler, men det er som regel de mindre fuglene som spiser mest sorte solsikkefr\u00f8. Hvis du vil unng\u00e5 skall under fuglemateren, anbefaler vi alltid solsikkefr\u00f8 <a href=\"https:\/\/pippifoder.se\/no\/produkt\/fuglemat\/solsikkefro-til-fugler\/solsikkekjerner-15-kg\/\">med skall<\/a>.  <\/p>\n","protected":false},"featured_media":26145,"comment_status":"open","ping_status":"closed","template":"","meta":{"_acf_changed":false},"product_brand":[],"product_cat":[140,124,150],"product_tag":[],"class_list":{"0":"post-26888","1":"product","2":"type-product","3":"status-publish","4":"has-post-thumbnail","6":"product_cat-solsikkefro-til-fugler","7":"product_cat-fuglemat","8":"product_cat-sorte-solsikkefro-til-fugler","10":"first","11":"outofstock","12":"taxable","13":"shipping-taxable","14":"purchasable","15":"product-type-simple"},"bundled_by":[],"bundle_stock_status":"outofstock","bundle_stock_quantity":0,"bundle_virtual":false,"bundle_layout":"","bundle_add_to_cart_form_location":"","bundle_editable_in_cart":false,"bundle_sold_individually_context":"","bundle_item_grouping":"","bundle_min_size":"","bundle_max_size":"","bundle_price":[],"bundled_items":[],"bundle_sell_ids":[],"acf":[],"_links":{"self":[{"href":"https:\/\/pippifoder.se\/no\/wp-json\/wp\/v2\/product\/26888","targetHints":{"allow":["GET"]}}],"collection":[{"href":"https:\/\/pippifoder.se\/no\/wp-json\/wp\/v2\/product"}],"about":[{"href":"https:\/\/pippifoder.se\/no\/wp-json\/wp\/v2\/types\/product"}],"replies":[{"embeddable":true,"href":"https:\/\/pippifoder.se\/no\/wp-json\/wp\/v2\/comments?post=26888"}],"wp:featuredmedia":[{"embeddable":true,"href":"https:\/\/pippifoder.se\/no\/wp-json\/wp\/v2\/media\/26145"}],"wp:attachment":[{"href":"https:\/\/pippifoder.se\/no\/wp-json\/wp\/v2\/media?parent=26888"}],"wp:term":[{"taxonomy":"product_brand","embeddable":true,"href":"https:\/\/pippifoder.se\/no\/wp-json\/wp\/v2\/product_brand?post=26888"},{"taxonomy":"product_cat","embeddable":true,"href":"https:\/\/pippifoder.se\/no\/wp-json\/wp\/v2\/product_cat?post=26888"},{"taxonomy":"product_tag","embeddable":true,"href":"https:\/\/pippifoder.se\/no\/wp-json\/wp\/v2\/product_tag?post=26888"}],"curies":[{"name":"wp","href":"https:\/\/api.w.org\/{rel}","templated":true}]}}