{"id":26883,"date":"2025-06-11T06:21:43","date_gmt":"2025-06-11T04:21:43","guid":{"rendered":"https:\/\/pippifoder.se\/ukategorisert\/stripete-solsikkefro-15-kg\/"},"modified":"2026-05-16T06:42:08","modified_gmt":"2026-05-16T04:42:08","slug":"stripete-solsikkefro-15-kg","status":"publish","type":"product","link":"https:\/\/pippifoder.se\/no\/produkt\/fuglemat\/solsikkefro-til-fugler\/stripete-solsikkefro-15-kg\/","title":{"rendered":"Stripete solsikkefr\u00f8 15 kg"},"content":{"rendered":"<h3 data-start=\"113\" data-end=\"184\">Stripete solsikkefr\u00f8 &#8211; n\u00e6ringsrik fuglemat for alle hagefugler<\/h3>\n<p data-start=\"186\" data-end=\"492\">Er du p\u00e5 utkikk etter et energirikt fuglef\u00f4r som tiltrekker seg mange forskjellige arter til hagen din? Da er <strong data-start=\"271\" data-end=\"295\">stripete solsikkefr\u00f8<\/strong> et godt valg! Disse fr\u00f8ene er st\u00f8rre enn vanlige <a href=\"https:\/\/pippifoder.se\/no\/produkt\/fuglemat\/solsikkefro-til-fugler\/svarte-solsikkefro-15-kg\/\">svarte solsikkefr\u00f8<\/a> og har et tykkere skall, noe som gj\u00f8r dem spesielt popul\u00e6re blant st\u00f8rre fugler som n\u00f8tteskriker <strong data-start=\"450\" data-end=\"490\">og hakkespetter<\/strong>. <\/p>\n<p data-start=\"494\" data-end=\"736\">I motsetning til de svarte solsikkefr\u00f8ene, som er enklere \u00e5 skrelle, krever de stripete fr\u00f8ene mer arbeid &#8211; noe som skremmer bort de mindre og mer kresne artene. Derfor er de perfekte hvis du \u00f8nsker \u00e5 gi plass til de mer robuste fuglene ved fuglebordet. <\/p>\n<h4 data-start=\"738\" data-end=\"777\">Fordeler med stripete solsikkefr\u00f8:<\/h4>\n<ul data-start=\"778\" data-end=\"1047\">\n<li data-start=\"778\" data-end=\"855\">\n<p data-start=\"780\" data-end=\"855\">Rik p\u00e5 <strong data-start=\"788\" data-end=\"807\">olje og energi<\/strong> &#8211; ideell for vinteren og hekkesesongen<\/p>\n<\/li>\n<li data-start=\"856\" data-end=\"923\">\n<p data-start=\"858\" data-end=\"923\">Tiltrekker seg <strong data-start=\"865\" data-end=\"886\">st\u00f8rre fuglearter<\/strong> som er i stand til \u00e5 skj\u00e6re fr\u00f8ene selv<\/p>\n<\/li>\n<li data-start=\"924\" data-end=\"989\">\n<p data-start=\"926\" data-end=\"989\">Mindre s\u00f8l &#8211; skjellene fjernes ofte lenger unna spiseomr\u00e5det<\/p>\n<\/li>\n<li data-start=\"990\" data-end=\"1047\">\n<p data-start=\"992\" data-end=\"1047\">Passer i <strong data-start=\"1001\" data-end=\"1047\">fuglematere, automater og \u00e5pne fuglebord<\/strong><\/p>\n<\/li>\n<\/ul>\n<h3 data-start=\"1049\" data-end=\"1071\">Tips for f\u00f4ring<\/h3>\n<p data-start=\"1072\" data-end=\"1224\">Legg fr\u00f8ene i et stabilt <a href=\"https:\/\/pippifoder.se\/no\/fuglemater-og-fuglebrett\/\">fuglebord<\/a> eller en solid f\u00f4ringsautomat. Tilsett vann og andre fr\u00f8blandinger for \u00e5 tiltrekke deg en st\u00f8rre flokk fugler. <\/p>\n","protected":false},"excerpt":{"rendered":"<p>Stripete solsikkefr\u00f8 av h\u00f8yeste kvalitet. Stripete solsikkefr\u00f8 passer perfekt til alle typer fugler, men det er som regel de st\u00f8rre fuglene som spiser mest av de stripete solsikkefr\u00f8ene. Hvis du vil unng\u00e5 skall under fuglemateren, anbefaler vi alltid solsikkefr\u00f8 <a href=\"https:\/\/pippifoder.se\/no\/produkt\/fuglemat\/solsikkefro-til-fugler\/solsikkekjerner-15-kg\/\">uten skall<\/a>.  <\/p>\n","protected":false},"featured_media":26149,"comment_status":"open","ping_status":"closed","template":"","meta":{"_acf_changed":false},"product_brand":[],"product_cat":[140,124,141],"product_tag":[],"class_list":{"0":"post-26883","1":"product","2":"type-product","3":"status-publish","4":"has-post-thumbnail","6":"product_cat-solsikkefro-til-fugler","7":"product_cat-fuglemat","8":"product_cat-solsikkefro-no","10":"first","11":"instock","12":"taxable","13":"shipping-taxable","14":"purchasable","15":"product-type-simple"},"bundled_by":[],"bundle_stock_status":"instock","bundle_stock_quantity":251,"bundle_virtual":false,"bundle_layout":"","bundle_add_to_cart_form_location":"","bundle_editable_in_cart":false,"bundle_sold_individually_context":"","bundle_item_grouping":"","bundle_min_size":"","bundle_max_size":"","bundle_price":[],"bundled_items":[],"bundle_sell_ids":[],"acf":[],"_links":{"self":[{"href":"https:\/\/pippifoder.se\/no\/wp-json\/wp\/v2\/product\/26883","targetHints":{"allow":["GET"]}}],"collection":[{"href":"https:\/\/pippifoder.se\/no\/wp-json\/wp\/v2\/product"}],"about":[{"href":"https:\/\/pippifoder.se\/no\/wp-json\/wp\/v2\/types\/product"}],"replies":[{"embeddable":true,"href":"https:\/\/pippifoder.se\/no\/wp-json\/wp\/v2\/comments?post=26883"}],"wp:featuredmedia":[{"embeddable":true,"href":"https:\/\/pippifoder.se\/no\/wp-json\/wp\/v2\/media\/26149"}],"wp:attachment":[{"href":"https:\/\/pippifoder.se\/no\/wp-json\/wp\/v2\/media?parent=26883"}],"wp:term":[{"taxonomy":"product_brand","embeddable":true,"href":"https:\/\/pippifoder.se\/no\/wp-json\/wp\/v2\/product_brand?post=26883"},{"taxonomy":"product_cat","embeddable":true,"href":"https:\/\/pippifoder.se\/no\/wp-json\/wp\/v2\/product_cat?post=26883"},{"taxonomy":"product_tag","embeddable":true,"href":"https:\/\/pippifoder.se\/no\/wp-json\/wp\/v2\/product_tag?post=26883"}],"curies":[{"name":"wp","href":"https:\/\/api.w.org\/{rel}","templated":true}]}}