{"id":26805,"date":"2025-06-26T19:00:06","date_gmt":"2025-06-26T19:00:06","guid":{"rendered":"https:\/\/pippifoder.se\/?post_type=product&#038;p=26805"},"modified":"2026-04-15T13:00:30","modified_gmt":"2026-04-15T11:00:30","slug":"forbar-med-solsikkefro-kopia","status":"publish","type":"product","link":"https:\/\/pippifoder.se\/no\/produkt\/fuglemat\/fettfroblanding\/forbar-med-solsikkefro-kopia\/","title":{"rendered":"F\u00f4rbar med knuste pean\u00f8tter"},"content":{"rendered":"<p data-start=\"236\" data-end=\"551\">Gi hagefuglene dine et n\u00e6ringsrikt l\u00f8ft med v\u00e5r praktiske bar med knuste pean\u00f8tter! Fuglematen vil tiltrekke seg sm\u00e5fugler som l\u00e5veugle, bl\u00e5meis, spettmeis og hakkespett, og gir dem b\u00e5de energi og protein &#8211; noe som er spesielt viktig om vinteren, i hekketiden og i fellingsperioden. <\/p>\n<p data-start=\"553\" data-end=\"788\">Pean\u00f8ttene er usaltede og n\u00f8ye utvalgt for \u00e5 passe til de ville fuglenes behov. Maten er enkel \u00e5 henge opp i tr\u00e6r, p\u00e5 balkonger eller fuglebord, og fuglene kan hakke trygt direkte fra nettet eller risten. <\/p>\n<p data-start=\"790\" data-end=\"803\"><strong data-start=\"790\" data-end=\"803\">Fordeler:<\/strong><\/p>\n<ul data-start=\"804\" data-end=\"1037\">\n<li data-start=\"804\" data-end=\"849\">\n<p data-start=\"806\" data-end=\"849\">Fylt med usaltede, energirike pean\u00f8tter<\/p>\n<\/li>\n<li data-start=\"850\" data-end=\"883\">\n<p data-start=\"852\" data-end=\"883\">Tiltrekker seg mange forskjellige fuglearter<\/p>\n<\/li>\n<li data-start=\"884\" data-end=\"929\">\n<p data-start=\"886\" data-end=\"929\">Lett \u00e5 henge opp &#8211; ingen verkt\u00f8y trengs<\/p>\n<\/li>\n<li data-start=\"930\" data-end=\"977\">\n<p data-start=\"932\" data-end=\"977\">Gjenbrukbar eller resirkulerbar holder<\/p>\n<\/li>\n<li data-start=\"978\" data-end=\"1037\">\n<p data-start=\"980\" data-end=\"1037\">Ideell for f\u00f4ring \u00e5ret rundt i hagen og p\u00e5 balkongen<\/p>\n<\/li>\n<\/ul>\n<p>&nbsp;<\/p>\n<p data-start=\"1039\" data-end=\"1167\">St\u00f8tt det ville fuglelivet med en f\u00f4ringsl\u00f8sning som er b\u00e5de praktisk og n\u00e6ringsrik. En favoritt blant b\u00e5de fugler og fugleelskere! <\/p>\n","protected":false},"excerpt":{"rendered":"<p>F\u00f4rstang med knuste pean\u00f8tter, 200 g 18 cm lang stang av oksetalg med et tykt lag knuste pean\u00f8tter. Med snor til oppheng. <\/p>\n","protected":false},"featured_media":26810,"comment_status":"closed","ping_status":"closed","template":"","meta":{"_acf_changed":false},"product_brand":[],"product_cat":[135,124,141],"product_tag":[],"class_list":{"0":"post-26805","1":"product","2":"type-product","3":"status-publish","4":"has-post-thumbnail","6":"product_cat-fettfroblanding","7":"product_cat-fuglemat","8":"product_cat-solsikkefro-no","10":"first","11":"instock","12":"taxable","13":"shipping-taxable","14":"purchasable","15":"product-type-simple"},"bundled_by":["30023"],"bundle_stock_status":"instock","bundle_stock_quantity":695,"bundle_virtual":false,"bundle_layout":"","bundle_add_to_cart_form_location":"","bundle_editable_in_cart":false,"bundle_sold_individually_context":"","bundle_item_grouping":"","bundle_min_size":"","bundle_max_size":"","bundle_price":[],"bundled_items":[],"bundle_sell_ids":[],"acf":[],"_links":{"self":[{"href":"https:\/\/pippifoder.se\/no\/wp-json\/wp\/v2\/product\/26805","targetHints":{"allow":["GET"]}}],"collection":[{"href":"https:\/\/pippifoder.se\/no\/wp-json\/wp\/v2\/product"}],"about":[{"href":"https:\/\/pippifoder.se\/no\/wp-json\/wp\/v2\/types\/product"}],"replies":[{"embeddable":true,"href":"https:\/\/pippifoder.se\/no\/wp-json\/wp\/v2\/comments?post=26805"}],"wp:featuredmedia":[{"embeddable":true,"href":"https:\/\/pippifoder.se\/no\/wp-json\/wp\/v2\/media\/26810"}],"wp:attachment":[{"href":"https:\/\/pippifoder.se\/no\/wp-json\/wp\/v2\/media?parent=26805"}],"wp:term":[{"taxonomy":"product_brand","embeddable":true,"href":"https:\/\/pippifoder.se\/no\/wp-json\/wp\/v2\/product_brand?post=26805"},{"taxonomy":"product_cat","embeddable":true,"href":"https:\/\/pippifoder.se\/no\/wp-json\/wp\/v2\/product_cat?post=26805"},{"taxonomy":"product_tag","embeddable":true,"href":"https:\/\/pippifoder.se\/no\/wp-json\/wp\/v2\/product_tag?post=26805"}],"curies":[{"name":"wp","href":"https:\/\/api.w.org\/{rel}","templated":true}]}}