{"id":26797,"date":"2025-06-26T18:55:22","date_gmt":"2025-06-26T18:55:22","guid":{"rendered":"https:\/\/pippifoder.se\/?post_type=product&#038;p=26797"},"modified":"2026-05-03T19:32:57","modified_gmt":"2026-05-03T17:32:57","slug":"halvt-kokosnottskall-med-melorm-kopia-kopia-kopia-kopia-kopia","status":"publish","type":"product","link":"https:\/\/pippifoder.se\/no\/produkt\/fuglemat\/fettfroblanding\/halvt-kokosnottskall-med-melorm-kopia-kopia-kopia-kopia-kopia\/","title":{"rendered":"Kokosn\u00f8tt &#8216;tromme&#8217;"},"content":{"rendered":"<p data-start=\"442\" data-end=\"722\">Innholdet best\u00e5r av fettrike ingredienser som gir fuglene viktig energi, spesielt under kalde vintre, i hekkeperioder eller ved f\u00f4ring av kyllinger. Den slitesterke kokosn\u00f8tten fungerer b\u00e5de som beholder og oppheng. <\/p>\n<p data-start=\"724\" data-end=\"737\"><strong data-start=\"724\" data-end=\"737\">Fordeler:<\/strong><\/p>\n<ul data-start=\"738\" data-end=\"1012\">\n<li data-start=\"738\" data-end=\"796\">\n<p data-start=\"740\" data-end=\"796\">Naturlig kokosn\u00f8tt fylt med h\u00f8yenergif\u00f4r for sm\u00e5fugler<\/p>\n<\/li>\n<li data-start=\"797\" data-end=\"851\">\n<p data-start=\"799\" data-end=\"851\">Tiltrekker seg arter som kattugle, bl\u00e5meis, r\u00f8dstrupe og mange flere<\/p>\n<\/li>\n<li data-start=\"852\" data-end=\"903\">\n<p data-start=\"854\" data-end=\"903\">Lett \u00e5 henge opp med en gang &#8211; ingen ekstrautstyr n\u00f8dvendig<\/p>\n<\/li>\n<li data-start=\"904\" data-end=\"951\">\n<p data-start=\"954\" data-end=\"1012\">Vakker og praktisk l\u00f8sning for milj\u00f8vennlig fuglemating<\/p>\n<\/li>\n<\/ul>\n<p data-start=\"1014\" data-end=\"1145\">Gi hagefuglene dine et b\u00e6rekraftig og velsmakende tilskudd &#8211; kokostrommelen er et kj\u00e6rkomment innslag i ethvert fuglevennlig milj\u00f8!<\/p>\n","protected":false},"excerpt":{"rendered":"<p>Kokosn\u00f8tt &laquo;Drum&raquo; er en hel kokosn\u00f8tt fylt med en n\u00e6ringsrik og velsmakende fettblanding som sm\u00e5fugler elsker. Den kompakte formen og det naturlige designet gj\u00f8r den b\u00e5de praktisk og dekorativ i hagen, p\u00e5 terrassen eller balkongen. <\/p>\n","protected":false},"featured_media":26802,"comment_status":"closed","ping_status":"closed","template":"","meta":{"_acf_changed":false},"product_brand":[],"product_cat":[135,124,204],"product_tag":[],"class_list":{"0":"post-26797","1":"product","2":"type-product","3":"status-publish","4":"has-post-thumbnail","6":"product_cat-fettfroblanding","7":"product_cat-fuglemat","8":"product_cat-melorm","10":"first","11":"instock","12":"sale","13":"taxable","14":"shipping-taxable","15":"purchasable","16":"product-type-variable","17":"has-default-attributes"},"bundled_by":["30023"],"bundle_stock_status":"instock","bundle_stock_quantity":1078,"bundle_virtual":false,"bundle_layout":"","bundle_add_to_cart_form_location":"","bundle_editable_in_cart":false,"bundle_sold_individually_context":"","bundle_item_grouping":"","bundle_min_size":"","bundle_max_size":"","bundle_price":[],"bundled_items":[],"bundle_sell_ids":[],"acf":[],"_links":{"self":[{"href":"https:\/\/pippifoder.se\/no\/wp-json\/wp\/v2\/product\/26797","targetHints":{"allow":["GET"]}}],"collection":[{"href":"https:\/\/pippifoder.se\/no\/wp-json\/wp\/v2\/product"}],"about":[{"href":"https:\/\/pippifoder.se\/no\/wp-json\/wp\/v2\/types\/product"}],"replies":[{"embeddable":true,"href":"https:\/\/pippifoder.se\/no\/wp-json\/wp\/v2\/comments?post=26797"}],"wp:featuredmedia":[{"embeddable":true,"href":"https:\/\/pippifoder.se\/no\/wp-json\/wp\/v2\/media\/26802"}],"wp:attachment":[{"href":"https:\/\/pippifoder.se\/no\/wp-json\/wp\/v2\/media?parent=26797"}],"wp:term":[{"taxonomy":"product_brand","embeddable":true,"href":"https:\/\/pippifoder.se\/no\/wp-json\/wp\/v2\/product_brand?post=26797"},{"taxonomy":"product_cat","embeddable":true,"href":"https:\/\/pippifoder.se\/no\/wp-json\/wp\/v2\/product_cat?post=26797"},{"taxonomy":"product_tag","embeddable":true,"href":"https:\/\/pippifoder.se\/no\/wp-json\/wp\/v2\/product_tag?post=26797"}],"curies":[{"name":"wp","href":"https:\/\/api.w.org\/{rel}","templated":true}]}}