{"id":26788,"date":"2025-06-26T18:51:51","date_gmt":"2025-06-26T18:51:51","guid":{"rendered":"https:\/\/pippifoder.se\/?post_type=product&#038;p=26788"},"modified":"2026-05-07T07:42:55","modified_gmt":"2026-05-07T05:42:55","slug":"halvt-kokosnottskall-med-melorm-kopia-kopia-kopia-kopia","status":"publish","type":"product","link":"https:\/\/pippifoder.se\/no\/produkt\/fuglemat\/fettfroblanding\/halvt-kokosnottskall-med-melorm-kopia-kopia-kopia-kopia\/","title":{"rendered":"Halv kokosn\u00f8tt med pean\u00f8tter og talg"},"content":{"rendered":"<p data-start=\"254\" data-end=\"461\">Denne halve kokosn\u00f8tten er fylt med en kraftig blanding av pean\u00f8tter og animalsk fett (talg) &#8211; en favoritt blant sm\u00e5fugler som trenger ekstra energi, spesielt i kalde vintre eller under hekketiden.<\/p>\n<p data-start=\"463\" data-end=\"746\">Pean\u00f8tter er rike p\u00e5 protein og sunt fett, mens talg gir langvarig energi. Denne kombinasjonen er spesielt popul\u00e6r blant arter som kattugle, bl\u00e5meis, hakkespett og r\u00f8dstrupe. Den naturlige kokosn\u00f8tten fungerer b\u00e5de som sk\u00e5l og oppheng.  <\/p>\n<p data-start=\"748\" data-end=\"761\"><strong data-start=\"748\" data-end=\"761\">Fordeler:<\/strong><\/p>\n<ul data-start=\"762\" data-end=\"1014\">\n<li data-start=\"762\" data-end=\"814\">\n<p data-start=\"764\" data-end=\"814\">Ekstra energirik blanding av pean\u00f8tter og talg<\/p>\n<\/li>\n<li data-start=\"815\" data-end=\"857\">\n<p data-start=\"817\" data-end=\"857\">Tiltrekker seg mange forskjellige sm\u00e5fugler \u00e5ret rundt<\/p>\n<\/li>\n<li data-start=\"858\" data-end=\"909\">\n<p data-start=\"860\" data-end=\"909\">Lett \u00e5 henge opp i tr\u00e6r eller fuglematere<\/p>\n<\/li>\n<li data-start=\"910\" data-end=\"963\">\n<p data-start=\"966\" data-end=\"1014\">Perfekt st\u00f8tte under kulde, hekking og ruging<\/p>\n<\/li>\n<\/ul>\n<p data-start=\"1016\" data-end=\"1135\">Gj\u00f8r det enkelt \u00e5 mate ville fugler p\u00e5 en naturlig og b\u00e6rekraftig m\u00e5te &#8211; en n\u00e6ringsrik delikatesse i en hendig kokosn\u00f8tt!<\/p>\n","protected":false},"excerpt":{"rendered":"<p>Halv kokosn\u00f8tt med pean\u00f8tter og talg, for hagefugler bare til \u00e5 henge opp i hagen. God n\u00e6ring for hagefugler. <\/p>\n","protected":false},"featured_media":26793,"comment_status":"closed","ping_status":"closed","template":"","meta":{"_acf_changed":false},"product_brand":[],"product_cat":[135,124,204],"product_tag":[],"class_list":{"0":"post-26788","1":"product","2":"type-product","3":"status-publish","4":"has-post-thumbnail","6":"product_cat-fettfroblanding","7":"product_cat-fuglemat","8":"product_cat-melorm","10":"first","11":"instock","12":"sale","13":"taxable","14":"shipping-taxable","15":"purchasable","16":"product-type-variable","17":"has-default-attributes"},"bundled_by":["30023"],"bundle_stock_status":"instock","bundle_stock_quantity":356,"bundle_virtual":false,"bundle_layout":"","bundle_add_to_cart_form_location":"","bundle_editable_in_cart":false,"bundle_sold_individually_context":"","bundle_item_grouping":"","bundle_min_size":"","bundle_max_size":"","bundle_price":[],"bundled_items":[],"bundle_sell_ids":[],"acf":[],"_links":{"self":[{"href":"https:\/\/pippifoder.se\/no\/wp-json\/wp\/v2\/product\/26788","targetHints":{"allow":["GET"]}}],"collection":[{"href":"https:\/\/pippifoder.se\/no\/wp-json\/wp\/v2\/product"}],"about":[{"href":"https:\/\/pippifoder.se\/no\/wp-json\/wp\/v2\/types\/product"}],"replies":[{"embeddable":true,"href":"https:\/\/pippifoder.se\/no\/wp-json\/wp\/v2\/comments?post=26788"}],"wp:featuredmedia":[{"embeddable":true,"href":"https:\/\/pippifoder.se\/no\/wp-json\/wp\/v2\/media\/26793"}],"wp:attachment":[{"href":"https:\/\/pippifoder.se\/no\/wp-json\/wp\/v2\/media?parent=26788"}],"wp:term":[{"taxonomy":"product_brand","embeddable":true,"href":"https:\/\/pippifoder.se\/no\/wp-json\/wp\/v2\/product_brand?post=26788"},{"taxonomy":"product_cat","embeddable":true,"href":"https:\/\/pippifoder.se\/no\/wp-json\/wp\/v2\/product_cat?post=26788"},{"taxonomy":"product_tag","embeddable":true,"href":"https:\/\/pippifoder.se\/no\/wp-json\/wp\/v2\/product_tag?post=26788"}],"curies":[{"name":"wp","href":"https:\/\/api.w.org\/{rel}","templated":true}]}}