{"id":26772,"date":"2025-06-26T18:44:08","date_gmt":"2025-06-26T18:44:08","guid":{"rendered":"https:\/\/pippifoder.se\/?post_type=product&#038;p=26772"},"modified":"2026-05-14T12:37:24","modified_gmt":"2026-05-14T10:37:24","slug":"halvt-kokosnottskall-med-melorm-kopia-kopia","status":"publish","type":"product","link":"https:\/\/pippifoder.se\/no\/produkt\/fuglemat\/fettfroblanding\/halvt-kokosnottskall-med-melorm-kopia-kopia\/","title":{"rendered":"Halvparten kokosn\u00f8tt med pean\u00f8ttsm\u00f8rblanding"},"content":{"rendered":"<p data-start=\"250\" data-end=\"498\">Denne halve kokosn\u00f8tten er fylt med en deilig og energigivende blanding av pean\u00f8ttsm\u00f8r og fettrike ingredienser som sm\u00e5fugler elsker. Perfekt for \u00e5 st\u00f8tte hagefuglene dine p\u00e5 kalde vinterdager eller i krevende perioder som hekking og ruging. <\/p>\n<p data-start=\"500\" data-end=\"734\">Pean\u00f8ttsm\u00f8ret i blandingen er usaltet og tilpasset fugler, noe som gir dem b\u00e5de fett og protein uten un\u00f8dvendige tilsetningsstoffer. Kokosn\u00f8ttskallet fungerer som en naturlig sk\u00e5l som er enkel \u00e5 henge opp &#8211; helt fri for plast og annet avfall. <\/p>\n<p data-start=\"736\" data-end=\"749\"><strong data-start=\"736\" data-end=\"749\">Fordeler:<\/strong><\/p>\n<ul data-start=\"750\" data-end=\"1015\">\n<li data-start=\"750\" data-end=\"794\">\n<p data-start=\"752\" data-end=\"794\">Full av sunn energi og naturlig fett<\/p>\n<\/li>\n<li data-start=\"795\" data-end=\"854\">\n<p data-start=\"797\" data-end=\"854\">Laget med usaltet pean\u00f8ttsm\u00f8r &#8211; trygt for fugler<\/p>\n<\/li>\n<li data-start=\"855\" data-end=\"909\">\n<p data-start=\"857\" data-end=\"909\">Tiltrekker seg arter som kattugle, bl\u00e5meis, r\u00f8dstrupe og mange flere<\/p>\n<\/li>\n<li data-start=\"910\" data-end=\"966\">\n<p data-start=\"912\" data-end=\"966\">Lett \u00e5 henge direkte fra tr\u00e6r eller fuglebord<\/p>\n<\/li>\n<\/ul>\n<p data-start=\"1017\" data-end=\"1112\">Gi hagens fugler en velsmakende energiboost &#8211; en verdsatt og milj\u00f8vennlig godbit \u00e5ret rundt!<\/p>\n","protected":false},"excerpt":{"rendered":"<p>Halv kokosn\u00f8tt med pean\u00f8ttsm\u00f8rblanding, for hagefugler bare til \u00e5 henge opp i hagen. God ern\u00e6ring for hagefugler. <\/p>\n","protected":false},"featured_media":26777,"comment_status":"closed","ping_status":"closed","template":"","meta":{"_acf_changed":false},"product_brand":[],"product_cat":[135,124,204],"product_tag":[],"class_list":{"0":"post-26772","1":"product","2":"type-product","3":"status-publish","4":"has-post-thumbnail","6":"product_cat-fettfroblanding","7":"product_cat-fuglemat","8":"product_cat-melorm","10":"first","11":"instock","12":"sale","13":"taxable","14":"shipping-taxable","15":"purchasable","16":"product-type-variable","17":"has-default-attributes"},"bundled_by":["30023"],"bundle_stock_status":"instock","bundle_stock_quantity":225,"bundle_virtual":false,"bundle_layout":"","bundle_add_to_cart_form_location":"","bundle_editable_in_cart":false,"bundle_sold_individually_context":"","bundle_item_grouping":"","bundle_min_size":"","bundle_max_size":"","bundle_price":[],"bundled_items":[],"bundle_sell_ids":[],"acf":[],"_links":{"self":[{"href":"https:\/\/pippifoder.se\/no\/wp-json\/wp\/v2\/product\/26772","targetHints":{"allow":["GET"]}}],"collection":[{"href":"https:\/\/pippifoder.se\/no\/wp-json\/wp\/v2\/product"}],"about":[{"href":"https:\/\/pippifoder.se\/no\/wp-json\/wp\/v2\/types\/product"}],"replies":[{"embeddable":true,"href":"https:\/\/pippifoder.se\/no\/wp-json\/wp\/v2\/comments?post=26772"}],"wp:featuredmedia":[{"embeddable":true,"href":"https:\/\/pippifoder.se\/no\/wp-json\/wp\/v2\/media\/26777"}],"wp:attachment":[{"href":"https:\/\/pippifoder.se\/no\/wp-json\/wp\/v2\/media?parent=26772"}],"wp:term":[{"taxonomy":"product_brand","embeddable":true,"href":"https:\/\/pippifoder.se\/no\/wp-json\/wp\/v2\/product_brand?post=26772"},{"taxonomy":"product_cat","embeddable":true,"href":"https:\/\/pippifoder.se\/no\/wp-json\/wp\/v2\/product_cat?post=26772"},{"taxonomy":"product_tag","embeddable":true,"href":"https:\/\/pippifoder.se\/no\/wp-json\/wp\/v2\/product_tag?post=26772"}],"curies":[{"name":"wp","href":"https:\/\/api.w.org\/{rel}","templated":true}]}}