{"id":26308,"date":"2025-06-16T06:31:41","date_gmt":"2025-06-16T06:31:41","guid":{"rendered":"https:\/\/pippifoder.se\/?post_type=product&#038;p=26308"},"modified":"2026-05-16T17:56:44","modified_gmt":"2026-05-16T15:56:44","slug":"blancherte-peanotter-til-fugler-10-kg-kopia","status":"publish","type":"product","link":"https:\/\/pippifoder.se\/no\/produkt\/fuglemat\/peanotter\/blancherte-peanotter-til-fugler-10-kg-kopia\/","title":{"rendered":"Hakkede pean\u00f8tter til fugler 10 kg"},"content":{"rendered":"<h2 data-start=\"165\" data-end=\"218\">Hakkede pean\u00f8tter &#8211; energirik fuglemat \u00e5ret rundt<\/h2>\n<p data-start=\"220\" data-end=\"504\">Er du p\u00e5 utkikk etter et n\u00e6ringsrikt og popul\u00e6rt f\u00f4r til hagens sm\u00e5fugler? <strong data-start=\"297\" data-end=\"319\">Hakkede pean\u00f8tter<\/strong> er et godt valg! De er fulle av energi, protein og sunt fett som hjelper fuglene med \u00e5 holde seg sterke og friske &#8211; b\u00e5de i de kalde vinterm\u00e5nedene og i hekkesesongen. <\/p>\n<p data-start=\"506\" data-end=\"819\">V\u00e5re hakkede pean\u00f8tter er n\u00f8ye renset for skall- og muggsopprester, noe som gj\u00f8r dem trygge \u00e5 bruke i fuglematere. Fordi n\u00f8ttene er hakket i sm\u00e5 biter, reduseres risikoen for at fuglene setter dem i halsen &#8211; perfekt for meiser, r\u00f8dstruper, finker og andre sm\u00e5fugler som liker \u00e5 stikke innom fuglemateren din. <\/p>\n<h4 data-start=\"821\" data-end=\"858\">Fordeler med hakkede pean\u00f8tter:<\/h4>\n<ul data-start=\"859\" data-end=\"1067\">\n<li data-start=\"859\" data-end=\"908\">\n<p data-start=\"861\" data-end=\"908\"><strong data-start=\"861\" data-end=\"875\">Energirik<\/strong> &#8211; gir rask og langvarig energi<\/p>\n<\/li>\n<li data-start=\"909\" data-end=\"962\">\n<p data-start=\"911\" data-end=\"962\"><strong data-start=\"911\" data-end=\"923\">Smulefri<\/strong> &#8211; etterlater ingen rester under fuglebordet<\/p>\n<\/li>\n<li data-start=\"963\" data-end=\"1022\">\n<p data-start=\"965\" data-end=\"1022\"><strong data-start=\"965\" data-end=\"978\">Sk\u00e5nsom<\/strong> &#8211; kuttet for \u00e5 passe selv sm\u00e5 fuglearter<\/p>\n<\/li>\n<li data-start=\"1023\" data-end=\"1067\">\n<p data-start=\"1025\" data-end=\"1067\"><strong data-start=\"1025\" data-end=\"1038\">Naturlig<\/strong> &#8211; uten tilsetningsstoffer eller salt<\/p>\n<\/li>\n<\/ul>\n<p data-start=\"1069\" data-end=\"1282\">Fyll materen med hakkede pean\u00f8tter og gled deg over at flere fuglearter bes\u00f8ker hagen din. Et must for deg som \u00f8nsker \u00e5 st\u00f8tte fuglelivet og hjelpe v\u00e5re bevingede venner gjennom alle \u00e5rstider. <\/p>\n","protected":false},"excerpt":{"rendered":"<p>Hakkede pean\u00f8tter av topp kvalitet for fugler, perfekt for alle typer fugler. Pakket i poser p\u00e5 10 kg. Pean\u00f8ttene er hakket for \u00e5 gj\u00f8re det lettere for mindre fugler \u00e5 spise pean\u00f8ttene. Hvis du vil ha hele pean\u00f8tter, sjekk ut v\u00e5re <a href=\"https:\/\/pippifoder.se\/no\/peanotter\/\">pean\u00f8tter<\/a>!   <\/p>\n","protected":false},"featured_media":26313,"comment_status":"closed","ping_status":"closed","template":"","meta":{"_acf_changed":false},"product_brand":[],"product_cat":[139,256,125,124],"product_tag":[],"class_list":{"0":"post-26308","1":"product","2":"type-product","3":"status-publish","4":"has-post-thumbnail","6":"product_cat-peanotter","7":"product_cat-blancherte-peanotter","8":"product_cat-fro-og-mat-til-ville-fugler","9":"product_cat-fuglemat","10":"product_shipping_class-sverige-no","12":"first","13":"instock","14":"taxable","15":"shipping-taxable","16":"purchasable","17":"product-type-simple"},"bundled_by":[],"bundle_stock_status":"instock","bundle_stock_quantity":253,"bundle_virtual":false,"bundle_layout":"","bundle_add_to_cart_form_location":"","bundle_editable_in_cart":false,"bundle_sold_individually_context":"","bundle_item_grouping":"","bundle_min_size":"","bundle_max_size":"","bundle_price":[],"bundled_items":[],"bundle_sell_ids":[],"acf":[],"_links":{"self":[{"href":"https:\/\/pippifoder.se\/no\/wp-json\/wp\/v2\/product\/26308","targetHints":{"allow":["GET"]}}],"collection":[{"href":"https:\/\/pippifoder.se\/no\/wp-json\/wp\/v2\/product"}],"about":[{"href":"https:\/\/pippifoder.se\/no\/wp-json\/wp\/v2\/types\/product"}],"replies":[{"embeddable":true,"href":"https:\/\/pippifoder.se\/no\/wp-json\/wp\/v2\/comments?post=26308"}],"wp:featuredmedia":[{"embeddable":true,"href":"https:\/\/pippifoder.se\/no\/wp-json\/wp\/v2\/media\/26313"}],"wp:attachment":[{"href":"https:\/\/pippifoder.se\/no\/wp-json\/wp\/v2\/media?parent=26308"}],"wp:term":[{"taxonomy":"product_brand","embeddable":true,"href":"https:\/\/pippifoder.se\/no\/wp-json\/wp\/v2\/product_brand?post=26308"},{"taxonomy":"product_cat","embeddable":true,"href":"https:\/\/pippifoder.se\/no\/wp-json\/wp\/v2\/product_cat?post=26308"},{"taxonomy":"product_tag","embeddable":true,"href":"https:\/\/pippifoder.se\/no\/wp-json\/wp\/v2\/product_tag?post=26308"}],"curies":[{"name":"wp","href":"https:\/\/api.w.org\/{rel}","templated":true}]}}