{"id":23049,"date":"2025-03-03T19:11:50","date_gmt":"2025-03-03T19:11:50","guid":{"rendered":"https:\/\/pippifoder.se\/ukategorisert\/foringsautomat-16-kg-for-honer-gronn-plast\/"},"modified":"2025-03-03T19:11:50","modified_gmt":"2025-03-03T19:11:50","slug":"foringsautomat-16-kg-for-honer-gronn-plast","status":"publish","type":"product","link":"https:\/\/pippifoder.se\/no\/produkt\/kylling\/mater-forkar\/foringsautomat-16-kg-for-honer-gronn-plast\/","title":{"rendered":"F\u00f4ringsautomat 16 kg for h\u00f8ner, gr\u00f8nn plast"},"content":{"rendered":"","protected":false},"excerpt":{"rendered":"<p>Enkel, lett \u00e5 vedlikeholde og praktisk f\u00f4ringsautomat for h\u00f8ns. F\u00f4rautomaten er gr\u00f8nn, rommer 16 kilo f\u00f4r og kan henges opp eller plasseres p\u00e5 bakken. <\/p>\n","protected":false},"featured_media":22920,"comment_status":"open","ping_status":"closed","template":"","meta":{"_acf_changed":false},"product_brand":[],"product_cat":[336],"product_tag":[],"class_list":{"0":"post-23049","1":"product","2":"type-product","3":"status-publish","4":"has-post-thumbnail","6":"product_cat-mater-forkar","8":"first","9":"instock","10":"taxable","11":"shipping-taxable","12":"purchasable","13":"product-type-simple"},"bundled_by":[],"bundle_stock_status":"instock","bundle_stock_quantity":9,"bundle_virtual":false,"bundle_layout":"","bundle_add_to_cart_form_location":"","bundle_editable_in_cart":false,"bundle_sold_individually_context":"","bundle_item_grouping":"","bundle_min_size":"","bundle_max_size":"","bundle_price":[],"bundled_items":[],"bundle_sell_ids":[],"acf":[],"_links":{"self":[{"href":"https:\/\/pippifoder.se\/no\/wp-json\/wp\/v2\/product\/23049","targetHints":{"allow":["GET"]}}],"collection":[{"href":"https:\/\/pippifoder.se\/no\/wp-json\/wp\/v2\/product"}],"about":[{"href":"https:\/\/pippifoder.se\/no\/wp-json\/wp\/v2\/types\/product"}],"replies":[{"embeddable":true,"href":"https:\/\/pippifoder.se\/no\/wp-json\/wp\/v2\/comments?post=23049"}],"wp:featuredmedia":[{"embeddable":true,"href":"https:\/\/pippifoder.se\/no\/wp-json\/wp\/v2\/media\/22920"}],"wp:attachment":[{"href":"https:\/\/pippifoder.se\/no\/wp-json\/wp\/v2\/media?parent=23049"}],"wp:term":[{"taxonomy":"product_brand","embeddable":true,"href":"https:\/\/pippifoder.se\/no\/wp-json\/wp\/v2\/product_brand?post=23049"},{"taxonomy":"product_cat","embeddable":true,"href":"https:\/\/pippifoder.se\/no\/wp-json\/wp\/v2\/product_cat?post=23049"},{"taxonomy":"product_tag","embeddable":true,"href":"https:\/\/pippifoder.se\/no\/wp-json\/wp\/v2\/product_tag?post=23049"}],"curies":[{"name":"wp","href":"https:\/\/api.w.org\/{rel}","templated":true}]}}