{"id":23029,"date":"2025-03-03T18:55:10","date_gmt":"2025-03-03T18:55:10","guid":{"rendered":"https:\/\/pippifoder.se\/ukategorisert\/vanndispenser-30-liter-med-ben\/"},"modified":"2026-04-10T14:30:20","modified_gmt":"2026-04-10T14:30:20","slug":"vanndispenser-30-liter-med-ben","status":"publish","type":"product","link":"https:\/\/pippifoder.se\/no\/produkt\/kylling\/vanndispenser\/vanndispenser-30-liter-med-ben\/","title":{"rendered":"Vanndispenser 30 liter med ben"},"content":{"rendered":"<p>Vanndispenseren er laget av slitesterk plast, har lang levetid og er enkel \u00e5 bruke. Takket v\u00e6re st\u00f8ttebeina holder drikkevannet seg friskt lenger, og det er ingen risiko for vannforurensning fra sprut, sprut og riper. <\/p>\n<p>Vanndispenseren fylles ovenfra og fungerer uten vakuum, noe som gj\u00f8r den enklere \u00e5 bruke. Drikkesk\u00e5len er hevet for \u00e5 hindre at vannet blir forurenset. Heverten, vannr\u00f8ret, s\u00f8rger for en konstant tilf\u00f8rsel av rent drikkevann og er derfor egnet for st\u00f8rre grupper med fj\u00f8rfe.  <\/p>\n<p>Vannbeholderen er kuppelformet for \u00e5 forhindre at kyllingene setter seg ned p\u00e5 den og forurenser vannet ovenfra. Den gjennomsiktige vanntanken gj\u00f8r det mulig \u00e5 se vanniv\u00e5et utenfra til enhver tid. Den innebygde flott\u00f8rventilen regulerer vanniv\u00e5et i drikkesk\u00e5len og s\u00f8rger for konstant vanntilf\u00f8rsel.  <\/p>\n<p>Vannkoppen er enkel \u00e5 rengj\u00f8re, ettersom lokket enkelt kan tas av. Vannkoppen er tippesikker takket v\u00e6re de tre solide bena, og er egnet for h\u00f8ner, kyllinger og annet fj\u00e6rfe. Den er produsert i Europa og er et p\u00e5litelig og praktisk valg for \u00e5 gi dyrene dine tilgang til vann.   <\/p>\n","protected":false},"excerpt":{"rendered":"<p>Bl\u00e5 vanndispenser i plast, 30 liter, med 3 ben. Enkel \u00e5 fylle p\u00e5 ovenfra. <\/p>\n","protected":false},"featured_media":22904,"comment_status":"open","ping_status":"closed","template":"","meta":{"_acf_changed":false},"product_brand":[],"product_cat":[339],"product_tag":[],"class_list":{"0":"post-23029","1":"product","2":"type-product","3":"status-publish","4":"has-post-thumbnail","6":"product_cat-vanndispenser","8":"first","9":"instock","10":"taxable","11":"shipping-taxable","12":"purchasable","13":"product-type-simple"},"bundled_by":[],"bundle_stock_status":"instock","bundle_stock_quantity":13,"bundle_virtual":false,"bundle_layout":"","bundle_add_to_cart_form_location":"","bundle_editable_in_cart":false,"bundle_sold_individually_context":"","bundle_item_grouping":"","bundle_min_size":"","bundle_max_size":"","bundle_price":[],"bundled_items":[],"bundle_sell_ids":[],"acf":[],"_links":{"self":[{"href":"https:\/\/pippifoder.se\/no\/wp-json\/wp\/v2\/product\/23029","targetHints":{"allow":["GET"]}}],"collection":[{"href":"https:\/\/pippifoder.se\/no\/wp-json\/wp\/v2\/product"}],"about":[{"href":"https:\/\/pippifoder.se\/no\/wp-json\/wp\/v2\/types\/product"}],"replies":[{"embeddable":true,"href":"https:\/\/pippifoder.se\/no\/wp-json\/wp\/v2\/comments?post=23029"}],"wp:featuredmedia":[{"embeddable":true,"href":"https:\/\/pippifoder.se\/no\/wp-json\/wp\/v2\/media\/22904"}],"wp:attachment":[{"href":"https:\/\/pippifoder.se\/no\/wp-json\/wp\/v2\/media?parent=23029"}],"wp:term":[{"taxonomy":"product_brand","embeddable":true,"href":"https:\/\/pippifoder.se\/no\/wp-json\/wp\/v2\/product_brand?post=23029"},{"taxonomy":"product_cat","embeddable":true,"href":"https:\/\/pippifoder.se\/no\/wp-json\/wp\/v2\/product_cat?post=23029"},{"taxonomy":"product_tag","embeddable":true,"href":"https:\/\/pippifoder.se\/no\/wp-json\/wp\/v2\/product_tag?post=23029"}],"curies":[{"name":"wp","href":"https:\/\/api.w.org\/{rel}","templated":true}]}}