{"id":23020,"date":"2025-03-03T18:50:07","date_gmt":"2025-03-03T18:50:07","guid":{"rendered":"https:\/\/pippifoder.se\/ukategorisert\/vanndispenser-10-liter-med-ben\/"},"modified":"2026-04-24T16:25:22","modified_gmt":"2026-04-24T14:25:22","slug":"vanndispenser-10-liter-med-ben","status":"publish","type":"product","link":"https:\/\/pippifoder.se\/no\/produkt\/kylling\/vanndispenser\/vanndispenser-10-liter-med-ben\/","title":{"rendered":"Vanndispenser 10 liter med ben"},"content":{"rendered":"","protected":false},"excerpt":{"rendered":"<p>10-liters vanndispenser i r\u00f8d plast med 3 ben. Tappene p\u00e5 toppen av beholderen gj\u00f8r at den st\u00e5r st\u00f8dig n\u00e5r den skal fylles eller rengj\u00f8res. H\u00e5ndtak p\u00e5 vanndispenseren for \u00e5 holde eller henge den opp.  <\/p>\n","protected":false},"featured_media":22899,"comment_status":"open","ping_status":"closed","template":"","meta":{"_acf_changed":false},"product_brand":[],"product_cat":[339],"product_tag":[],"class_list":{"0":"post-23020","1":"product","2":"type-product","3":"status-publish","4":"has-post-thumbnail","6":"product_cat-vanndispenser","8":"first","9":"instock","10":"taxable","11":"shipping-taxable","12":"purchasable","13":"product-type-simple"},"bundled_by":[],"bundle_stock_status":"instock","bundle_stock_quantity":21,"bundle_virtual":false,"bundle_layout":"","bundle_add_to_cart_form_location":"","bundle_editable_in_cart":false,"bundle_sold_individually_context":"","bundle_item_grouping":"","bundle_min_size":"","bundle_max_size":"","bundle_price":[],"bundled_items":[],"bundle_sell_ids":[],"acf":[],"_links":{"self":[{"href":"https:\/\/pippifoder.se\/no\/wp-json\/wp\/v2\/product\/23020","targetHints":{"allow":["GET"]}}],"collection":[{"href":"https:\/\/pippifoder.se\/no\/wp-json\/wp\/v2\/product"}],"about":[{"href":"https:\/\/pippifoder.se\/no\/wp-json\/wp\/v2\/types\/product"}],"replies":[{"embeddable":true,"href":"https:\/\/pippifoder.se\/no\/wp-json\/wp\/v2\/comments?post=23020"}],"wp:featuredmedia":[{"embeddable":true,"href":"https:\/\/pippifoder.se\/no\/wp-json\/wp\/v2\/media\/22899"}],"wp:attachment":[{"href":"https:\/\/pippifoder.se\/no\/wp-json\/wp\/v2\/media?parent=23020"}],"wp:term":[{"taxonomy":"product_brand","embeddable":true,"href":"https:\/\/pippifoder.se\/no\/wp-json\/wp\/v2\/product_brand?post=23020"},{"taxonomy":"product_cat","embeddable":true,"href":"https:\/\/pippifoder.se\/no\/wp-json\/wp\/v2\/product_cat?post=23020"},{"taxonomy":"product_tag","embeddable":true,"href":"https:\/\/pippifoder.se\/no\/wp-json\/wp\/v2\/product_tag?post=23020"}],"curies":[{"name":"wp","href":"https:\/\/api.w.org\/{rel}","templated":true}]}}