{"id":23015,"date":"2025-03-03T19:15:19","date_gmt":"2025-03-03T19:15:19","guid":{"rendered":"https:\/\/pippifoder.se\/ukategorisert\/foringsautomat-30-liter-for-honer-sifon-plast-rod\/"},"modified":"2026-04-19T08:43:45","modified_gmt":"2026-04-19T06:43:45","slug":"foringsautomat-30-liter-for-honer-sifon-plast-rod","status":"publish","type":"product","link":"https:\/\/pippifoder.se\/no\/produkt\/kylling\/mater-forkar\/foringsautomat-30-liter-for-honer-sifon-plast-rod\/","title":{"rendered":"F\u00f4ringsautomat 30 liter for h\u00f8ner, sifon, plast r\u00f8d"},"content":{"rendered":"<p>Den benmonterte f\u00f4ringsautomaten er et optimalt valg for st\u00f8rre grupper av h\u00f8ner og fj\u00f8rfe. En spesiell fordel er at automaten kan fylles ovenfra. Sifonen, r\u00f8ret, s\u00f8rger for konstant f\u00f4rtilf\u00f8rsel, og beholderens kuppelform forhindrer at h\u00f8nene forurenser f\u00f4ret ovenfra.  <\/p>\n<p>F\u00f4ringsautomaten er enkel \u00e5 bruke, og den lett opph\u00f8yde f\u00f4rsk\u00e5len beskytter mot tilsmussing. Den opph\u00f8yde posisjonen reduserer risikoen for at s\u00f8ppel kommer inn ved \u00e5 skrape, samtidig som den gir en behagelig f\u00f4ringsh\u00f8yde for dyrene. F\u00f4ringsautomaten er produsert i Europa og er en p\u00e5litelig og praktisk l\u00f8sning for f\u00f4ring av fj\u00f8rfe og h\u00f8ner.  <\/p>\n","protected":false},"excerpt":{"rendered":"<p>Enkel, lettstelt og praktisk f\u00f4ringsautomat for h\u00f8ns. F\u00f4ringsautomaten er r\u00f8d, rommer 30 liter f\u00f4r og m\u00e5 st\u00e5 p\u00e5 bakken, ben til automaten er inkludert. Passende f\u00f4ringsh\u00f8yde og enkel \u00e5 bruke.  <\/p>\n","protected":false},"featured_media":22925,"comment_status":"open","ping_status":"closed","template":"","meta":{"_acf_changed":false},"product_brand":[],"product_cat":[336],"product_tag":[],"class_list":{"0":"post-23015","1":"product","2":"type-product","3":"status-publish","4":"has-post-thumbnail","6":"product_cat-mater-forkar","8":"first","9":"instock","10":"taxable","11":"shipping-taxable","12":"purchasable","13":"product-type-simple"},"bundled_by":[],"bundle_stock_status":"instock","bundle_stock_quantity":4,"bundle_virtual":false,"bundle_layout":"","bundle_add_to_cart_form_location":"","bundle_editable_in_cart":false,"bundle_sold_individually_context":"","bundle_item_grouping":"","bundle_min_size":"","bundle_max_size":"","bundle_price":[],"bundled_items":[],"bundle_sell_ids":[],"acf":[],"_links":{"self":[{"href":"https:\/\/pippifoder.se\/no\/wp-json\/wp\/v2\/product\/23015","targetHints":{"allow":["GET"]}}],"collection":[{"href":"https:\/\/pippifoder.se\/no\/wp-json\/wp\/v2\/product"}],"about":[{"href":"https:\/\/pippifoder.se\/no\/wp-json\/wp\/v2\/types\/product"}],"replies":[{"embeddable":true,"href":"https:\/\/pippifoder.se\/no\/wp-json\/wp\/v2\/comments?post=23015"}],"wp:featuredmedia":[{"embeddable":true,"href":"https:\/\/pippifoder.se\/no\/wp-json\/wp\/v2\/media\/22925"}],"wp:attachment":[{"href":"https:\/\/pippifoder.se\/no\/wp-json\/wp\/v2\/media?parent=23015"}],"wp:term":[{"taxonomy":"product_brand","embeddable":true,"href":"https:\/\/pippifoder.se\/no\/wp-json\/wp\/v2\/product_brand?post=23015"},{"taxonomy":"product_cat","embeddable":true,"href":"https:\/\/pippifoder.se\/no\/wp-json\/wp\/v2\/product_cat?post=23015"},{"taxonomy":"product_tag","embeddable":true,"href":"https:\/\/pippifoder.se\/no\/wp-json\/wp\/v2\/product_tag?post=23015"}],"curies":[{"name":"wp","href":"https:\/\/api.w.org\/{rel}","templated":true}]}}