{"id":23013,"date":"2025-03-04T09:02:21","date_gmt":"2025-03-04T09:02:21","guid":{"rendered":"https:\/\/pippifoder.se\/ukategorisert\/metallvarmer-e27-o210mm\/"},"modified":"2026-01-31T08:45:00","modified_gmt":"2026-01-31T08:45:00","slug":"metallvarmer-e27-o210mm","status":"publish","type":"product","link":"https:\/\/pippifoder.se\/no\/produkt\/kylling\/metallvarmer-e27-o210mm\/","title":{"rendered":"Metallvarmer E27 \u00d8210mm"},"content":{"rendered":"<p>Forsiktig! Varmelamper og varmetak skal monteres slik at st\u00f8pselet trekkes ut og spenningen kuttes hvis de faller ned. Stikkontakter skal derfor monteres nedovervendt over stedet der lampen eller varmetaket henges opp. De skal monteres minst 50 cm fra brennbart materiale, med mindre produsenten angir en st\u00f8rre avstand.   <\/p>\n<p>Varmesenger i dyrehus, dvs. varmematter og lignende, b\u00f8r kobles til via en beskyttelsestransformator. Tilkoblingsledningen n\u00e6rmest varmesengen b\u00f8r beskyttes mekanisk med f.eks. OMG-r\u00f8r eller lignende. <\/p>\n<p>Infrar\u00f8de varmeovner og solsenger, for eksempel i hestestaller, m\u00e5 oppfylle kravene til kapsling for rommet, IP44, og v\u00e6re utstyrt med tidsur, maks. 30 minutter. Omr\u00e5det m\u00e5 holdes rent og ryddig, og st\u00f8vspredning m\u00e5 begrenses. <\/p>\n","protected":false},"excerpt":{"rendered":"<p>Varmestr\u00e5lingslampe med beskyttelsesgitter. Leveres med opphengsanordning, krok, elektrisk kabel og st\u00f8psel. Suppleres med en <a href=\"https:\/\/pippifoder.se\/produkt\/hons\/varmelampa-e27-infrarod-150w\/\">varmelampe<\/a>.  <\/p>\n","protected":false},"featured_media":22951,"comment_status":"open","ping_status":"closed","template":"","meta":{"_acf_changed":false},"product_brand":[],"product_cat":[333],"product_tag":[],"class_list":{"0":"post-23013","1":"product","2":"type-product","3":"status-publish","4":"has-post-thumbnail","6":"product_cat-kylling","8":"first","9":"instock","10":"taxable","11":"shipping-taxable","12":"purchasable","13":"product-type-simple"},"bundled_by":[],"bundle_stock_status":"instock","bundle_stock_quantity":37,"bundle_virtual":false,"bundle_layout":"","bundle_add_to_cart_form_location":"","bundle_editable_in_cart":false,"bundle_sold_individually_context":"","bundle_item_grouping":"","bundle_min_size":"","bundle_max_size":"","bundle_price":[],"bundled_items":[],"bundle_sell_ids":[],"acf":[],"_links":{"self":[{"href":"https:\/\/pippifoder.se\/no\/wp-json\/wp\/v2\/product\/23013","targetHints":{"allow":["GET"]}}],"collection":[{"href":"https:\/\/pippifoder.se\/no\/wp-json\/wp\/v2\/product"}],"about":[{"href":"https:\/\/pippifoder.se\/no\/wp-json\/wp\/v2\/types\/product"}],"replies":[{"embeddable":true,"href":"https:\/\/pippifoder.se\/no\/wp-json\/wp\/v2\/comments?post=23013"}],"wp:featuredmedia":[{"embeddable":true,"href":"https:\/\/pippifoder.se\/no\/wp-json\/wp\/v2\/media\/22951"}],"wp:attachment":[{"href":"https:\/\/pippifoder.se\/no\/wp-json\/wp\/v2\/media?parent=23013"}],"wp:term":[{"taxonomy":"product_brand","embeddable":true,"href":"https:\/\/pippifoder.se\/no\/wp-json\/wp\/v2\/product_brand?post=23013"},{"taxonomy":"product_cat","embeddable":true,"href":"https:\/\/pippifoder.se\/no\/wp-json\/wp\/v2\/product_cat?post=23013"},{"taxonomy":"product_tag","embeddable":true,"href":"https:\/\/pippifoder.se\/no\/wp-json\/wp\/v2\/product_tag?post=23013"}],"curies":[{"name":"wp","href":"https:\/\/api.w.org\/{rel}","templated":true}]}}