{"id":23005,"date":"2025-03-04T08:58:22","date_gmt":"2025-03-04T08:58:22","guid":{"rendered":"https:\/\/pippifoder.se\/ukategorisert\/foringstrag-for-honer-og-kyllinger-galvanisert-50x10cm\/"},"modified":"2026-04-15T12:58:28","modified_gmt":"2026-04-15T10:58:28","slug":"foringstrag-for-honer-og-kyllinger-galvanisert-50x10cm","status":"publish","type":"product","link":"https:\/\/pippifoder.se\/no\/produkt\/kylling\/mater-forkar\/foringstrag-for-honer-og-kyllinger-galvanisert-50x10cm\/","title":{"rendered":"F\u00f4ringstr\u00e5g for h\u00f8ner og kyllinger Galvanisert 50x10cm"},"content":{"rendered":"","protected":false},"excerpt":{"rendered":"<p>Galvanisert f\u00f4ringstr\u00e5g med avtakbart rist som er lett \u00e5 rengj\u00f8re. Praktisk og lett \u00e5 vedlikeholde i st\u00f8rrelsen 50&#215;10 cm. Kan plasseres inne eller under tak. Ekstra tett mellom ristene for \u00e5 passe til kyllinger.   <\/p>\n","protected":false},"featured_media":22945,"comment_status":"open","ping_status":"closed","template":"","meta":{"_acf_changed":false},"product_brand":[],"product_cat":[336],"product_tag":[],"class_list":{"0":"post-23005","1":"product","2":"type-product","3":"status-publish","4":"has-post-thumbnail","6":"product_cat-mater-forkar","8":"first","9":"instock","10":"taxable","11":"shipping-taxable","12":"purchasable","13":"product-type-simple"},"bundled_by":[],"bundle_stock_status":"instock","bundle_stock_quantity":29,"bundle_virtual":false,"bundle_layout":"","bundle_add_to_cart_form_location":"","bundle_editable_in_cart":false,"bundle_sold_individually_context":"","bundle_item_grouping":"","bundle_min_size":"","bundle_max_size":"","bundle_price":[],"bundled_items":[],"bundle_sell_ids":[],"acf":[],"_links":{"self":[{"href":"https:\/\/pippifoder.se\/no\/wp-json\/wp\/v2\/product\/23005","targetHints":{"allow":["GET"]}}],"collection":[{"href":"https:\/\/pippifoder.se\/no\/wp-json\/wp\/v2\/product"}],"about":[{"href":"https:\/\/pippifoder.se\/no\/wp-json\/wp\/v2\/types\/product"}],"replies":[{"embeddable":true,"href":"https:\/\/pippifoder.se\/no\/wp-json\/wp\/v2\/comments?post=23005"}],"wp:featuredmedia":[{"embeddable":true,"href":"https:\/\/pippifoder.se\/no\/wp-json\/wp\/v2\/media\/22945"}],"wp:attachment":[{"href":"https:\/\/pippifoder.se\/no\/wp-json\/wp\/v2\/media?parent=23005"}],"wp:term":[{"taxonomy":"product_brand","embeddable":true,"href":"https:\/\/pippifoder.se\/no\/wp-json\/wp\/v2\/product_brand?post=23005"},{"taxonomy":"product_cat","embeddable":true,"href":"https:\/\/pippifoder.se\/no\/wp-json\/wp\/v2\/product_cat?post=23005"},{"taxonomy":"product_tag","embeddable":true,"href":"https:\/\/pippifoder.se\/no\/wp-json\/wp\/v2\/product_tag?post=23005"}],"curies":[{"name":"wp","href":"https:\/\/api.w.org\/{rel}","templated":true}]}}