{"id":22560,"date":"2025-02-02T19:16:23","date_gmt":"2025-02-02T19:16:23","guid":{"rendered":"https:\/\/pippifoder.se\/ukategorisert\/blomstra-tomatnaering-750-ml\/"},"modified":"2026-01-22T21:14:42","modified_gmt":"2026-01-22T21:14:42","slug":"blomstra-tomatnaering-750-ml","status":"publish","type":"product","link":"https:\/\/pippifoder.se\/no\/produkt\/hage\/planteernaering-no\/blomstra-tomatnaering-750-ml\/","title":{"rendered":"Blomstra Tomatn\u00e6ring 750 ml"},"content":{"rendered":"","protected":false},"excerpt":{"rendered":"<p>Blomstra tomatn\u00e6ring er et avansert planten\u00e6ringsprodukt basert p\u00e5 prisbel\u00f8nt forskning fra Sveriges lantbruksuniversitet.<\/p>\n<p>Dette spesialutviklede n\u00e6ringsstoffet inneholder alle essensielle n\u00e6ringsstoffer i perfekt balanse, noe som sikrer optimal vekst og redusert milj\u00f8p\u00e5virkning. Ved \u00e5 vanne med Blomstra tomatn\u00e6ring f\u00e5r tomatplantene dine riktig n\u00e6ring i alle utviklingsstadier &#8211; fra spiring til innh\u00f8sting &#8211; noe som resulterer i sterke planter, rikelig avling og ekstra smakfulle tomater. <\/p>\n<ul>\n<li><strong>Bruk:<\/strong> Tilsett ved hver vanning for best resultat<\/li>\n<li><strong>Dosering:<\/strong> 2 ml per liter vann<\/li>\n<li><strong>Innhold:<\/strong> 750 ml er nok til 375 liter vanningsvann<\/li>\n<li><strong>Fordeler:<\/strong><br \/>\n\u2705 Optimalisert n\u00e6ringssammensetning for tomater<br \/>\n\u2705 Hette med innebygd doseringsm\u00e5l<br \/>\n\u2705 T\u00f8rr og effektiv<\/li>\n<\/ul>\n<p>Gi tomatplantene dine de beste forutsetningene for en rik og smakfull h\u00f8st med Blomstra! \ud83c\udf45\u2728 <\/p>\n","protected":false},"featured_media":20502,"comment_status":"open","ping_status":"closed","template":"","meta":{"_acf_changed":false},"product_brand":[],"product_cat":[310],"product_tag":[],"class_list":{"0":"post-22560","1":"product","2":"type-product","3":"status-publish","4":"has-post-thumbnail","6":"product_cat-planteernaering-no","8":"first","9":"instock","10":"taxable","11":"shipping-taxable","12":"purchasable","13":"product-type-simple"},"bundled_by":[],"bundle_stock_status":"instock","bundle_stock_quantity":26,"bundle_virtual":false,"bundle_layout":"","bundle_add_to_cart_form_location":"","bundle_editable_in_cart":false,"bundle_sold_individually_context":"","bundle_item_grouping":"","bundle_min_size":"","bundle_max_size":"","bundle_price":[],"bundled_items":[],"bundle_sell_ids":[],"acf":[],"_links":{"self":[{"href":"https:\/\/pippifoder.se\/no\/wp-json\/wp\/v2\/product\/22560","targetHints":{"allow":["GET"]}}],"collection":[{"href":"https:\/\/pippifoder.se\/no\/wp-json\/wp\/v2\/product"}],"about":[{"href":"https:\/\/pippifoder.se\/no\/wp-json\/wp\/v2\/types\/product"}],"replies":[{"embeddable":true,"href":"https:\/\/pippifoder.se\/no\/wp-json\/wp\/v2\/comments?post=22560"}],"wp:featuredmedia":[{"embeddable":true,"href":"https:\/\/pippifoder.se\/no\/wp-json\/wp\/v2\/media\/20502"}],"wp:attachment":[{"href":"https:\/\/pippifoder.se\/no\/wp-json\/wp\/v2\/media?parent=22560"}],"wp:term":[{"taxonomy":"product_brand","embeddable":true,"href":"https:\/\/pippifoder.se\/no\/wp-json\/wp\/v2\/product_brand?post=22560"},{"taxonomy":"product_cat","embeddable":true,"href":"https:\/\/pippifoder.se\/no\/wp-json\/wp\/v2\/product_cat?post=22560"},{"taxonomy":"product_tag","embeddable":true,"href":"https:\/\/pippifoder.se\/no\/wp-json\/wp\/v2\/product_tag?post=22560"}],"curies":[{"name":"wp","href":"https:\/\/api.w.org\/{rel}","templated":true}]}}