{"id":22542,"date":"2025-02-13T12:43:47","date_gmt":"2025-02-13T12:43:47","guid":{"rendered":"https:\/\/pippifoder.se\/ukategorisert\/fynd-20-kg-okologiske-solsikkefro-med-skall-i-en-tonne\/"},"modified":"2026-03-04T13:40:50","modified_gmt":"2026-03-04T13:40:50","slug":"fynd-20-kg-okologiske-solsikkefro-med-skall-i-en-tonne","status":"publish","type":"product","link":"https:\/\/pippifoder.se\/no\/produkt\/tilbudshjorne\/fynd-20-kg-okologiske-solsikkefro-med-skall-i-en-tonne\/","title":{"rendered":"FYND &#8211; 20 kg \u00f8kologiske solsikkefr\u00f8 med skall i en t\u00f8nne"},"content":{"rendered":"","protected":false},"excerpt":{"rendered":"<p>Ca. 20 kg \u00f8kologiske avskallede solsikkefr\u00f8 i en gr\u00f8nn f\u00f4rt\u00f8nne. OBS, ingen sekk i t\u00f8nnen, fr\u00f8ene er fra \u00f8delagte sekker som vi helte i en f\u00f4rt\u00f8nne. Ikke noe galt med f\u00f4ret, men vi kan ikke selge det n\u00e5r posen er \u00f8delagt.  <\/p>\n","protected":false},"featured_media":27737,"comment_status":"open","ping_status":"closed","template":"","meta":{"_acf_changed":false},"product_brand":[],"product_cat":[293,50,133,124,141,140],"product_tag":[],"class_list":{"0":"post-22542","1":"product","2":"type-product","3":"status-publish","4":"has-post-thumbnail","6":"product_cat-tilbudshjorne","7":"product_cat-fagelfron-fagelmat-pa-rea","8":"product_cat-fuglefro-og-fuglemat-pa-salg","9":"product_cat-fuglemat","10":"product_cat-solsikkefro-no","11":"product_cat-solsikkefro-til-fugler","12":"product_group-25kg-sack","14":"first","15":"outofstock","16":"sale","17":"taxable","18":"shipping-taxable","19":"purchasable","20":"product-type-simple"},"bundled_by":[],"bundle_stock_status":"outofstock","bundle_stock_quantity":0,"bundle_virtual":false,"bundle_layout":"","bundle_add_to_cart_form_location":"","bundle_editable_in_cart":false,"bundle_sold_individually_context":"","bundle_item_grouping":"","bundle_min_size":"","bundle_max_size":"","bundle_price":[],"bundled_items":[],"bundle_sell_ids":[],"acf":[],"_links":{"self":[{"href":"https:\/\/pippifoder.se\/no\/wp-json\/wp\/v2\/product\/22542","targetHints":{"allow":["GET"]}}],"collection":[{"href":"https:\/\/pippifoder.se\/no\/wp-json\/wp\/v2\/product"}],"about":[{"href":"https:\/\/pippifoder.se\/no\/wp-json\/wp\/v2\/types\/product"}],"replies":[{"embeddable":true,"href":"https:\/\/pippifoder.se\/no\/wp-json\/wp\/v2\/comments?post=22542"}],"wp:featuredmedia":[{"embeddable":true,"href":"https:\/\/pippifoder.se\/no\/wp-json\/wp\/v2\/media\/27737"}],"wp:attachment":[{"href":"https:\/\/pippifoder.se\/no\/wp-json\/wp\/v2\/media?parent=22542"}],"wp:term":[{"taxonomy":"product_brand","embeddable":true,"href":"https:\/\/pippifoder.se\/no\/wp-json\/wp\/v2\/product_brand?post=22542"},{"taxonomy":"product_cat","embeddable":true,"href":"https:\/\/pippifoder.se\/no\/wp-json\/wp\/v2\/product_cat?post=22542"},{"taxonomy":"product_tag","embeddable":true,"href":"https:\/\/pippifoder.se\/no\/wp-json\/wp\/v2\/product_tag?post=22542"}],"curies":[{"name":"wp","href":"https:\/\/api.w.org\/{rel}","templated":true}]}}