{"id":21816,"date":"2025-02-17T09:43:46","date_gmt":"2025-02-17T09:43:46","guid":{"rendered":"https:\/\/pippifoder.se\/?post_type=product&#038;p=21816"},"modified":"2026-04-29T12:33:40","modified_gmt":"2026-04-29T10:33:40","slug":"kyllingmusli-10-kg","status":"publish","type":"product","link":"https:\/\/pippifoder.se\/no\/produkt\/kylling\/for-og-mat-til-kyllinger\/kyllingmusli-10-kg\/","title":{"rendered":"Kyllingm\u00fcsli 10 kg"},"content":{"rendered":"","protected":false},"excerpt":{"rendered":"<p>10 kg kyllingm\u00fcsli, produsert i Sverige. Kyllingm\u00fcsli er et tilskuddsf\u00f4r til kyllinger i alderen 0-10 uker. Beriket med h\u00f8yt proteininnhold av kun naturlige produkter. Kyllingm\u00fcsli inneholder: Knust bygg, knust <a href=\"https:\/\/pippifoder.se\/no\/produkt\/kylling\/for-og-mat-til-kyllinger\/maisknus-25-kg\/\">mais<\/a>, knuste erter, gul hirse, kanarifr\u00f8, <a href=\"https:\/\/pippifoder.se\/no\/produkt\/fuglemat\/fuglefro-no\/nakenhavre-25-kg\/\">naken havre<\/a>, vegetabilsk olje.   <\/p>\n","protected":false},"featured_media":23649,"comment_status":"closed","ping_status":"closed","template":"","meta":{"_acf_changed":false},"product_brand":[],"product_cat":[138,125,124],"product_tag":[],"class_list":{"0":"post-21816","1":"product","2":"type-product","3":"status-publish","4":"has-post-thumbnail","6":"product_cat-for-og-mat-til-kyllinger","7":"product_cat-fro-og-mat-til-ville-fugler","8":"product_cat-fuglemat","10":"first","11":"instock","12":"taxable","13":"shipping-taxable","14":"purchasable","15":"product-type-simple"},"bundled_by":[],"bundle_stock_status":"instock","bundle_stock_quantity":26,"bundle_virtual":false,"bundle_layout":"","bundle_add_to_cart_form_location":"","bundle_editable_in_cart":false,"bundle_sold_individually_context":"","bundle_item_grouping":"","bundle_min_size":"","bundle_max_size":"","bundle_price":[],"bundled_items":[],"bundle_sell_ids":[],"acf":[],"_links":{"self":[{"href":"https:\/\/pippifoder.se\/no\/wp-json\/wp\/v2\/product\/21816","targetHints":{"allow":["GET"]}}],"collection":[{"href":"https:\/\/pippifoder.se\/no\/wp-json\/wp\/v2\/product"}],"about":[{"href":"https:\/\/pippifoder.se\/no\/wp-json\/wp\/v2\/types\/product"}],"replies":[{"embeddable":true,"href":"https:\/\/pippifoder.se\/no\/wp-json\/wp\/v2\/comments?post=21816"}],"wp:featuredmedia":[{"embeddable":true,"href":"https:\/\/pippifoder.se\/no\/wp-json\/wp\/v2\/media\/23649"}],"wp:attachment":[{"href":"https:\/\/pippifoder.se\/no\/wp-json\/wp\/v2\/media?parent=21816"}],"wp:term":[{"taxonomy":"product_brand","embeddable":true,"href":"https:\/\/pippifoder.se\/no\/wp-json\/wp\/v2\/product_brand?post=21816"},{"taxonomy":"product_cat","embeddable":true,"href":"https:\/\/pippifoder.se\/no\/wp-json\/wp\/v2\/product_cat?post=21816"},{"taxonomy":"product_tag","embeddable":true,"href":"https:\/\/pippifoder.se\/no\/wp-json\/wp\/v2\/product_tag?post=21816"}],"curies":[{"name":"wp","href":"https:\/\/api.w.org\/{rel}","templated":true}]}}