{"id":21502,"date":"2025-02-13T06:34:40","date_gmt":"2025-02-13T06:34:40","guid":{"rendered":"https:\/\/pippifoder.se\/?post_type=product&#038;p=21502"},"modified":"2025-11-23T16:38:46","modified_gmt":"2025-11-23T16:38:46","slug":"maksimert-fuglematkasse-kopia","status":"publish","type":"product","link":"https:\/\/pippifoder.se\/no\/produkt\/fuglemat\/fro-og-mat-til-ville-fugler\/maksimert-fuglematkasse-kopia\/","title":{"rendered":"Maxed fuglematboks &#8211; 25 kg poser"},"content":{"rendered":"","protected":false},"excerpt":{"rendered":"<p>V\u00e5r maksutstyrte fuglematkasse er stappfull av v\u00e5r mest popul\u00e6re fuglemat: <strong>2 x 15 kg sekker med avskallede solsikkefr\u00f8, 1 x 10 kg sekk med pean\u00f8tter og 4 x b\u00f8tter med 50 talgballer (200 totalt).<\/strong> Alt er n\u00f8ye utvalgt for \u00e5 passe n\u00f8yaktig i to bokser og maksimere mengden fuglemat vi kan f\u00e5 tak i! Og til en rabattert pris, bra for lommeboken din, milj\u00f8et og fuglene!  <\/p>\n","protected":false},"featured_media":6495,"comment_status":"closed","ping_status":"closed","template":"","meta":{"_acf_changed":false},"product_brand":[],"product_cat":[50,125,133,124],"product_tag":[],"class_list":{"0":"post-21502","1":"product","2":"type-product","3":"status-publish","4":"has-post-thumbnail","6":"product_cat-fagelfron-fagelmat-pa-rea","7":"product_cat-fro-og-mat-til-ville-fugler","8":"product_cat-fuglefro-og-fuglemat-pa-salg","9":"product_cat-fuglemat","11":"first","12":"instock","13":"sale","14":"taxable","15":"shipping-taxable","16":"purchasable","17":"product-type-bundle"},"bundled_by":[],"bundle_stock_status":"instock","bundle_stock_quantity":"","bundle_virtual":false,"bundle_layout":"default","bundle_add_to_cart_form_location":"default","bundle_editable_in_cart":false,"bundle_sold_individually_context":"product","bundle_item_grouping":"parent","bundle_min_size":"","bundle_max_size":"","bundle_price":{"price":{"min":{"incl_tax":"2519","excl_tax":"2015.2"},"max":{"incl_tax":"2519","excl_tax":"2015.2"}},"regular_price":{"min":{"incl_tax":"2699","excl_tax":"2159.2"},"max":{"incl_tax":"2699","excl_tax":"2159.2"}}},"bundled_items":[{"bundled_item_id":48,"product_id":9265,"menu_order":1,"quantity_min":1,"quantity_max":1,"quantity_default":1,"priced_individually":false,"shipped_individually":false,"override_title":false,"title":"Avskallede solsikkefr\u00f8 25 kg","override_description":false,"description":"Avskallede solsikkefr\u00f8 25 kg","optional":false,"hide_thumbnail":false,"discount":"","override_variations":false,"allowed_variations":[""],"override_default_variation_attributes":false,"default_variation_attributes":[],"single_product_visibility":"visible","cart_visibility":"visible","order_visibility":"visible","single_product_price_visibility":"visible","cart_price_visibility":"visible","order_price_visibility":"visible","stock_status":"in_stock"},{"bundled_item_id":49,"product_id":9433,"menu_order":2,"quantity_min":1,"quantity_max":1,"quantity_default":1,"priced_individually":false,"shipped_individually":false,"override_title":false,"title":"Avskallede pean\u00f8tter til fugler 25 kg","override_description":false,"description":"Avskallede pean\u00f8tter til fugler 25 kg","optional":false,"hide_thumbnail":false,"discount":"","override_variations":false,"allowed_variations":[""],"override_default_variation_attributes":false,"default_variation_attributes":[],"single_product_visibility":"visible","cart_visibility":"visible","order_visibility":"visible","single_product_price_visibility":"visible","cart_price_visibility":"visible","order_price_visibility":"visible","stock_status":"in_stock"},{"bundled_item_id":177,"product_id":9277,"menu_order":2,"quantity_min":4,"quantity_max":4,"quantity_default":4,"priced_individually":false,"shipped_individually":false,"override_title":false,"title":"Talgkuler uten nett i b\u00f8tte (50 stk)","override_description":false,"description":"Talgkuler uten nett i b\u00f8tte (50 stk)","optional":false,"hide_thumbnail":false,"discount":"","override_variations":false,"allowed_variations":[""],"override_default_variation_attributes":false,"default_variation_attributes":[],"single_product_visibility":"visible","cart_visibility":"visible","order_visibility":"visible","single_product_price_visibility":"visible","cart_price_visibility":"visible","order_price_visibility":"visible","stock_status":"in_stock"}],"bundle_sell_ids":[],"acf":[],"_links":{"self":[{"href":"https:\/\/pippifoder.se\/no\/wp-json\/wp\/v2\/product\/21502","targetHints":{"allow":["GET"]}}],"collection":[{"href":"https:\/\/pippifoder.se\/no\/wp-json\/wp\/v2\/product"}],"about":[{"href":"https:\/\/pippifoder.se\/no\/wp-json\/wp\/v2\/types\/product"}],"replies":[{"embeddable":true,"href":"https:\/\/pippifoder.se\/no\/wp-json\/wp\/v2\/comments?post=21502"}],"wp:featuredmedia":[{"embeddable":true,"href":"https:\/\/pippifoder.se\/no\/wp-json\/wp\/v2\/media\/6495"}],"wp:attachment":[{"href":"https:\/\/pippifoder.se\/no\/wp-json\/wp\/v2\/media?parent=21502"}],"wp:term":[{"taxonomy":"product_brand","embeddable":true,"href":"https:\/\/pippifoder.se\/no\/wp-json\/wp\/v2\/product_brand?post=21502"},{"taxonomy":"product_cat","embeddable":true,"href":"https:\/\/pippifoder.se\/no\/wp-json\/wp\/v2\/product_cat?post=21502"},{"taxonomy":"product_tag","embeddable":true,"href":"https:\/\/pippifoder.se\/no\/wp-json\/wp\/v2\/product_tag?post=21502"}],"curies":[{"name":"wp","href":"https:\/\/api.w.org\/{rel}","templated":true}]}}