{"id":21077,"date":"2025-02-07T07:27:33","date_gmt":"2025-02-07T07:27:33","guid":{"rendered":"https:\/\/pippifoder.se\/?post_type=product&#038;p=21077"},"modified":"2026-05-16T17:58:19","modified_gmt":"2026-05-16T15:58:19","slug":"wildlife-garden-decobird-gul-spurv-kopia-kopia-2","status":"publish","type":"product","link":"https:\/\/pippifoder.se\/no\/produkt\/tilbehor-no\/woodbirds\/wildlife-garden-decobird-gul-spurv-kopia-kopia-2\/","title":{"rendered":"H\u00e5ndsk\u00e5ret fugl i halvtre &#8211; gr\u00f8nnfink"},"content":{"rendered":"<h2>H\u00e5ndsk\u00e5ret gul spurv i tre<\/h2>\n<p>DecoBird Yellow Sparrow er en naturtro trefugl som er sk\u00e5ret ut og malt for h\u00e5nd i milj\u00f8vennlige farger.<br \/>\nDen leveres i en gaveeske med vindu.<br \/>\nHver fugl leveres med et lite hefte med informasjon om arten.<br \/>\nDecoBird-sortimentet utvides stadig med nye arter.<br \/>\nMangler din favoritt?<br \/>\nTa kontakt med oss!     <\/p>\n<h3>Gulspurv p\u00e5 andre spr\u00e5k:<\/h3>\n<p>Vitenskapelig navn: Emberiza citrinella Engelsk: Yellowhammer Tysk: Goldammer Fransk: Bruant jaune Italiensk: Zigolo Giallo Nederlandsk: Geelgors Spansk: Escribano Cerillo<\/p>\n","protected":false},"excerpt":{"rendered":"<p>Denne vakre gr\u00f8nnfinken er halv og passer best p\u00e5 en vegg. Gr\u00f8nnfinken er laget av treskj\u00e6reren Thomas Anstrin fra Alings\u00e5s, som er en av Sveriges fremste treskj\u00e6rere av fugler. <\/p>\n","protected":false},"featured_media":21081,"comment_status":"open","ping_status":"closed","template":"","meta":{"_acf_changed":false},"product_brand":[],"product_cat":[305,160],"product_tag":[],"class_list":{"0":"post-21077","1":"product","2":"type-product","3":"status-publish","4":"has-post-thumbnail","6":"product_cat-woodbirds","7":"product_cat-tilbehor-no","8":"product_shipping_class-sverige-no","10":"first","11":"instock","12":"taxable","13":"shipping-taxable","14":"purchasable","15":"product-type-simple"},"bundled_by":[],"bundle_stock_status":"instock","bundle_stock_quantity":1,"bundle_virtual":false,"bundle_layout":"","bundle_add_to_cart_form_location":"","bundle_editable_in_cart":false,"bundle_sold_individually_context":"","bundle_item_grouping":"","bundle_min_size":"","bundle_max_size":"","bundle_price":[],"bundled_items":[],"bundle_sell_ids":[],"acf":[],"_links":{"self":[{"href":"https:\/\/pippifoder.se\/no\/wp-json\/wp\/v2\/product\/21077","targetHints":{"allow":["GET"]}}],"collection":[{"href":"https:\/\/pippifoder.se\/no\/wp-json\/wp\/v2\/product"}],"about":[{"href":"https:\/\/pippifoder.se\/no\/wp-json\/wp\/v2\/types\/product"}],"replies":[{"embeddable":true,"href":"https:\/\/pippifoder.se\/no\/wp-json\/wp\/v2\/comments?post=21077"}],"wp:featuredmedia":[{"embeddable":true,"href":"https:\/\/pippifoder.se\/no\/wp-json\/wp\/v2\/media\/21081"}],"wp:attachment":[{"href":"https:\/\/pippifoder.se\/no\/wp-json\/wp\/v2\/media?parent=21077"}],"wp:term":[{"taxonomy":"product_brand","embeddable":true,"href":"https:\/\/pippifoder.se\/no\/wp-json\/wp\/v2\/product_brand?post=21077"},{"taxonomy":"product_cat","embeddable":true,"href":"https:\/\/pippifoder.se\/no\/wp-json\/wp\/v2\/product_cat?post=21077"},{"taxonomy":"product_tag","embeddable":true,"href":"https:\/\/pippifoder.se\/no\/wp-json\/wp\/v2\/product_tag?post=21077"}],"curies":[{"name":"wp","href":"https:\/\/api.w.org\/{rel}","templated":true}]}}