{"id":20979,"date":"2025-02-06T08:21:05","date_gmt":"2025-02-06T08:21:05","guid":{"rendered":"https:\/\/pippifoder.se\/?post_type=product&#038;p=20979"},"modified":"2026-05-03T19:33:02","modified_gmt":"2026-05-03T17:33:02","slug":"fuglemating-alt-du-trenger-a-vite-kopia","status":"publish","type":"product","link":"https:\/\/pippifoder.se\/no\/produkt\/tilbehor-no\/boker\/fuglemating-alt-du-trenger-a-vite-kopia\/","title":{"rendered":"Fuglenes hage"},"content":{"rendered":"<h2><strong>Produktinformasjon: Hage med fugler<\/strong><\/h2>\n<p><strong>Produktinformasjon<\/strong><br \/>\n<strong>Forfattere: <\/strong>Niklas Aronsson, Eva Stenv\u00e5ng-Lindkvist<br \/>\n<strong>Redakt\u00f8r:<\/strong> Anders Wirdheim<br \/>\n<strong>ISBN:<\/strong> 9789188124524<br \/>\n<strong>Spr\u00e5k: <\/strong>Svensk<br \/>\n<strong>Vekt: <\/strong>700 gram<br \/>\n<strong>Publisert:<\/strong> 2013<br \/>\n<strong>Utgiver:<\/strong> SOF F\u00f6rlag<br \/>\n<strong>Antall sider:<\/strong> 200<\/p>\n","protected":false},"excerpt":{"rendered":"<p><strong>Fugler er en viktig del av hagemilj\u00f8et.<\/strong><\/p>\n<p>Om v\u00e5ren kan du nyte sangen deres, etter hvert f\u00f8lge hekkeatferden deres rundt reir og soveplasser, og om vinteren s\u00f8rger de for stor underholdning n\u00e5r de bes\u00f8ker fuglerestauranten. Fuglenes hage er en rikt illustrert guide og inspirasjonskilde for hageentusiaster som \u00f8nsker \u00e5 l\u00e6re mer om fuglene som frekventerer hagene v\u00e5re. Boken presenterer de vanligste artene og beskriver hvilke habitater de foretrekker, hva de spiser og hvordan de lever. Den beskriver i detalj hvordan du kan planlegge hagen din slik at fuglene trives, og gir tips om egnede planter. Det er mange ideer til vinterf\u00f4ring av fugler, og et kapittel om redekasser er ogs\u00e5 inkludert.    <\/p>\n","protected":false},"featured_media":20983,"comment_status":"open","ping_status":"closed","template":"","meta":{"_acf_changed":false},"product_brand":[],"product_cat":[302,50,133,572,160],"product_tag":[],"class_list":{"0":"post-20979","1":"product","2":"type-product","3":"status-publish","4":"has-post-thumbnail","6":"product_cat-boker","7":"product_cat-fagelfron-fagelmat-pa-rea","8":"product_cat-fuglefro-og-fuglemat-pa-salg","9":"product_cat-julegaveideer-til-fugleelskere-i-2025","10":"product_cat-tilbehor-no","11":"product_shipping_class-sverige-no","12":"product_group-lokar-2kg","14":"first","15":"instock","16":"sale","17":"taxable","18":"shipping-taxable","19":"purchasable","20":"product-type-simple"},"bundled_by":[],"bundle_stock_status":"instock","bundle_stock_quantity":16,"bundle_virtual":false,"bundle_layout":"","bundle_add_to_cart_form_location":"","bundle_editable_in_cart":false,"bundle_sold_individually_context":"","bundle_item_grouping":"","bundle_min_size":"","bundle_max_size":"","bundle_price":[],"bundled_items":[],"bundle_sell_ids":[],"acf":[],"_links":{"self":[{"href":"https:\/\/pippifoder.se\/no\/wp-json\/wp\/v2\/product\/20979","targetHints":{"allow":["GET"]}}],"collection":[{"href":"https:\/\/pippifoder.se\/no\/wp-json\/wp\/v2\/product"}],"about":[{"href":"https:\/\/pippifoder.se\/no\/wp-json\/wp\/v2\/types\/product"}],"replies":[{"embeddable":true,"href":"https:\/\/pippifoder.se\/no\/wp-json\/wp\/v2\/comments?post=20979"}],"wp:featuredmedia":[{"embeddable":true,"href":"https:\/\/pippifoder.se\/no\/wp-json\/wp\/v2\/media\/20983"}],"wp:attachment":[{"href":"https:\/\/pippifoder.se\/no\/wp-json\/wp\/v2\/media?parent=20979"}],"wp:term":[{"taxonomy":"product_brand","embeddable":true,"href":"https:\/\/pippifoder.se\/no\/wp-json\/wp\/v2\/product_brand?post=20979"},{"taxonomy":"product_cat","embeddable":true,"href":"https:\/\/pippifoder.se\/no\/wp-json\/wp\/v2\/product_cat?post=20979"},{"taxonomy":"product_tag","embeddable":true,"href":"https:\/\/pippifoder.se\/no\/wp-json\/wp\/v2\/product_tag?post=20979"}],"curies":[{"name":"wp","href":"https:\/\/api.w.org\/{rel}","templated":true}]}}