{"id":20096,"date":"2024-09-18T18:48:13","date_gmt":"2024-09-18T18:48:13","guid":{"rendered":"https:\/\/pippifoder.se\/ukategorisert\/honseforstro-pellets-25-kg-4\/"},"modified":"2024-09-18T18:48:13","modified_gmt":"2024-09-18T18:48:13","slug":"honseforstro-pellets-25-kg-4","status":"publish","type":"product","link":"https:\/\/pippifoder.se\/no\/produkt\/fagelmat\/honseforstro-pellets-25-kg-4\/","title":{"rendered":"H\u00f8nsef\u00f4rstr\u00f8 pellets 25 kg"},"content":{"rendered":"<p>Optimaliser h\u00f8nas helse med Pippifoders &laquo;Hen Food Laying Pellets&raquo;, et svenskprodusert og vegetabilsk fullf\u00f4r tilpasset verpeh\u00f8ner og annet fj\u00f8rfe. Dette fj\u00f8rfef\u00f4ret er perfekt for \u00e5 st\u00f8tte eggproduksjonen og s\u00f8rger for at fj\u00f8rfeet ditt f\u00e5r i seg alle n\u00f8dvendige n\u00e6ringsstoffer for optimal helse. Dette allsidige f\u00f4ret passer til en rekke ulike typer verpefj\u00e6rfe, som ender, gjess, fasaner og kalkuner. Anbefalt daglig inntak er mellom 100 og 350 g, avhengig av rase og alder, og b\u00f8r tilpasses individets behov og helsestatus. For \u00e5 forbedre skallkvaliteten anbefales det \u00e5 supplere med skjell som en ekstra kalsiumkilde. For \u00e5 holde fj\u00f8rfeet aktivt, gi dem mulighet til \u00e5 g\u00e5 ut eller tilgang til lucerne, noe som ogs\u00e5 forbedrer eggeplommen ytterligere. S\u00f8rg for \u00e5 gi dem fri tilgang til vann til enhver tid, og sjekk fuglenes allmenntilstand regelmessig for \u00e5 justere f\u00f4rinntaket. <\/p>\n","protected":false},"excerpt":{"rendered":"<p>Verpepellets 25 kg, produsert i Sverige. Kyllingpellets er et fullverdig f\u00f4r til h\u00f8ns. Kyllingpellets inneholder: Bygg, lusern, hvete, havre, hvetekli. F\u00f4ret er et svenskprodusert vegetabilsk fullf\u00f4r som dekker verpeh\u00f8nsenes grunnleggende behov for eggproduksjon.   <\/p>\n","protected":false},"featured_media":0,"comment_status":"closed","ping_status":"closed","template":"","meta":{"_acf_changed":false},"product_brand":[],"product_cat":[15],"product_tag":[],"class_list":{"0":"post-20096","1":"product","2":"type-product","3":"status-publish","5":"product_cat-fagelmat","7":"first","8":"instock","9":"taxable","10":"shipping-taxable","11":"product-type-simple"},"bundled_by":[],"bundle_stock_status":"instock","bundle_stock_quantity":null,"bundle_virtual":false,"bundle_layout":"","bundle_add_to_cart_form_location":"","bundle_editable_in_cart":false,"bundle_sold_individually_context":"","bundle_item_grouping":"","bundle_min_size":"","bundle_max_size":"","bundle_price":[],"bundled_items":[],"bundle_sell_ids":[],"acf":[],"_links":{"self":[{"href":"https:\/\/pippifoder.se\/no\/wp-json\/wp\/v2\/product\/20096","targetHints":{"allow":["GET"]}}],"collection":[{"href":"https:\/\/pippifoder.se\/no\/wp-json\/wp\/v2\/product"}],"about":[{"href":"https:\/\/pippifoder.se\/no\/wp-json\/wp\/v2\/types\/product"}],"replies":[{"embeddable":true,"href":"https:\/\/pippifoder.se\/no\/wp-json\/wp\/v2\/comments?post=20096"}],"wp:attachment":[{"href":"https:\/\/pippifoder.se\/no\/wp-json\/wp\/v2\/media?parent=20096"}],"wp:term":[{"taxonomy":"product_brand","embeddable":true,"href":"https:\/\/pippifoder.se\/no\/wp-json\/wp\/v2\/product_brand?post=20096"},{"taxonomy":"product_cat","embeddable":true,"href":"https:\/\/pippifoder.se\/no\/wp-json\/wp\/v2\/product_cat?post=20096"},{"taxonomy":"product_tag","embeddable":true,"href":"https:\/\/pippifoder.se\/no\/wp-json\/wp\/v2\/product_tag?post=20096"}],"curies":[{"name":"wp","href":"https:\/\/api.w.org\/{rel}","templated":true}]}}