{"id":20085,"date":"2024-12-12T18:42:13","date_gmt":"2024-12-12T18:42:13","guid":{"rendered":"https:\/\/pippifoder.se\/ukategorisert\/birdbuddy-fuglemater-med-kamera-bla\/"},"modified":"2026-04-15T12:55:02","modified_gmt":"2026-04-15T10:55:02","slug":"birdbuddy-fuglemater-med-kamera-bla","status":"publish","type":"product","link":"https:\/\/pippifoder.se\/no\/produkt\/fuglemater-og-fuglebrett\/birdbuddy-fuglemater-med-kamera-bla\/","title":{"rendered":"Birdbuddy, fuglemater med kamera, bl\u00e5"},"content":{"rendered":"<p>Bird Buddy-kameraer for fuglematere &#8211; oppdager og identifiserer fugler i sanntid. Ved hjelp av avansert AI-teknologi blir du varslet om fuglbes\u00f8k og kan f\u00f8lge dem live via mobilen. <\/p>\n<h2><strong>Bird Buddy Blue &#8211; Fuglemater med integrert kamera<\/strong><\/h2>\n<p>Bird Buddy gj\u00f8r det mulig \u00e5 observere og registrere fugler som bes\u00f8ker fuglemateren din. Det smarte kameraet leverer skarpe bilder og str\u00f8mmer bes\u00f8kene direkte til telefonen din. Takket v\u00e6re AI-teknologi kan Bird Buddy gjenkjenne over 1000 fuglearter og informerer deg umiddelbart n\u00e5r en ny art oppdages.  <\/p>\n<p>Denne fuglemateren drives av solenergi, slik at du slipper \u00e5 bytte batteri. Den er ogs\u00e5 v\u00e6rbestandig og laget av resirkulerte materialer, noe som gj\u00f8r den b\u00e5de b\u00e6rekraftig og milj\u00f8vennlig. <\/p>\n<p><strong>Det er derfor du b\u00f8r velge Bird Buddy:<\/strong><\/p>\n<ul>\n<li><strong>Smartkamera med AI:<\/strong> Tar detaljerte bilder og tilbyr direktestr\u00f8mming med en bred synsvinkel p\u00e5 120 grader.<\/li>\n<li><strong>Solcelledrevet:<\/strong> Solceller lader batteriet kontinuerlig, noe som krever minimalt med vedlikehold.<\/li>\n<li><strong>Automatisk fuglegjenkjenning:<\/strong> Identifiserer mer enn 1000 fuglearter og sender varsler direkte til mobiltelefonen din.<\/li>\n<li><strong>V\u00e6rbestandig:<\/strong> T\u00e5ler regn, sn\u00f8 og h\u00f8ye temperaturer, perfekt for bruk \u00e5ret rundt.<\/li>\n<\/ul>\n<p>Med Bird Buddy kan du oppleve naturen p\u00e5 n\u00e6rt hold uten \u00e5 forlate hjemmet. Last ned appen for \u00e5 dele gleden med familie og venner. Kj\u00f8p din Bird Buddy fuglemater hos Pippifoder og begynn \u00e5 oppdage fuglelivet i dag!  <\/p>\n","protected":false},"excerpt":{"rendered":"<p>Birdbuddy, fuglemater med kamera og solceller! Birdbuddy er en fuglemater med et integrert kamera som lar deg f\u00f8lge fuglene som bes\u00f8ker fuglemateren i sanntid!  Gratisappen kan ogs\u00e5 identifisere fuglene med AI og varsle deg n\u00e5r du har bes\u00f8k, noe som er b\u00e5de l\u00e6rerikt og morsomt!<\/p>\n<p>Fuglemateren er bl\u00e5.<\/p>\n<p>&nbsp;<\/p>\n","protected":false},"featured_media":17025,"comment_status":"open","ping_status":"closed","template":"","meta":{"_acf_changed":false},"product_brand":[],"product_cat":[155,156,133,158],"product_tag":[],"class_list":{"0":"post-20085","1":"product","2":"type-product","3":"status-publish","4":"has-post-thumbnail","6":"product_cat-fuglemater-og-fuglebrett","7":"product_cat-fuglebord","8":"product_cat-fuglefro-og-fuglemat-pa-salg","9":"product_cat-fuglemater-for-fuglefro","11":"first","12":"outofstock","13":"sale","14":"taxable","15":"shipping-taxable","16":"purchasable","17":"product-type-simple"},"bundled_by":[],"bundle_stock_status":"outofstock","bundle_stock_quantity":0,"bundle_virtual":false,"bundle_layout":"","bundle_add_to_cart_form_location":"","bundle_editable_in_cart":false,"bundle_sold_individually_context":"","bundle_item_grouping":"","bundle_min_size":"","bundle_max_size":"","bundle_price":[],"bundled_items":[],"bundle_sell_ids":[],"acf":[],"_links":{"self":[{"href":"https:\/\/pippifoder.se\/no\/wp-json\/wp\/v2\/product\/20085","targetHints":{"allow":["GET"]}}],"collection":[{"href":"https:\/\/pippifoder.se\/no\/wp-json\/wp\/v2\/product"}],"about":[{"href":"https:\/\/pippifoder.se\/no\/wp-json\/wp\/v2\/types\/product"}],"replies":[{"embeddable":true,"href":"https:\/\/pippifoder.se\/no\/wp-json\/wp\/v2\/comments?post=20085"}],"wp:featuredmedia":[{"embeddable":true,"href":"https:\/\/pippifoder.se\/no\/wp-json\/wp\/v2\/media\/17025"}],"wp:attachment":[{"href":"https:\/\/pippifoder.se\/no\/wp-json\/wp\/v2\/media?parent=20085"}],"wp:term":[{"taxonomy":"product_brand","embeddable":true,"href":"https:\/\/pippifoder.se\/no\/wp-json\/wp\/v2\/product_brand?post=20085"},{"taxonomy":"product_cat","embeddable":true,"href":"https:\/\/pippifoder.se\/no\/wp-json\/wp\/v2\/product_cat?post=20085"},{"taxonomy":"product_tag","embeddable":true,"href":"https:\/\/pippifoder.se\/no\/wp-json\/wp\/v2\/product_tag?post=20085"}],"curies":[{"name":"wp","href":"https:\/\/api.w.org\/{rel}","templated":true}]}}