{"id":20079,"date":"2024-11-24T11:29:40","date_gmt":"2024-11-24T11:29:40","guid":{"rendered":"https:\/\/pippifoder.se\/ukategorisert\/fuglematingskalender-2025\/"},"modified":"2026-04-15T12:59:32","modified_gmt":"2026-04-15T10:59:32","slug":"fuglematingskalender-2025","status":"publish","type":"product","link":"https:\/\/pippifoder.se\/no\/produkt\/tilbehor-no\/fuglematingskalender-2025\/","title":{"rendered":"Fuglef\u00f4ringskalender 2026"},"content":{"rendered":"","protected":false},"excerpt":{"rendered":"<p>Fuglef\u00f4ringskalender 2026! F\u00f8lg \u00e5ret med flotte bilder fra v\u00e5re f\u00f8lgere p\u00e5 Facebook! Gjennom hele \u00e5ret har vi hatt en m\u00e5nedlig fotokonkurranse med fugler og fugleforing i vakre landskap som tema! Alle vinnerbidragene finner du i kalenderen. Kalenderen er en veggkalender for 2026 med navnedager og h\u00f8ytider krydret med gode minner for alle som mater fugler eller er interessert i hva som skjer i fugleverdenen i l\u00f8pet av \u00e5ret.    <\/p>\n<p>Januar: motiv: <a href=\"https:\/\/pippifoder.se\/no\/fugler\/blameis-cyanistes-caeruleus\/\">Entita<\/a>, fotograf: Annika Lavin Johansson<br \/>\nFebruar: motiv: <a href=\"https:\/\/pippifoder.se\/no\/fugler\/kjernebiter-coccothraustes-coccothraustes\/\">Steinsprang<\/a>, fotograf: Gustav Westergren<br \/>\nMars: motiv: <a href=\"https:\/\/pippifoder.se\/no\/fugler\/blameis-cyanistes-caeruleus\/\">Bl\u00e5meis<\/a>, fotograf: Rickard Falk<br \/>\nApril: motiv: <a href=\"https:\/\/pippifoder.se\/no\/fugler\/staer-sturnus-vulgaris-2\/\">St\u00e6r<\/a>, fotograf: Annika Lavin Johansson<br \/>\nMai: motiv: <a href=\"https:\/\/pippifoder.se\/no\/fugler\/pilfink-passer-montanus-2\/\">Pilfinker<\/a>, fotograf: Rickard Falk<br \/>\nJuni: Motiv: <a href=\"https:\/\/pippifoder.se\/no\/fugler\/kjernebiter-coccothraustes-coccothraustes\/\">Steinkjeks<\/a>, fotograf: Annika Lavin Johansson<br \/>\nJuli: motiv: <a href=\"https:\/\/pippifoder.se\/no\/fugler\/gronnfink-chloris-chloris\/\">Gr\u00f8nnfinker<\/a>, fotograf: Karin Thorell<br \/>\nAugust: motiv: <a href=\"https:\/\/pippifoder.se\/no\/fugler\/bokfink-fringilla-coelebs\/\">Bokfink<\/a>, fotograf: Lena Gy\u00f6ri<br \/>\nSeptember: motiv: <a href=\"https:\/\/pippifoder.se\/no\/fugler\/blameis-cyanistes-caeruleus\/\">Bl\u00e5 pupper<\/a>, fotograf: Emmeli Johansson<br \/>\nOktober: motiv: <a href=\"https:\/\/pippifoder.se\/no\/fugler\/blameis-cyanistes-caeruleus\/\">Bl\u00e5meis<\/a>, fotograf: Ida Wallin Sanneb\u00e4ck<br \/>\nNovember: motiv: <a href=\"https:\/\/pippifoder.se\/no\/fugler\/blameis-cyanistes-caeruleus\/\">Bl\u00e5meis<\/a>, fotograf: Cattis Olows<br \/>\nDesember: motiv: <a href=\"https:\/\/pippifoder.se\/no\/fugler\/gulspurv-emberiza-citrinella-2\/\">Gulspurv<\/a>, fotograf: Annika Lavin Johansson <\/p>\n","protected":false},"featured_media":43521,"comment_status":"closed","ping_status":"closed","template":"","meta":{"_acf_changed":false},"product_brand":[],"product_cat":[160,572],"product_tag":[],"class_list":{"0":"post-20079","1":"product","2":"type-product","3":"status-publish","4":"has-post-thumbnail","6":"product_cat-tilbehor-no","7":"product_cat-julegaveideer-til-fugleelskere-i-2025","9":"first","10":"outofstock","11":"taxable","12":"shipping-taxable","13":"purchasable","14":"product-type-simple"},"bundled_by":[],"bundle_stock_status":"outofstock","bundle_stock_quantity":0,"bundle_virtual":false,"bundle_layout":"","bundle_add_to_cart_form_location":"","bundle_editable_in_cart":false,"bundle_sold_individually_context":"","bundle_item_grouping":"","bundle_min_size":"","bundle_max_size":"","bundle_price":[],"bundled_items":[],"bundle_sell_ids":[],"acf":[],"_links":{"self":[{"href":"https:\/\/pippifoder.se\/no\/wp-json\/wp\/v2\/product\/20079","targetHints":{"allow":["GET"]}}],"collection":[{"href":"https:\/\/pippifoder.se\/no\/wp-json\/wp\/v2\/product"}],"about":[{"href":"https:\/\/pippifoder.se\/no\/wp-json\/wp\/v2\/types\/product"}],"replies":[{"embeddable":true,"href":"https:\/\/pippifoder.se\/no\/wp-json\/wp\/v2\/comments?post=20079"}],"wp:featuredmedia":[{"embeddable":true,"href":"https:\/\/pippifoder.se\/no\/wp-json\/wp\/v2\/media\/43521"}],"wp:attachment":[{"href":"https:\/\/pippifoder.se\/no\/wp-json\/wp\/v2\/media?parent=20079"}],"wp:term":[{"taxonomy":"product_brand","embeddable":true,"href":"https:\/\/pippifoder.se\/no\/wp-json\/wp\/v2\/product_brand?post=20079"},{"taxonomy":"product_cat","embeddable":true,"href":"https:\/\/pippifoder.se\/no\/wp-json\/wp\/v2\/product_cat?post=20079"},{"taxonomy":"product_tag","embeddable":true,"href":"https:\/\/pippifoder.se\/no\/wp-json\/wp\/v2\/product_tag?post=20079"}],"curies":[{"name":"wp","href":"https:\/\/api.w.org\/{rel}","templated":true}]}}