{"id":17776,"date":"2024-12-22T10:32:30","date_gmt":"2024-12-22T10:32:30","guid":{"rendered":"https:\/\/pippifoder.se\/?post_type=product&#038;p=17776"},"modified":"2026-04-19T20:03:41","modified_gmt":"2026-04-19T18:03:41","slug":"leo-wolf-fuglemater-kopia","status":"publish","type":"product","link":"https:\/\/pippifoder.se\/no\/produkt\/fuglemat\/talgfrobar-no\/leo-wolf-fuglemater-kopia\/","title":{"rendered":"Leo &amp; Wolf fuglemater + Tallow Seed Bar"},"content":{"rendered":"<h2>Hvorfor velge Leo &amp; Wolf fuglematere?<\/h2>\n<ul>\n<li>\nP<strong>asser til 1 kg og 600 g fuglebrett Fug<\/strong>lemateren v\u00e5r er spesialdesignet for \u00e5 passe til Leo &amp; Wolfs<strong>1 kg og 600 g fuglebrett<\/strong>, slik at fuglene f\u00e5r et stabilt og praktisk sted \u00e5 spise fra. Det er enkelt \u00e5 mate dine favorittprodukter fra Leo &amp; Wolf. <\/li>\n<li>\nB<strong>eskytter mot tyveri av mat fra fugler og dyr<\/strong> Den innovative designen bidrar til \u00e5<strong>hindre fugler og andre dyr i \u00e5 stjele<\/strong> mat fra stolpene, og sikrer at maten n\u00e5r frem til de tiltenkte forbrukerne &#8211; de ville fuglene. Dette bidrar til mer effektiv f\u00f4ring og mindre matsvinn. <\/li>\n<li>\nE<strong>nkel opphengning med tau eller kjetting<\/strong> Med et smart utformet h\u00e5ndtak p\u00e5 toppen kan fuglemateren enkelt henges opp ved hjelp av et<strong>tau eller en kjetting<\/strong>. Denne fleksibiliteten gj\u00f8r det enkelt \u00e5 plassere fuglemateren p\u00e5 det beste stedet for fuglene dine, enten det er i hagen, p\u00e5 balkongen eller i en park. <\/li>\n<li>\nLaget av <strong>b\u00e6rekraftig, resirkulert<\/strong> plast Leo &amp; Wolfs fuglematere er laget av <strong>resirkulert<\/strong> plast og er et milj\u00f8vennlig valg som bidrar til \u00e5 redusere plastavfall og fremme b\u00e6rekraftig bruk av ressurser. Den slitesterke konstruksjonen sikrer langvarig bruk og motstand mot v\u00e6r og vind. <\/li>\n<li>\nT<strong>rygt<\/strong> for fuglene Designet med tanke p\u00e5 fuglenes sikkerhet, og eliminerer risikoen for skader under f\u00f4ring. Materen er fri for skarpe kanter og farlige materialer, noe som gj\u00f8r den til et trygt sted for ville fugler. <\/li>\n<li><strong>Gjenbrukbar og enkel \u00e5 vedlikeholde<\/strong><br \/>\nDenne fuglemateren er <strong>gjenbrukbar<\/strong> og enkel \u00e5 rengj\u00f8re, og kan brukes over lang tid. Regelmessig rengj\u00f8ring med varmt vann og mild s\u00e5pe holder materen hygienisk og klar for kontinuerlig f\u00f4ring. <\/li>\n<\/ul>\n<h2>Fordeler for de ville fuglene dine<\/h2>\n<ul>\n<li>\nE<strong>ffektiv f\u00f4ring uten forstyrrelser<\/strong> Den sikre f\u00f4ringen reduserer risikoen for forstyrrelser fra andre dyr, noe som betyr at villfuglene dine f\u00e5r den n\u00e6ringen de trenger uten konkurranse.<\/li>\n<li>\nE<strong>nkel montering og tilpasning<\/strong> Det fleksible opphenget med tau eller kjetting gj\u00f8r det enkelt \u00e5 finne det perfekte stedet for f\u00f4ringsautomaten, slik at fuglene f\u00e5r optimal tilgjengelighet.<\/li>\n<li>\nB<strong>\u00e6rekraftig og milj\u00f8vennlig konstruksjon<\/strong> Bruken av resirkulert plast gj\u00f8r Leo &amp; Wolf fuglemateren til et milj\u00f8vennlig valg, samtidig som den er robust og har lang holdbarhet.<\/li>\n<\/ul>\n<h2>Hvordan bruke Leo &amp; Wolf fuglematere<\/h2>\n<ol>\n<li><strong>Installer og plasser<\/strong>\n<ul>\n<li>Tre et tau eller en kjetting gjennom det \u00f8verste h\u00e5ndtaket og heng opp materen p\u00e5 en solid gren, krok eller stolpe. S\u00f8rg for \u00e5 plassere den p\u00e5 et trygt sted, der den er lett tilgjengelig for fuglene og beskyttet mot rovdyr. <\/li>\n<\/ul>\n<\/li>\n<li><strong>Fylling og vedlikehold<\/strong>\n<ul>\n<li>Sett inn Leo &amp; Wolf 1 kg eller 600 g fuglef\u00f4rstenger i materen. Kontroller og rengj\u00f8r f\u00f4ringsautomaten regelmessig med varmt vann og mild s\u00e5pe for \u00e5 sikre god hygiene og friskt f\u00f4r. <\/li>\n<\/ul>\n<\/li>\n<li><strong>Overv\u00e5k og tilpass<\/strong>\n<ul>\n<li>Hold \u00f8ye med f\u00f4ringsautomaten for \u00e5 sikre at fuglene kan spise uten problemer og at maten ikke blokkeres. Juster plasseringen om n\u00f8dvendig for \u00e5 tiltrekke flere fugler. <\/li>\n<\/ul>\n<\/li>\n<\/ol>\n<h2>Bestill din Leo &amp; Wolf fuglemater i dag!<\/h2>\n<p>Gi de ville fuglene dine en <strong>tryggere og mer b\u00e6rekraftig f\u00f4ringsopplevelse<\/strong> med Leo &amp; Wolf fuglematere. Bestill n\u00e5 og skap en effektiv og beskyttet f\u00f4ringsstasjon for dine fj\u00e6rkledde venner! <\/p>\n","protected":false},"excerpt":{"rendered":"<p>Oppdag fordelene med v\u00e5r <strong>Leo &amp; Wolf fuglemater<\/strong>, som er designet for \u00e5 passe perfekt sammen med Leo &amp; Wolf fuglematstengene p\u00e5 1 kg og 600 g. Denne materen er laget av resirkulert plast og er en robust og trygg l\u00f8sning som beskytter fuglematen din mot b\u00e5de fugler og andre dyr. <\/p>\n<p><strong>Pakkepris: Kj\u00f8p en mater og en talgfr\u00f8bar for 99kr!<\/strong><\/p>\n","protected":false},"featured_media":18283,"comment_status":"open","ping_status":"closed","template":"","meta":{"_acf_changed":false},"product_brand":[],"product_cat":[152,135,155],"product_tag":[],"class_list":{"0":"post-17776","1":"product","2":"type-product","3":"status-publish","4":"has-post-thumbnail","6":"product_cat-talgfrobar-no","7":"product_cat-fettfroblanding","8":"product_cat-fuglemater-og-fuglebrett","10":"first","11":"instock","12":"sale","13":"taxable","14":"shipping-taxable","15":"purchasable","16":"product-type-variable","17":"has-default-attributes"},"bundled_by":[],"bundle_stock_status":"instock","bundle_stock_quantity":69,"bundle_virtual":false,"bundle_layout":"","bundle_add_to_cart_form_location":"","bundle_editable_in_cart":false,"bundle_sold_individually_context":"","bundle_item_grouping":"","bundle_min_size":"","bundle_max_size":"","bundle_price":[],"bundled_items":[],"bundle_sell_ids":[],"acf":[],"_links":{"self":[{"href":"https:\/\/pippifoder.se\/no\/wp-json\/wp\/v2\/product\/17776","targetHints":{"allow":["GET"]}}],"collection":[{"href":"https:\/\/pippifoder.se\/no\/wp-json\/wp\/v2\/product"}],"about":[{"href":"https:\/\/pippifoder.se\/no\/wp-json\/wp\/v2\/types\/product"}],"replies":[{"embeddable":true,"href":"https:\/\/pippifoder.se\/no\/wp-json\/wp\/v2\/comments?post=17776"}],"wp:featuredmedia":[{"embeddable":true,"href":"https:\/\/pippifoder.se\/no\/wp-json\/wp\/v2\/media\/18283"}],"wp:attachment":[{"href":"https:\/\/pippifoder.se\/no\/wp-json\/wp\/v2\/media?parent=17776"}],"wp:term":[{"taxonomy":"product_brand","embeddable":true,"href":"https:\/\/pippifoder.se\/no\/wp-json\/wp\/v2\/product_brand?post=17776"},{"taxonomy":"product_cat","embeddable":true,"href":"https:\/\/pippifoder.se\/no\/wp-json\/wp\/v2\/product_cat?post=17776"},{"taxonomy":"product_tag","embeddable":true,"href":"https:\/\/pippifoder.se\/no\/wp-json\/wp\/v2\/product_tag?post=17776"}],"curies":[{"name":"wp","href":"https:\/\/api.w.org\/{rel}","templated":true}]}}