{"id":17267,"date":"2024-12-14T18:43:58","date_gmt":"2024-12-14T18:43:58","guid":{"rendered":"https:\/\/pippifoder.se\/?post_type=product&#038;p=17267"},"modified":"2026-04-19T20:06:34","modified_gmt":"2026-04-19T18:06:34","slug":"avskallede-solsikkefro-15-kg-fortonne-kopia-kopia","status":"publish","type":"product","link":"https:\/\/pippifoder.se\/no\/produkt\/tilbehor-no\/forbeholder-og-lagring\/avskallede-solsikkefro-15-kg-fortonne-kopia-kopia\/","title":{"rendered":"Villfuglblanding uten skall 15kg + F\u00f4rt\u00f8nne"},"content":{"rendered":"<h2>Informasjon om f\u00f4ringstr\u00e5get<\/h2>\n<p>F\u00f4rt\u00f8nnen er produsert i Sverige i n\u00e6ringsmiddelgodkjent polypropylenplast og er perfekt til oppbevaring av f\u00f4r av alle slag og selvf\u00f8lgelig b\u00e5de <a href=\"https:\/\/pippifoder.se\/no\/solsikkefro-til-fugler\/\">solsikkefr\u00f8<\/a> og <a href=\"https:\/\/pippifoder.se\/no\/peanotter\/\">pean\u00f8tter<\/a> som vi selger her p\u00e5 Pippifoder. F\u00f4rt\u00f8nnen beskytter mot forurensning, skadedyr og mus. Kj\u00f8per du flere t\u00f8nner, er de stabelbare.  <\/p>\n<p>T\u00f8nnen er utstyrt med et lokk som er enkelt \u00e5 sette p\u00e5 og ta av.<\/p>\n<p>F\u00f4rt\u00f8nnen er p\u00e5 37 liter.<\/p>\n<h2>Bruk av f\u00f4ringstr\u00e5get<\/h2>\n<p>Det er viktig \u00e5 oppbevare f\u00f4ret i en f\u00f4rt\u00f8nne for \u00e5 beskytte det mot forurensning, skadedyr og mus. I v\u00e5rt sortiment finner du vellagede, tettsittende t\u00f8nner med lokk som passer perfekt til b\u00e5de stall og g\u00e5rd, innend\u00f8rs og utend\u00f8rs. F\u00f4rt\u00f8nnen med lokk beskytter f\u00f4ret ditt effektivt i en lufttett t\u00f8nne, og holder det trygt unna insekter og andre u\u00f8nskede gjester. Med en stilig og funksjonell f\u00f4rt\u00f8nne blir det b\u00e5de enklere og renere \u00e5 f\u00f4re dyrene dine.   <\/p>\n<p>Handle f\u00f4rt\u00f8nner p\u00e5 nett hos Pippifoder med levering direkte til d\u00f8ren!<\/p>\n","protected":false},"excerpt":{"rendered":"<p>Kj\u00f8p v\u00e5r popul\u00e6re <a href=\"https:\/\/pippifoder.se\/no\/produkt\/fuglemat\/villfuglblanding\/villfuglmiks-uten-skall-15kg-mengde\/\">15 kg villfuglblanding uten skall<\/a> + f\u00f4rt\u00f8nne med lokk (37 liter) til en usl\u00e5elig pakkepris! Velg mellom gr\u00f8nne, r\u00f8de, bl\u00e5 eller gule t\u00f8nner. <\/p>\n","protected":false},"featured_media":6513,"comment_status":"closed","ping_status":"closed","template":"","meta":{"_acf_changed":false},"product_brand":[],"product_cat":[161,125,136,124,140,160,154],"product_tag":[101,102],"class_list":{"0":"post-17267","1":"product","2":"type-product","3":"status-publish","4":"has-post-thumbnail","6":"product_cat-forbeholder-og-lagring","7":"product_cat-fro-og-mat-til-ville-fugler","8":"product_cat-fuglefro-no","9":"product_cat-fuglemat","10":"product_cat-solsikkefro-til-fugler","11":"product_cat-tilbehor-no","12":"product_cat-villfuglblanding","13":"product_tag-fuglemat","14":"product_tag-solsikkefro","15":"product_shipping_class-sverige-no","16":"pa_fodertunna-farg-bla-farge","17":"pa_fodertunna-farg-gronn-farge","18":"pa_fodertunna-farg-gul-farge","19":"pa_fodertunna-farg-rod-farge","21":"first","22":"instock","23":"sale","24":"taxable","25":"shipping-taxable","26":"purchasable","27":"product-type-variable","28":"has-default-attributes"},"bundled_by":[],"bundle_stock_status":"instock","bundle_stock_quantity":null,"bundle_virtual":false,"bundle_layout":"","bundle_add_to_cart_form_location":"","bundle_editable_in_cart":false,"bundle_sold_individually_context":"","bundle_item_grouping":"","bundle_min_size":"","bundle_max_size":"","bundle_price":[],"bundled_items":[],"bundle_sell_ids":[],"acf":[],"_links":{"self":[{"href":"https:\/\/pippifoder.se\/no\/wp-json\/wp\/v2\/product\/17267","targetHints":{"allow":["GET"]}}],"collection":[{"href":"https:\/\/pippifoder.se\/no\/wp-json\/wp\/v2\/product"}],"about":[{"href":"https:\/\/pippifoder.se\/no\/wp-json\/wp\/v2\/types\/product"}],"replies":[{"embeddable":true,"href":"https:\/\/pippifoder.se\/no\/wp-json\/wp\/v2\/comments?post=17267"}],"wp:featuredmedia":[{"embeddable":true,"href":"https:\/\/pippifoder.se\/no\/wp-json\/wp\/v2\/media\/6513"}],"wp:attachment":[{"href":"https:\/\/pippifoder.se\/no\/wp-json\/wp\/v2\/media?parent=17267"}],"wp:term":[{"taxonomy":"product_brand","embeddable":true,"href":"https:\/\/pippifoder.se\/no\/wp-json\/wp\/v2\/product_brand?post=17267"},{"taxonomy":"product_cat","embeddable":true,"href":"https:\/\/pippifoder.se\/no\/wp-json\/wp\/v2\/product_cat?post=17267"},{"taxonomy":"product_tag","embeddable":true,"href":"https:\/\/pippifoder.se\/no\/wp-json\/wp\/v2\/product_tag?post=17267"}],"curies":[{"name":"wp","href":"https:\/\/api.w.org\/{rel}","templated":true}]}}