{"id":17229,"date":"2024-12-14T18:35:22","date_gmt":"2024-12-14T18:35:22","guid":{"rendered":"https:\/\/pippifoder.se\/?post_type=product&#038;p=17229"},"modified":"2026-04-03T05:02:01","modified_gmt":"2026-04-03T05:02:01","slug":"avskallede-peanotter-10-kg-fortonne","status":"publish","type":"product","link":"https:\/\/pippifoder.se\/no\/produkt\/tilbehor-no\/forbeholder-og-lagring\/avskallede-peanotter-10-kg-fortonne\/","title":{"rendered":"Avskallede pean\u00f8tter 10 kg + F\u00f4rt\u00f8nne"},"content":{"rendered":"<h2>Informasjon om f\u00f4ringstr\u00e5get<\/h2>\n<p>F\u00f4rt\u00f8nnen er produsert i Sverige i n\u00e6ringsmiddelgodkjent polypropylenplast og er perfekt til oppbevaring av f\u00f4r av alle slag og selvf\u00f8lgelig b\u00e5de <a href=\"https:\/\/pippifoder.se\/no\/solsikkefro-til-fugler\/\">solsikkefr\u00f8<\/a> og <a href=\"https:\/\/pippifoder.se\/no\/peanotter\/\">pean\u00f8tter<\/a> som vi selger her p\u00e5 Pippifoder. F\u00f4rt\u00f8nnen beskytter mot forurensning, skadedyr og mus. Kj\u00f8per du flere t\u00f8nner, er de stabelbare. T\u00f8nnen er utstyrt med et lokk som er enkelt \u00e5 sette p\u00e5 og ta av. F\u00f4rt\u00f8nnen er p\u00e5 37 liter.<\/p>\n<h2>Bruk av f\u00f4ringstr\u00e5get<\/h2>\n<p>Det er viktig \u00e5 oppbevare f\u00f4ret i en f\u00f4rt\u00f8nne for \u00e5 beskytte det mot forurensning, skadedyr og mus. I v\u00e5rt sortiment finner du vellagede, tettsittende t\u00f8nner med lokk som passer perfekt til b\u00e5de stall og g\u00e5rd, innend\u00f8rs og utend\u00f8rs. T\u00f8nnen med lokk beskytter f\u00f4ret ditt effektivt i en lufttett t\u00f8nne, og holder det trygt unna insekter og andre u\u00f8nskede gjester. Med en stilig og funksjonell t\u00f8nne blir det b\u00e5de enklere og renere \u00e5 f\u00f4re dyrene dine. Handle f\u00f4rt\u00f8nner p\u00e5 nett hos Pippifoder med levering direkte til d\u00f8ren!<\/p>\n","protected":false},"excerpt":{"rendered":"<p>Kj\u00f8p v\u00e5re popul\u00e6re <a href=\"https:\/\/pippifoder.se\/no\/produkt\/fuglemat\/peanotter\/peanotter-til-fugler-10-kg\/\">10 kg avskallede pean\u00f8tter<\/a> + f\u00f4rt\u00f8nne med lokk (37 liter) til en usl\u00e5elig pakkepris! Velg mellom gr\u00f8nne, r\u00f8de, bl\u00e5 eller gule t\u00f8nner.<\/p>\n","protected":false},"featured_media":6513,"comment_status":"closed","ping_status":"closed","template":"","meta":{"_acf_changed":false},"product_brand":[],"product_cat":[161,253,124,139,160],"product_tag":[101,102],"class_list":{"0":"post-17229","1":"product","2":"type-product","3":"status-publish","4":"has-post-thumbnail","6":"product_cat-forbeholder-og-lagring","7":"product_cat-avskallede-peanotter","8":"product_cat-fuglemat","9":"product_cat-peanotter","10":"product_cat-tilbehor-no","11":"product_tag-fuglemat","12":"product_tag-solsikkefro","13":"product_shipping_class-sverige-no","14":"pa_fodertunna-farg-bla-farge","15":"pa_fodertunna-farg-gronn-farge","16":"pa_fodertunna-farg-gul-farge","17":"pa_fodertunna-farg-rod-farge","18":"product_group-fodertunna-med-innehall","20":"first","21":"instock","22":"sale","23":"taxable","24":"shipping-taxable","25":"purchasable","26":"product-type-variable","27":"has-default-attributes"},"bundled_by":[],"bundle_stock_status":"instock","bundle_stock_quantity":null,"bundle_virtual":false,"bundle_layout":"","bundle_add_to_cart_form_location":"","bundle_editable_in_cart":false,"bundle_sold_individually_context":"","bundle_item_grouping":"","bundle_min_size":"","bundle_max_size":"","bundle_price":[],"bundled_items":[],"bundle_sell_ids":[],"acf":[],"_links":{"self":[{"href":"https:\/\/pippifoder.se\/no\/wp-json\/wp\/v2\/product\/17229","targetHints":{"allow":["GET"]}}],"collection":[{"href":"https:\/\/pippifoder.se\/no\/wp-json\/wp\/v2\/product"}],"about":[{"href":"https:\/\/pippifoder.se\/no\/wp-json\/wp\/v2\/types\/product"}],"replies":[{"embeddable":true,"href":"https:\/\/pippifoder.se\/no\/wp-json\/wp\/v2\/comments?post=17229"}],"wp:featuredmedia":[{"embeddable":true,"href":"https:\/\/pippifoder.se\/no\/wp-json\/wp\/v2\/media\/6513"}],"wp:attachment":[{"href":"https:\/\/pippifoder.se\/no\/wp-json\/wp\/v2\/media?parent=17229"}],"wp:term":[{"taxonomy":"product_brand","embeddable":true,"href":"https:\/\/pippifoder.se\/no\/wp-json\/wp\/v2\/product_brand?post=17229"},{"taxonomy":"product_cat","embeddable":true,"href":"https:\/\/pippifoder.se\/no\/wp-json\/wp\/v2\/product_cat?post=17229"},{"taxonomy":"product_tag","embeddable":true,"href":"https:\/\/pippifoder.se\/no\/wp-json\/wp\/v2\/product_tag?post=17229"}],"curies":[{"name":"wp","href":"https:\/\/api.w.org\/{rel}","templated":true}]}}