{"id":15963,"date":"2024-11-27T11:36:39","date_gmt":"2024-11-27T11:36:39","guid":{"rendered":"https:\/\/pippifoder.se\/ukategorisert\/meitemark-torket-600-g-i-botte\/"},"modified":"2026-02-08T19:30:06","modified_gmt":"2026-02-08T19:30:06","slug":"melorm-torket-600-g-i-botte","status":"publish","type":"product","link":"https:\/\/pippifoder.se\/no\/produkt\/fuglemat\/melorm\/melorm-torket-600-g-i-botte\/","title":{"rendered":"Melorm, t\u00f8rket, 600 g i b\u00f8tte"},"content":{"rendered":"","protected":false},"excerpt":{"rendered":"<p>Melorm i b\u00f8tte, 600 gram. Melorm er et proteinrikt f\u00f4r med rundt 50 % protein, noe som gj\u00f8r dem til et godt tilskudd i fuglef\u00f4r. Melorm er egentlig ikke ormer, men larver av melbiller. Spesielt i hekketiden har fugler et stort behov for protein. Hvis du vil, kan du legge melormene i litt vann f\u00f8r du gir dem til fuglene (om sommeren).    <\/p>\n<p>&#8211; Anbefalt av fuglevernorganisasjoner<br \/>\n&#8211; H\u00f8yt proteininnhold<br \/>\n&#8211; Bra for ungfugler i hekketiden<br \/>\n&#8211; Egnet for f\u00f4ringsautomater, <a href=\"https:\/\/pippifoder.se\/no\/fuglemater-og-fuglebrett\/\">fuglebord<\/a> og bakkef\u00f4ring<br \/>\n&#8211; Kan blandes med annen fuglemat<br \/>\n&#8211; Melormene kan bl\u00f8tlegges i litt vann for \u00e5 gj\u00f8re dem mykere<\/p>\n<p><strong>OBS, utsolgt, vi anbefaler v\u00e5r <a href=\"https:\/\/pippifoder.se\/no\/produkt\/fuglemat\/melorm\/melorm-torket-600-g-i-botte-kopia\/\">1 kg melorm<\/a><\/strong><\/p>\n","protected":false},"featured_media":15800,"comment_status":"closed","ping_status":"closed","template":"","meta":{"_acf_changed":false},"product_brand":[],"product_cat":[204,124],"product_tag":[],"class_list":{"0":"post-15963","1":"product","2":"type-product","3":"status-publish","4":"has-post-thumbnail","6":"product_cat-melorm","7":"product_cat-fuglemat","8":"product_group-hink-4kg","10":"first","11":"outofstock","12":"taxable","13":"shipping-taxable","14":"purchasable","15":"product-type-simple"},"bundled_by":[],"bundle_stock_status":"outofstock","bundle_stock_quantity":0,"bundle_virtual":false,"bundle_layout":"","bundle_add_to_cart_form_location":"","bundle_editable_in_cart":false,"bundle_sold_individually_context":"","bundle_item_grouping":"","bundle_min_size":"","bundle_max_size":"","bundle_price":[],"bundled_items":[],"bundle_sell_ids":[],"acf":[],"_links":{"self":[{"href":"https:\/\/pippifoder.se\/no\/wp-json\/wp\/v2\/product\/15963","targetHints":{"allow":["GET"]}}],"collection":[{"href":"https:\/\/pippifoder.se\/no\/wp-json\/wp\/v2\/product"}],"about":[{"href":"https:\/\/pippifoder.se\/no\/wp-json\/wp\/v2\/types\/product"}],"replies":[{"embeddable":true,"href":"https:\/\/pippifoder.se\/no\/wp-json\/wp\/v2\/comments?post=15963"}],"wp:featuredmedia":[{"embeddable":true,"href":"https:\/\/pippifoder.se\/no\/wp-json\/wp\/v2\/media\/15800"}],"wp:attachment":[{"href":"https:\/\/pippifoder.se\/no\/wp-json\/wp\/v2\/media?parent=15963"}],"wp:term":[{"taxonomy":"product_brand","embeddable":true,"href":"https:\/\/pippifoder.se\/no\/wp-json\/wp\/v2\/product_brand?post=15963"},{"taxonomy":"product_cat","embeddable":true,"href":"https:\/\/pippifoder.se\/no\/wp-json\/wp\/v2\/product_cat?post=15963"},{"taxonomy":"product_tag","embeddable":true,"href":"https:\/\/pippifoder.se\/no\/wp-json\/wp\/v2\/product_tag?post=15963"}],"curies":[{"name":"wp","href":"https:\/\/api.w.org\/{rel}","templated":true}]}}