{"id":15138,"date":"2024-11-19T18:50:28","date_gmt":"2024-11-19T18:50:28","guid":{"rendered":"https:\/\/pippifoder.se\/?post_type=product&#038;p=15138"},"modified":"2026-04-19T13:21:20","modified_gmt":"2026-04-19T11:21:20","slug":"fuglemater-pariserhjul","status":"publish","type":"product","link":"https:\/\/pippifoder.se\/no\/produkt\/fuglemater-og-fuglebrett\/fuglemater-pariserhjul\/","title":{"rendered":"Pariserhjul fuglemater"},"content":{"rendered":"<h2>Monteringsanvisning for pariserhjul<\/h2>\n<p><a href=\"https:\/\/pippifoder.se\/app\/uploads\/2024\/11\/Pariserhjul_instruktion_right.pdf\">Last ned monteringsanvisningen for pariserhjulet<\/a><\/p>\n","protected":false},"excerpt":{"rendered":"<p>Svenskprodusert fuglemater hvor fuglene virvler lystig rundt mellom b\u00f8ttene. I tillegg ser det ut til at materen er trygg selv for st\u00f8rre fuglearter som skj\u00e6rer, n\u00f8tteskriker og lavskrik.<\/p>\n<p>Denne fuglemateren selges som et sett med en bruksanvisning for hvordan den skal settes sammen.<\/p>\n<p>De gule plastb\u00f8ttene, som rommer ca. 1,5 dl fr\u00f8 hver, er utstyrt med dreneringshull. Hvis du trenger beskyttelse mot regn og sn\u00f8, kan du enten bygge et tak selv eller plassere hjulet under et eksisterende tak.<\/p>\n","protected":false},"featured_media":15147,"comment_status":"open","ping_status":"closed","template":"","meta":{"_acf_changed":false},"product_brand":[],"product_cat":[155,156,158,159,572],"product_tag":[],"class_list":{"0":"post-15138","1":"product","2":"type-product","3":"status-publish","4":"has-post-thumbnail","6":"product_cat-fuglemater-og-fuglebrett","7":"product_cat-fuglebord","8":"product_cat-fuglemater-for-fuglefro","9":"product_cat-fuglematere-for-notter","10":"product_cat-julegaveideer-til-fugleelskere-i-2025","11":"product_shipping_class-sverige-no","13":"first","14":"instock","15":"taxable","16":"shipping-taxable","17":"purchasable","18":"product-type-simple"},"bundled_by":[],"bundle_stock_status":"instock","bundle_stock_quantity":72,"bundle_virtual":false,"bundle_layout":"","bundle_add_to_cart_form_location":"","bundle_editable_in_cart":false,"bundle_sold_individually_context":"","bundle_item_grouping":"","bundle_min_size":"","bundle_max_size":"","bundle_price":[],"bundled_items":[],"bundle_sell_ids":[],"acf":[],"_links":{"self":[{"href":"https:\/\/pippifoder.se\/no\/wp-json\/wp\/v2\/product\/15138","targetHints":{"allow":["GET"]}}],"collection":[{"href":"https:\/\/pippifoder.se\/no\/wp-json\/wp\/v2\/product"}],"about":[{"href":"https:\/\/pippifoder.se\/no\/wp-json\/wp\/v2\/types\/product"}],"replies":[{"embeddable":true,"href":"https:\/\/pippifoder.se\/no\/wp-json\/wp\/v2\/comments?post=15138"}],"wp:featuredmedia":[{"embeddable":true,"href":"https:\/\/pippifoder.se\/no\/wp-json\/wp\/v2\/media\/15147"}],"wp:attachment":[{"href":"https:\/\/pippifoder.se\/no\/wp-json\/wp\/v2\/media?parent=15138"}],"wp:term":[{"taxonomy":"product_brand","embeddable":true,"href":"https:\/\/pippifoder.se\/no\/wp-json\/wp\/v2\/product_brand?post=15138"},{"taxonomy":"product_cat","embeddable":true,"href":"https:\/\/pippifoder.se\/no\/wp-json\/wp\/v2\/product_cat?post=15138"},{"taxonomy":"product_tag","embeddable":true,"href":"https:\/\/pippifoder.se\/no\/wp-json\/wp\/v2\/product_tag?post=15138"}],"curies":[{"name":"wp","href":"https:\/\/api.w.org\/{rel}","templated":true}]}}