{"id":10032,"date":"2024-09-26T03:58:23","date_gmt":"2024-09-26T03:58:23","guid":{"rendered":"https:\/\/pippifoder.se\/?post_type=product&#038;p=10032"},"modified":"2026-05-03T19:32:58","modified_gmt":"2026-05-03T17:32:58","slug":"forstang-med-solsikkekjerner","status":"publish","type":"product","link":"https:\/\/pippifoder.se\/no\/produkt\/fuglemat\/fettfroblanding\/forstang-med-solsikkekjerner\/","title":{"rendered":"F\u00f4rbar med solsikkefr\u00f8"},"content":{"rendered":"","protected":false},"excerpt":{"rendered":"<p>Solsikkepinne F\u00f4rpinne med solsikkefr\u00f8, 200 g 18 cm lang pinne av oksehale med et tykt lag rensede solsikkefr\u00f8. Med snor til oppheng. <\/p>\n","protected":false},"featured_media":10269,"comment_status":"closed","ping_status":"closed","template":"","meta":{"_acf_changed":false},"product_brand":[],"product_cat":[135,124,141],"product_tag":[],"class_list":{"0":"post-10032","1":"product","2":"type-product","3":"status-publish","4":"has-post-thumbnail","6":"product_cat-fettfroblanding","7":"product_cat-fuglemat","8":"product_cat-solsikkefro-no","10":"first","11":"instock","12":"taxable","13":"shipping-taxable","14":"purchasable","15":"product-type-simple"},"bundled_by":["30023"],"bundle_stock_status":"instock","bundle_stock_quantity":497,"bundle_virtual":false,"bundle_layout":"","bundle_add_to_cart_form_location":"","bundle_editable_in_cart":false,"bundle_sold_individually_context":"","bundle_item_grouping":"","bundle_min_size":"","bundle_max_size":"","bundle_price":[],"bundled_items":[],"bundle_sell_ids":[],"acf":[],"_links":{"self":[{"href":"https:\/\/pippifoder.se\/no\/wp-json\/wp\/v2\/product\/10032","targetHints":{"allow":["GET"]}}],"collection":[{"href":"https:\/\/pippifoder.se\/no\/wp-json\/wp\/v2\/product"}],"about":[{"href":"https:\/\/pippifoder.se\/no\/wp-json\/wp\/v2\/types\/product"}],"replies":[{"embeddable":true,"href":"https:\/\/pippifoder.se\/no\/wp-json\/wp\/v2\/comments?post=10032"}],"wp:featuredmedia":[{"embeddable":true,"href":"https:\/\/pippifoder.se\/no\/wp-json\/wp\/v2\/media\/10269"}],"wp:attachment":[{"href":"https:\/\/pippifoder.se\/no\/wp-json\/wp\/v2\/media?parent=10032"}],"wp:term":[{"taxonomy":"product_brand","embeddable":true,"href":"https:\/\/pippifoder.se\/no\/wp-json\/wp\/v2\/product_brand?post=10032"},{"taxonomy":"product_cat","embeddable":true,"href":"https:\/\/pippifoder.se\/no\/wp-json\/wp\/v2\/product_cat?post=10032"},{"taxonomy":"product_tag","embeddable":true,"href":"https:\/\/pippifoder.se\/no\/wp-json\/wp\/v2\/product_tag?post=10032"}],"curies":[{"name":"wp","href":"https:\/\/api.w.org\/{rel}","templated":true}]}}