{"id":10028,"date":"2024-09-26T03:54:35","date_gmt":"2024-09-26T03:54:35","guid":{"rendered":"https:\/\/pippifoder.se\/?post_type=product&#038;p=10028"},"modified":"2026-04-15T13:01:55","modified_gmt":"2026-04-15T11:01:55","slug":"forstang-med-froblanding","status":"publish","type":"product","link":"https:\/\/pippifoder.se\/no\/produkt\/fuglemat\/fettfroblanding\/forstang-med-froblanding\/","title":{"rendered":"F\u00f4rbar med fr\u00f8blanding"},"content":{"rendered":"","protected":false},"excerpt":{"rendered":"<p>Seed Mix Stick F\u00f4rpinne med fr\u00f8blanding, 200 g 18 cm lang pinne av oksetalg med en blanding av korn og flere rensede fr\u00f8sorter. Med snor for oppheng <\/p>\n","protected":false},"featured_media":10265,"comment_status":"closed","ping_status":"closed","template":"","meta":{"_acf_changed":false},"product_brand":[],"product_cat":[135,124],"product_tag":[],"class_list":{"0":"post-10028","1":"product","2":"type-product","3":"status-publish","4":"has-post-thumbnail","6":"product_cat-fettfroblanding","7":"product_cat-fuglemat","9":"first","10":"outofstock","11":"taxable","12":"shipping-taxable","13":"purchasable","14":"product-type-simple"},"bundled_by":[],"bundle_stock_status":"outofstock","bundle_stock_quantity":-2,"bundle_virtual":false,"bundle_layout":"","bundle_add_to_cart_form_location":"","bundle_editable_in_cart":false,"bundle_sold_individually_context":"","bundle_item_grouping":"","bundle_min_size":"","bundle_max_size":"","bundle_price":[],"bundled_items":[],"bundle_sell_ids":[],"acf":[],"_links":{"self":[{"href":"https:\/\/pippifoder.se\/no\/wp-json\/wp\/v2\/product\/10028","targetHints":{"allow":["GET"]}}],"collection":[{"href":"https:\/\/pippifoder.se\/no\/wp-json\/wp\/v2\/product"}],"about":[{"href":"https:\/\/pippifoder.se\/no\/wp-json\/wp\/v2\/types\/product"}],"replies":[{"embeddable":true,"href":"https:\/\/pippifoder.se\/no\/wp-json\/wp\/v2\/comments?post=10028"}],"wp:featuredmedia":[{"embeddable":true,"href":"https:\/\/pippifoder.se\/no\/wp-json\/wp\/v2\/media\/10265"}],"wp:attachment":[{"href":"https:\/\/pippifoder.se\/no\/wp-json\/wp\/v2\/media?parent=10028"}],"wp:term":[{"taxonomy":"product_brand","embeddable":true,"href":"https:\/\/pippifoder.se\/no\/wp-json\/wp\/v2\/product_brand?post=10028"},{"taxonomy":"product_cat","embeddable":true,"href":"https:\/\/pippifoder.se\/no\/wp-json\/wp\/v2\/product_cat?post=10028"},{"taxonomy":"product_tag","embeddable":true,"href":"https:\/\/pippifoder.se\/no\/wp-json\/wp\/v2\/product_tag?post=10028"}],"curies":[{"name":"wp","href":"https:\/\/api.w.org\/{rel}","templated":true}]}}