{"id":8146,"date":"2023-10-02T12:53:50","date_gmt":"2023-10-02T12:53:50","guid":{"rendered":"https:\/\/pippifoder.se\/forhandlere\/"},"modified":"2025-02-03T08:50:42","modified_gmt":"2025-02-03T08:50:42","slug":"forhandlere","status":"publish","type":"page","link":"https:\/\/pippifoder.se\/no\/forhandlere\/","title":{"rendered":"Forhandlere"},"content":{"rendered":"<div class=\"wp-block-text-image-simple\">\n    \n    <figure class=\"wp-block-text-image-simple__figure\">\n                    <picture>\n                  <source media=\"(max-width: 500px)\" srcset=\"https:\/\/pippifoder.se\/app\/uploads\/2023\/10\/handmata-bofink-300x300.png.avif\" type=\"image\/avif\"\n          width=\"300\" height=\"300\">\n              <source media=\"(max-width: 500px)\" srcset=\"https:\/\/pippifoder.se\/app\/uploads\/2023\/10\/handmata-bofink-300x300.png\" type=\"image\/png\"\n          width=\"300\" height=\"300\">\n                        <source media=\"(min-width: 500px)\" srcset=\"https:\/\/pippifoder.se\/app\/uploads\/2023\/10\/handmata-bofink-768x768.png.avif\" type=\"image\/avif\"\n          width=\"768\" height=\"768\">\n              <source media=\"(min-width: 500px)\" srcset=\"https:\/\/pippifoder.se\/app\/uploads\/2023\/10\/handmata-bofink-768x768.png\" type=\"image\/png\"\n          width=\"768\" height=\"768\">\n          \n    <img fetchpriority=\"high\" decoding=\"async\" src=\"https:\/\/pippifoder.se\/app\/uploads\/2023\/10\/handmata-bofink-300x300.png\" alt=\"Fuglemater for fuglefr\u00f8\" loading=\"eager\" width=\"300\" height=\"300\" title=\"\">\n  <\/picture>\n            <\/figure>\n    \n\n    \n    <article class=\"wp-block-text-image-simple__text order-first p-4 lg:pl-0 lg:pr-36\">\n                    \n\n<h1 class=\"wp-block-heading wp-block-text-image-simple__heading\">Lokalt samarbeid<\/h1>\n\n\n\n<p class=\"wp-block-text-image-simple__paragraph\">\u00c5 mate fugler er \u00e5 ta vare p\u00e5 naturen og milj\u00f8et, og et ledd i dette er selvf\u00f8lgelig transport.<br\/>Som p\u00e5 en hvilken som helst vanlig nettbutikk kan du kj\u00f8pe og f\u00e5 varene sendt hjem, kj\u00f8per du f\u00e5 produkter m\u00e5 du betale frakt, men ganske snart blir det likevel gratis frakt. Vi etablerer flere og flere samarbeid med lokale akt\u00f8rer, det kan v\u00e6re n\u00e6ringshager, byggevarehus, landhandlerier og lignende der man er interessert i \u00e5 selge v\u00e5re produkter. Da gj\u00f8r vi en felles innsats og tar inn bestillinger p\u00e5 forh\u00e5nd for \u00e5 vite hvor stor interessen er. S\u00e5 sender vi en (1) transport til v\u00e5r samarbeidspartner og kundene kan hente. Dette er selvf\u00f8lgelig bra, vi reduserer transporten og vi sparer transportkostnader for alle, noe som gj\u00f8r at vi kan holde veldig lave priser.    <\/p>\n\n\n                    <\/article>\n    \n\n<\/div>\n","protected":false},"excerpt":{"rendered":"","protected":false},"author":1,"featured_media":0,"parent":0,"menu_order":0,"comment_status":"closed","ping_status":"closed","template":"","meta":{"_acf_changed":false,"footnotes":""},"class_list":["post-8146","page","type-page","status-publish","hentry"],"acf":[],"_links":{"self":[{"href":"https:\/\/pippifoder.se\/no\/wp-json\/wp\/v2\/pages\/8146","targetHints":{"allow":["GET"]}}],"collection":[{"href":"https:\/\/pippifoder.se\/no\/wp-json\/wp\/v2\/pages"}],"about":[{"href":"https:\/\/pippifoder.se\/no\/wp-json\/wp\/v2\/types\/page"}],"author":[{"embeddable":true,"href":"https:\/\/pippifoder.se\/no\/wp-json\/wp\/v2\/users\/1"}],"replies":[{"embeddable":true,"href":"https:\/\/pippifoder.se\/no\/wp-json\/wp\/v2\/comments?post=8146"}],"version-history":[{"count":0,"href":"https:\/\/pippifoder.se\/no\/wp-json\/wp\/v2\/pages\/8146\/revisions"}],"wp:attachment":[{"href":"https:\/\/pippifoder.se\/no\/wp-json\/wp\/v2\/media?parent=8146"}],"curies":[{"name":"wp","href":"https:\/\/api.w.org\/{rel}","templated":true}]}}