{"id":8140,"date":"2023-09-18T12:12:30","date_gmt":"2023-09-18T12:12:30","guid":{"rendered":"https:\/\/pippifoder.se\/kjopsbetingelser\/"},"modified":"2025-02-03T08:51:44","modified_gmt":"2025-02-03T08:51:44","slug":"kjopsbetingelser","status":"publish","type":"page","link":"https:\/\/pippifoder.se\/no\/kjopsbetingelser\/","title":{"rendered":"Vilk\u00e5r for kj\u00f8p"},"content":{"rendered":"\n<h1 class=\"wp-block-heading\">Vilk\u00e5r for kj\u00f8p<\/h1>\n\n<p>Selskap: Pippifoder Sverige AB (559443-0091)<\/p>\n\n<p>Firmaadresse: Pippifoder Sverige AB, Hantverkaregatan 4, 66130 S\u00e4ffle<\/p>\n\n<h3 class=\"wp-block-heading\">Priser<\/h3>\n\n<p>Alle priser er inkludert moms. Frakt kommer i tillegg.<\/p>\n\n<h3 class=\"wp-block-heading\">Betaling<\/h3>\n\n<p>Betaling p\u00e5 nettstedet skjer via Payson Checkout.  <\/p>\n\n<h3 class=\"wp-block-heading\">Levering<\/h3>\n\n<p>Bestillinger sendes prim\u00e6rt med DHL og leveres til agenter eller direkte til leveringsadressen. Leveringstiden er mellom 3-7 virkedager.<br\/> Hvis det oppst\u00e5r forsinkelser i leveringen (uten at vi har varslet deg om lengre leveringstid), b\u00f8r du kontakte oss direkte via e-post<a href=\"mailto:kontakt@pippifoder.se\">(kontakt@pippifoder.se)<\/a> eller telefon<a href=\"tel:0730267410\">(<\/a><a href=\"tel:0730267410\">0730267410)<\/a>.  <\/p>\n\n<h3 class=\"wp-block-heading\">Rett til oppsigelse<\/h3>\n\n<p>Produktet m\u00e5 v\u00e6re i salgbar stand med ubeskadiget emballasje. Du har lovbestemt 14 dagers angrerett fra det tidspunktet du har mottatt et produkt du har bestilt.<br\/>Ved bruk av angreretten er du som kunde ansvarlig for returfrakten. Ved bruk av angreretten refunderes hele bel\u00f8pet, med unntak av fraktkostnader. Skader p\u00e5 returnerte varer er avsenders ansvar. All returfrakt h\u00e5ndteres av oss i Pippifoder.     <\/p>\n\n<p>Hvis du har benyttet deg av angreretten, oppretter vi en fraktseddel for deg og bestiller henting hos DHL, som kommer og henter varene.  <\/p>\n\n<h3 class=\"wp-block-heading\">Klager<\/h3>\n\n<p>Vennligst informer oss om hvorfor du ikke aksepterer varen og oppgi p\u00e5 hvilken m\u00e5te du mener at varen er defekt via e-post<a href=\"mailto:kontakt@pippifoder.se\">(kontakt@pippifoder.se)<\/a> eller telefon<a href=\"tel:0730267410\">(0730267410)<\/a>. Meld alltid fra om eventuelle reklamasjoner s\u00e5 snart som mulig. Etter loven har du rett til \u00e5 klage p\u00e5 produktet ditt i 3 \u00e5r, forutsatt at mangelen kan p\u00e5beropes overfor selgeren som original, innen 6 m\u00e5neder fra kj\u00f8pstidspunktet. Vi aksepterer den generelle klagenemnda (ARN).   <\/p>\n\n<p>Ved reklamasjon oppretter vi en fraktseddel til deg og bestiller henting med DHL som kommer og henter varene.  <\/p>\n\n<h3 class=\"wp-block-heading\">Betingelser for utveksling<\/h3>\n\n<p>N\u00e5r du bytter et produkt. Du er ansvarlig for returfrakten tilbake til oss, og frakten skjer via oss med oss som fraktbestiller. Ved bytte belastes kj\u00f8peren for nye fraktkostnader. NB! Husk \u00e5 alltid varsle oss via e-post<a href=\"mailto:kontakt@pippifoder.se\">(kontakt@pippifoder.se)<\/a> eller telefon<a href=\"tel:0730267410\">(0730267410)<\/a> f\u00f8r du sender varene dine!    <\/p>\n\n<h3 class=\"wp-block-heading\">Uavhentede pakker<\/h3>\n\n<p>Hvis pakken ikke hentes ut, vil frakt og returfrakt og emballasje bli belastet med 390 SEK inkl. mva. I henhold til svensk lov m\u00e5 du alltid varsle oss n\u00e5r du benytter deg av angrerett, reklamasjon, bytte eller retur av din bestilling.  <\/p>\n\n<figure class=\"wp-block-table\"><table><tbody><tr><td>Ordre totalt<\/td><td>Pris<\/td><td>Leveringsm\u00e5te<\/td><\/tr><tr><td>1-1 499kr<\/td><td>99kr<\/td><td>For \u00e5 plotte<\/td><\/tr><tr><td>1 500kr +<\/td><td>Gratis frakt<\/td><td>For \u00e5 plotte<\/td><\/tr><\/tbody><\/table><\/figure>\n\n<h3 class=\"wp-block-heading\">Kundeservice<\/h3>\n\n<p>G\u00e5 til <a href=\"https:\/\/pippifoder.se\/no\/kontakt-oss\/\" data-type=\"page\" data-id=\"17\">kontaktsiden<\/a> v\u00e5r<\/p>\n\n<h3 class=\"wp-block-heading\"><strong><strong>Samtykke til oppf\u00f8lgings-e-post for produktanmeldelser<\/strong><\/strong><\/h3>\n\n<p>N\u00e5r du handler hos Pippifoder, sender vi deg en oppf\u00f8lgings-e-post 14 dager etter kj\u00f8pet. Form\u00e5let med denne e-posten er \u00e5 invitere deg til \u00e5 legge igjen en anmeldelse av produktene du har kj\u00f8pt.<br\/>Vi tror at dine meninger og erfaringer er verdifulle for b\u00e5de oss og andre kunder. For \u00e5 sende disse invitasjonene bruker vi e-postadressen du oppga ved kj\u00f8pet.<br\/>E-postadressen din og kj\u00f8psinformasjonen din vil bli behandlet i samsvar med v\u00e5re retningslinjer for personvern. Du har rett til \u00e5 reservere deg mot disse invitasjonene n\u00e5r som helst ved \u00e5 kontakte oss eller ved \u00e5 klikke p\u00e5 lenken for avmelding som finnes i hver invitasjons-e-post. Vi vil respektere din beslutning og vil ikke sende deg flere invitasjoner hvis du velger \u00e5 melde deg av.    <\/p>\n","protected":false},"excerpt":{"rendered":"<p>Vilk\u00e5r for kj\u00f8p Selskap: Pippifoder Sverige AB (559443-0091) Firmaadresse: Pippifoder Sverige AB, Hantverkaregatan 4, 66130 S\u00e4ffle Priser Alle priser er inkludert moms. Frakt kommer i tillegg. Betaling Betaling p\u00e5 nettstedet skjer via Payson Checkout. Levering Bestillinger sendes prim\u00e6rt med DHL og leveres til agenter eller direkte til leveringsadressen. Leveringstiden er mellom 3-7 virkedager. Hvis det&#8230;<\/p>\n","protected":false},"author":1,"featured_media":0,"parent":0,"menu_order":0,"comment_status":"closed","ping_status":"closed","template":"","meta":{"_acf_changed":false,"footnotes":""},"class_list":["post-8140","page","type-page","status-publish","hentry"],"acf":[],"_links":{"self":[{"href":"https:\/\/pippifoder.se\/no\/wp-json\/wp\/v2\/pages\/8140","targetHints":{"allow":["GET"]}}],"collection":[{"href":"https:\/\/pippifoder.se\/no\/wp-json\/wp\/v2\/pages"}],"about":[{"href":"https:\/\/pippifoder.se\/no\/wp-json\/wp\/v2\/types\/page"}],"author":[{"embeddable":true,"href":"https:\/\/pippifoder.se\/no\/wp-json\/wp\/v2\/users\/1"}],"replies":[{"embeddable":true,"href":"https:\/\/pippifoder.se\/no\/wp-json\/wp\/v2\/comments?post=8140"}],"version-history":[{"count":0,"href":"https:\/\/pippifoder.se\/no\/wp-json\/wp\/v2\/pages\/8140\/revisions"}],"wp:attachment":[{"href":"https:\/\/pippifoder.se\/no\/wp-json\/wp\/v2\/media?parent=8140"}],"curies":[{"name":"wp","href":"https:\/\/api.w.org\/{rel}","templated":true}]}}