{"id":9773,"date":"2024-09-21T18:03:34","date_gmt":"2024-09-21T18:03:34","guid":{"rendered":"https:\/\/pippifoder.se\/?post_type=product&#038;p=9773"},"modified":"2026-04-24T09:59:16","modified_gmt":"2026-04-24T07:59:16","slug":"kuoritut-orgaaniset-auringonkukansiemenet-25kg-2","status":"publish","type":"product","link":"https:\/\/pippifoder.se\/fi\/tuote\/lintujen-ruokaa\/orgaaninen-lintujen-ruoka\/kuoritut-orgaaniset-auringonkukansiemenet-25kg-2\/","title":{"rendered":"Orgaaniset pellon siemenet 15kg"},"content":{"rendered":"<h2>Ravitsevaa ja kest\u00e4v\u00e4\u00e4 lintujen ruokaa<\/h2>\n<p><strong>Kuoritut orgaaniset auringonkukansiemenemme<\/strong> ovat muutakin kuin lintujen ruokaa.<br \/>\nNe ovat ymp\u00e4rist\u00f6yst\u00e4v\u00e4llinen vaihtoehto, joka sis\u00e4lt\u00e4\u00e4 runsaasti t\u00e4rkeit\u00e4 ravintoaineita:<\/p>\n<ul>\n<li><strong>Luonnonmukainen tuotanto<\/strong> &#8211; Auringonkukansiemenemme kasvatetaan ilman kemiallisia torjunta-aineita tai lannoitteita, mik\u00e4 takaa puhtaan ja luonnollisen tuotteen.<br \/>\nT\u00e4m\u00e4 edist\u00e4\u00e4 paitsi lintujen terveytt\u00e4 my\u00f6s ymp\u00e4rist\u00f6n kest\u00e4vyytt\u00e4.<\/li>\n<li><strong>Korkea rasvapitoisuus<\/strong> &#8211; Kuoritut auringonkukansiemenet ovat t\u00e4ynn\u00e4 luonnollisia \u00f6ljyj\u00e4 ja rasvahappoja, jotka antavat linnuille aineenvaihdunnalle v\u00e4ltt\u00e4m\u00e4tt\u00f6m\u00e4n voimakkaan energiannousun.<br \/>\nRasvahapot tukevat vahvojen h\u00f6yhenten kehittymist\u00e4 ja edist\u00e4v\u00e4t niiden terveytt\u00e4 pitk\u00e4ll\u00e4 aikav\u00e4lill\u00e4.<\/li>\n<li><strong>Helppo sulatus<\/strong> &#8211; Kuorelliset siemenet ovat linnuille helpompia sy\u00f6d\u00e4 ja sulattaa kuin kokonaiset kuorelliset siemenet, joten ne ovat ihanteellinen valinta pienille linnuille ja niille, jotka tarvitsevat nopeasti energiaa.<\/li>\n<li><strong>Korkea ravintotiheys<\/strong> &#8211; Runsaan rasvapitoisuutensa lis\u00e4ksi n\u00e4m\u00e4 siemenet ovat my\u00f6s erinomainen proteiinien ja vitamiinien, kuten E-vitamiinin, l\u00e4hde, jotka edist\u00e4v\u00e4t vahvaa immuunij\u00e4rjestelm\u00e4\u00e4 ja hyv\u00e4\u00e4 lis\u00e4\u00e4ntymisterveytt\u00e4.<\/li>\n<\/ul>\n<h2>Luonnonmukaisten kuorettomien auringonkukansiementen edut<\/h2>\n<p>Meid\u00e4n orgaaninen<br \/>\n<strong>orgaaniset kuorelliset auringonkukansiemenet<\/strong> tarjoavat useita etuja, jotka edist\u00e4v\u00e4t sek\u00e4 lintujen hyvinvointia ett\u00e4 kest\u00e4v\u00e4\u00e4 el\u00e4m\u00e4ntapaa:<\/p>\n<ol>\n<li><strong>Lintujen terveyden tukeminen<\/strong> Luomuauringonkukansiemenet sis\u00e4lt\u00e4v\u00e4t runsaasti rasvaa ja ravintoaineita ilman lis\u00e4aineita tai torjunta-aineita, joten ne ovat turvallisia ja hy\u00f6dyllisi\u00e4 kaikille lintulajeille.<br \/>\nNe parantavat energiatasoa ja tukevat vahvaa h\u00f6yhenpeitett\u00e4 erityisesti kylmin\u00e4 talvikuukausina ja pesim\u00e4aikana.<\/li>\n<li><strong>V\u00e4hemm\u00e4n roiskeita ja puhtaammat ruokintapaikat<\/strong> Koska siemenet on kuorittu, roiskeita on vain v\u00e4h\u00e4n, mik\u00e4 helpottaa ruokintapaikkojen pit\u00e4mist\u00e4 puhtaina ja hygieenisin\u00e4.<br \/>\nT\u00e4m\u00e4 parantaa ruokintaymp\u00e4rist\u00f6\u00e4 ja v\u00e4hent\u00e4\u00e4 tuholaisten riski\u00e4.<\/li>\n<li><strong>Helppo k\u00e4ytt\u00e4\u00e4 ja levitt\u00e4\u00e4<\/strong> Murskattuja auringonkukansiemeni\u00e4 voidaan levitt\u00e4\u00e4 suoraan maahan, lintujen ruokinta-astioihin tai lintulaudoille, mik\u00e4 tekee niist\u00e4 joustavan ruokintaratkaisun.<br \/>\nN\u00e4in ne sopivat erilaisille ruokintamenetelmille ja lintulajeille.<\/li>\n<li><strong>Ymp\u00e4rist\u00f6yst\u00e4v\u00e4llinen vaihtoehto<\/strong> Valitsemalla luonnonmukaisia auringonkukansiemeni\u00e4 tuet kest\u00e4vi\u00e4 viljelyk\u00e4yt\u00e4nt\u00f6j\u00e4, jotka hy\u00f6dytt\u00e4v\u00e4t sek\u00e4 ymp\u00e4rist\u00f6\u00e4 ett\u00e4 lintuja.<br \/>\nAutat v\u00e4hent\u00e4m\u00e4\u00e4n kemikaalien k\u00e4ytt\u00f6\u00e4 ja s\u00e4ilytt\u00e4m\u00e4\u00e4n luonnolliset elinymp\u00e4rist\u00f6t.<\/li>\n<\/ol>\n<h2>Mitk\u00e4 linnut sy\u00f6v\u00e4t orgaanisia auringonkukansiemeni\u00e4?<\/h2>\n<p><strong>Luonnonmukaiset kuorelliset auringonkukansiemenemme<\/strong> ovat monenlaisten lintulajien suosiossa.<br \/>\nSeuraavassa on joitakin lajeja, jotka hy\u00f6tyv\u00e4t erityisesti t\u00e4st\u00e4 korkealaatuisesta lintujen ruoasta:<\/p>\n<ul>\n<li><a href=\"https:\/\/pippifoder.se\/fi\/linnut\/pikkuvarpunen-passer-montanus\/\"><strong>Nuolisimput<\/strong><\/a> &#8211; Hy\u00f6dynt\u00e4v\u00e4t energiarikasta ruokaa pysy\u00e4kseen aktiivisina ja tervein\u00e4 ymp\u00e4ri vuoden.<\/li>\n<li><a href=\"https:\/\/pippifoder.se\/fi\/linnut\/pyrstotiainen-aegithalos-caudatus\/\"><strong>Pitk\u00e4h\u00e4nt\u00e4iset tiaiset<\/strong><\/a> &#8211; N\u00e4m\u00e4 pikkulinnut arvostavat siementen helposti saatavilla olevia rasvoja ja proteiineja.<\/li>\n<li><a href=\"https:\/\/pippifoder.se\/fi\/linnut\/jarripeippo-fringilla-montifringilla\/\"><strong>Vuoristosirkut<\/strong><\/a> &#8211; Saat nopean energiavauhtia, joka auttaa niit\u00e4 s\u00e4ilytt\u00e4m\u00e4\u00e4n aktiivisen el\u00e4m\u00e4ns\u00e4 ja pesim\u00e4menestyksens\u00e4.<\/li>\n<li><a href=\"https:\/\/pippifoder.se\/fi\/linnut\/nokkavarpunen-coccothraustes-coccothraustes\/\"><strong>Kivikeksej\u00e4<\/strong><\/a> &#8211; Auringonkukansiemenet ovat erinomainen ravinnonl\u00e4hde tukemaan niiden rasva- ja proteiinitarvetta.<\/li>\n<li><a href=\"https:\/\/pippifoder.se\/fi\/linnut\/tilhi-bombycilla-garrulus\/\"><strong>Sidewinders<\/strong><\/a> &#8211; Rakastavat ravitsevaa ruokaa ja k\u00e4ytt\u00e4v\u00e4t sit\u00e4 ker\u00e4t\u00e4kseen rasvavarastojaan kylmi\u00e4 kausia varten.<\/li>\n<\/ul>\n<h2>Kuinka ruokkia luonnonvaraisia lintuja luonnonmukaisilla auringonkukansiemenill\u00e4?<\/h2>\n<ol>\n<li><strong>Valitse oikea ruokintamenetelm\u00e4<\/strong> Levit\u00e4 siemenet <a href=\"https:\/\/pippifoder.se\/fi\/lintujen-ruokinta\/\">lintujen ruokintalaitteeseen<\/a>, lintulaudalle tai suoraan maahan.<br \/>\nR\u00e4\u00e4t\u00e4l\u00f6i menetelm\u00e4 sen mukaan, mit\u00e4 lintulajeja haluat houkutella puutarhaan.<\/li>\n<li><strong>Sijoita ruokinta turvalliseen paikkaan<\/strong> Ripusta tai aseta ruokinta paikkaan, jossa linnut tuntevat olonsa turvalliseksi saalistajilta.<br \/>\nPaikka l\u00e4hell\u00e4 pensaita tai puita tarjoaa suojaa ja helpon p\u00e4\u00e4syn ruokintapaikalle.<\/li>\n<li><strong>T\u00e4yt\u00e4 s\u00e4\u00e4nn\u00f6llisesti<\/strong> Jotta linnut saisivat jatkuvasti ravintoa, t\u00e4yt\u00e4 ruokinta s\u00e4\u00e4nn\u00f6llisesti ja tarkkaile ruokintapaikkaa, jotta se pysyy vapaana vanhasta ruoasta ja j\u00e4tteist\u00e4.<\/li>\n<li>Pid\u00e4 ruokintapaikka hygieenisen\u00e4 <strong>puhdistamalla<\/strong> ruokintapaikka s\u00e4\u00e4nn\u00f6llisesti l\u00e4mpim\u00e4ll\u00e4 vedell\u00e4 ja miedolla saippualla.<br \/>\nT\u00e4m\u00e4 v\u00e4hent\u00e4\u00e4 tautiriski\u00e4 ja pit\u00e4\u00e4 siemenet tuoreina pidemp\u00e4\u00e4n.<\/li>\n<\/ol>\n<h2>Tilaa orgaaniset kuorettomat auringonkukansiemenet jo t\u00e4n\u00e4\u00e4n!<\/h2>\n<p>Tarjoa luonnonvaraisille linnuillesi parasta ravintoa ja tue ymp\u00e4rist\u00f6\u00e4 <strong>luonnonmukaisesti tuotetuilla kuorellisilla auringonkukansiemenill\u00e4<\/strong>.<br \/>\nTilaa nyt ja katso, kuinka puutarhastasi tulee terveiden ja onnellisten lintujen turvapaikka!<\/p>\n","protected":false},"excerpt":{"rendered":"<p>Ruotsissa tuotetut, luonnonmukaisesti viljellyt peltosiemenemme ovat ruotsalaisen viljantuotannon j\u00e4\u00e4nn\u00f6stuotteita. Ne sis\u00e4lt\u00e4v\u00e4t ravitsevan sekoituksen t\u00e4ysjyv\u00e4viljaa spelttikaurasta, alastomasta kaurasta, vehn\u00e4st\u00e4, rukiista ja emmerist\u00e4 sek\u00e4 rikkaruohojen siemeni\u00e4 sianpuolukasta, kyn\u00e4jalavasta ja taskuruohosta &#8211; todellista herkkua linnuille! <\/p>\n<p>Pellon siemenet ovat erityisen suosittuja maalla ruokailevien lintujen, kuten keltasirkun, harmaavarpusen, kultasirkun ja kyyhkysen, keskuudessa. Vaikka linnut, kuten tiaiset, mustarastas ja punarinta, suosivat paksumpia siemeni\u00e4, ne sy\u00f6v\u00e4t pellon siemeni\u00e4, jos niit\u00e4 on saatavilla. <\/p>\n<p>Ripottele siemeni\u00e4 maahan, mieluiten lapioidulle pinnalle tai tallatulle lumelle, ja sekoita eri lajikkeita, jotta saat tasapainoisen ja t\u00e4ydellisen lintujen rehun. N\u00e4m\u00e4 siemenet sopivat erinomaisesti my\u00f6s kanojen luomurehuksi! <\/p>\n","protected":false},"featured_media":9778,"comment_status":"closed","ping_status":"closed","template":"","meta":{"_acf_changed":false},"product_brand":[],"product_cat":[198,129,127,112,583],"product_tag":[],"class_list":{"0":"post-9773","1":"product","2":"type-product","3":"status-publish","4":"has-post-thumbnail","6":"product_cat-orgaaninen-lintujen-ruoka","7":"product_cat-kanojen-rehu-ja-ruoka","8":"product_cat-linnunsiemen","9":"product_cat-lintujen-ruokaa","10":"product_cat-riistanruoka","12":"first","13":"instock","14":"taxable","15":"shipping-taxable","16":"purchasable","17":"product-type-simple"},"bundled_by":[],"bundle_stock_status":"instock","bundle_stock_quantity":183,"bundle_virtual":false,"bundle_layout":"","bundle_add_to_cart_form_location":"","bundle_editable_in_cart":false,"bundle_sold_individually_context":"","bundle_item_grouping":"","bundle_min_size":"","bundle_max_size":"","bundle_price":[],"bundled_items":[],"bundle_sell_ids":[],"acf":[],"_links":{"self":[{"href":"https:\/\/pippifoder.se\/fi\/wp-json\/wp\/v2\/product\/9773","targetHints":{"allow":["GET"]}}],"collection":[{"href":"https:\/\/pippifoder.se\/fi\/wp-json\/wp\/v2\/product"}],"about":[{"href":"https:\/\/pippifoder.se\/fi\/wp-json\/wp\/v2\/types\/product"}],"replies":[{"embeddable":true,"href":"https:\/\/pippifoder.se\/fi\/wp-json\/wp\/v2\/comments?post=9773"}],"wp:featuredmedia":[{"embeddable":true,"href":"https:\/\/pippifoder.se\/fi\/wp-json\/wp\/v2\/media\/9778"}],"wp:attachment":[{"href":"https:\/\/pippifoder.se\/fi\/wp-json\/wp\/v2\/media?parent=9773"}],"wp:term":[{"taxonomy":"product_brand","embeddable":true,"href":"https:\/\/pippifoder.se\/fi\/wp-json\/wp\/v2\/product_brand?post=9773"},{"taxonomy":"product_cat","embeddable":true,"href":"https:\/\/pippifoder.se\/fi\/wp-json\/wp\/v2\/product_cat?post=9773"},{"taxonomy":"product_tag","embeddable":true,"href":"https:\/\/pippifoder.se\/fi\/wp-json\/wp\/v2\/product_tag?post=9773"}],"curies":[{"name":"wp","href":"https:\/\/api.w.org\/{rel}","templated":true}]}}