{"id":9443,"date":"2024-01-09T18:38:14","date_gmt":"2024-01-09T18:38:14","guid":{"rendered":"https:\/\/pippifoder.se\/Ei-luokiteltu\/kuoritut-auringonkukansiemenet-15kg-helpall-50kpl\/"},"modified":"2026-04-15T12:58:42","modified_gmt":"2026-04-15T10:58:42","slug":"kuoritut-auringonkukansiemenet-15kg-helpall-50kpl","status":"publish","type":"product","link":"https:\/\/pippifoder.se\/fi\/tuote\/lintujen-ruokaa\/auringonkukansiemenet-linnuille\/kuoritut-auringonkukansiemenet-15kg-helpall-50kpl\/","title":{"rendered":"Kuoritut auringonkukansiemenet 15kg &#8211; Helpall (50kpl)"},"content":{"rendered":"<h2>Kuoritut auringonkukansiemenet suuressa pakkauksessa<\/h2>\n<p>Osta kokonainen lava 50 kpl 15 kg:n pusseja kuorittuja auringonkukansiemeni\u00e4 absoluuttisen edulliseen hintaan. Ilmainen toimitus kotiovellesi. <\/p>\n<h2>Usein kysytyt kysymykset kuorettomista auringonkukansiemenist\u00e4<\/h2>\n<p>Seuraavassa on lueteltu useimmin kysytyt kysymykset kuorettomista auringonkukansiemenist\u00e4.<\/p>\n<h3>Miksi kuoritut auringonkukansiemenet?<\/h3>\n<p>Olemme p\u00e4\u00e4tt\u00e4neet tuoda kotiin kuorittuja auringonkukansiemeni\u00e4 muutamasta syyst\u00e4:<\/p>\n<ul>\n<li>Pussillinen kuorittuja auringonkukansiemeni\u00e4 sis\u00e4lt\u00e4\u00e4 kaksi kertaa enemm\u00e4n siemeni\u00e4 kuin pussillinen kuorellisia siemeni\u00e4, kuoret ovat l\u00e4hes 50 % painosta!<\/li>\n<li>K\u00e4yt\u00e4mme puolet v\u00e4hemm\u00e4n pakkauksia, kun kuorta ei tarvitse kuljettaa.<\/li>\n<li>Halvemmat toimitukset, koska emme l\u00e4het\u00e4 romua (kuoret).<\/li>\n<li>Kuoritut auringonkukansiemenet viev\u00e4t vain puolet v\u00e4hemm\u00e4n tilaa saman ruokam\u00e4\u00e4r\u00e4n varastointiin.<\/li>\n<li>Sinun ja naapureidesi ei tarvitse k\u00e4sitell\u00e4 paljon auringonkukan kuorij\u00e4tett\u00e4.<\/li>\n<li>Useammat linnut voivat helpommin sy\u00f6d\u00e4 kuorellisia auringonkukansiemeni\u00e4, mutta kaikilla ei ole todellista kuorenmurskaajan nokkaa.<\/li>\n<\/ul>\n<h3>Mist\u00e4 auringonkukansiemenet tulevat?<\/h3>\n<p>Auringonkukansiemeni\u00e4 viljell\u00e4\u00e4n p\u00e4\u00e4asiassa It\u00e4-Euroopassa, ja Ukraina on merkitt\u00e4v\u00e4 auringonkukansiementen viej\u00e4. Kuorelliset auringonkukansiemenemme tulevat Bulgariasta, joka on merkitt\u00e4v\u00e4 auringonkukansiementen tuottaja ja viej\u00e4. <\/p>\n<h3>Kuinka paljon kuoritut auringonkukansiemenet vastaavat?<\/h3>\n<p>Noin puolet tavallisista auringonkukansiemenist\u00e4 on kuorittuja. Voidaan sanoa, ett\u00e4 15 kg kuorittuja auringonkukansiemeni\u00e4 vastaa noin 30 kg kuorittuja auringonkukansiemeni\u00e4. <\/p>\n<h3>Ovatko kuoritut auringonkukansiemenet kokonaisia?<\/h3>\n<p>Kyll\u00e4, kuorettomat auringonkukansiemenemme ovat kokonaisia, eiv\u00e4t murskattuja.<\/p>\n<h3>Ovatko kuoritut auringonkukansiemenemme luomua?<\/h3>\n<p>Auringonkukansiemenemme ovat per\u00e4isin niin sanotusta &#8221;tavanomaisesta&#8221; viljelyst\u00e4, mik\u00e4 tarkoittaa, ett\u00e4 ne on ruiskutettu, eiv\u00e4tk\u00e4 ne n\u00e4in ollen ole luonnonmukaisia. Selvit\u00e4mme mahdollisuutta tuoda kotiin luonnonmukaisia kuorittuja auringonkukansiemeni\u00e4. Jos haluat ostaa luomuauringonkukansiemeni\u00e4, l\u00e4het\u00e4 s\u00e4hk\u00f6postia osoitteeseen <a href=\"mailto:kontakt@pippifoder.se\">kontakt@pippifoder.se<\/a>.  <\/p>\n<h3>Voivatko kanat sy\u00f6d\u00e4 kuorittuja auringonkukansiemeni\u00e4?<\/h3>\n<p>Kyll\u00e4, kanat rakastavat kuorittuja auringonkukansiemeni\u00e4! \ud83d\ude42<\/p>\n<h3>Voivatko linnut sy\u00f6d\u00e4 kuoritut auringonkukansiemenet?<\/h3>\n<p>Kuoritut auringonkukansiemenemme ovat elintarvikelaatua, mutta myymme niit\u00e4 lintujen ruokana.<\/p>\n<h3>Mit\u00e4 eroa on auringonkukansiemenill\u00e4 ja auringonkukansiemenill\u00e4?<\/h3>\n<p>Kuorelliset auringonkukansiemenet ovat oikea nimi niille auringonkukansiemenille, joita joskus kutsutaan virheellisesti auringonkukansiemeniksi. N\u00e4m\u00e4 siemenet muodostavat itse asiassa auringonkukan siemenet. Ne sijaitsevat upean auringonkukan kukan ruskeassa osassa, jossa auringonkukan pienet, kiinte\u00e4t hedelm\u00e4t sis\u00e4lt\u00e4v\u00e4t n\u00e4it\u00e4 siemeni\u00e4.  <\/p>\n","protected":false},"excerpt":{"rendered":"<p>Koko lava 50 15 kg:n pussillista korkealaatuisia kuorittuja auringonkukansiemeni\u00e4. Yhteens\u00e4 750 kg! T\u00e4ydellinen tilattavaksi, jos teit\u00e4 on useita, jotka haluavat jakaa, jotta jo ennest\u00e4\u00e4n halpa hintamme laskee entisest\u00e4\u00e4n! Kuorettomat auringonkukansiemenet sopivat erinomaisesti kaikenlaisille linnuille. 15kg kuorittuja auringonkukansiemeni\u00e4 vastaa noin 30kg kuorittuja auringonkukansiemeni\u00e4. Ilmainen toimitus kotiinkuljetuksella koko Ruotsissa!     <\/p>\n","protected":false},"featured_media":6671,"comment_status":"closed","ping_status":"closed","template":"","meta":{"_acf_changed":false},"product_brand":[],"product_cat":[131,132,113,127,112,122,184],"product_tag":[103,100],"class_list":{"0":"post-9443","1":"product","2":"type-product","3":"status-publish","4":"has-post-thumbnail","6":"product_cat-auringonkukansiemenet-linnuille","7":"product_cat-auringonkukansiemenet","8":"product_cat-illiintyneiden-lintujen-siemenet-villiintyneiden-lintujen-ruoka","9":"product_cat-linnunsiemen","10":"product_cat-lintujen-ruokaa","11":"product_cat-lintujen-siemenia-ja-lintujen-ruokaa-myynnissa","12":"product_cat-suuri-pakkaus","13":"product_tag-auringonkukansiemenet","14":"product_tag-lintujen-ruokaa","15":"product_shipping_class-ruotsi","17":"first","18":"instock","19":"sale","20":"taxable","21":"shipping-taxable","22":"purchasable","23":"product-type-simple"},"bundled_by":[],"bundle_stock_status":"instock","bundle_stock_quantity":null,"bundle_virtual":false,"bundle_layout":"","bundle_add_to_cart_form_location":"","bundle_editable_in_cart":false,"bundle_sold_individually_context":"","bundle_item_grouping":"","bundle_min_size":"","bundle_max_size":"","bundle_price":[],"bundled_items":[],"bundle_sell_ids":[],"acf":[],"_links":{"self":[{"href":"https:\/\/pippifoder.se\/fi\/wp-json\/wp\/v2\/product\/9443","targetHints":{"allow":["GET"]}}],"collection":[{"href":"https:\/\/pippifoder.se\/fi\/wp-json\/wp\/v2\/product"}],"about":[{"href":"https:\/\/pippifoder.se\/fi\/wp-json\/wp\/v2\/types\/product"}],"replies":[{"embeddable":true,"href":"https:\/\/pippifoder.se\/fi\/wp-json\/wp\/v2\/comments?post=9443"}],"wp:featuredmedia":[{"embeddable":true,"href":"https:\/\/pippifoder.se\/fi\/wp-json\/wp\/v2\/media\/6671"}],"wp:attachment":[{"href":"https:\/\/pippifoder.se\/fi\/wp-json\/wp\/v2\/media?parent=9443"}],"wp:term":[{"taxonomy":"product_brand","embeddable":true,"href":"https:\/\/pippifoder.se\/fi\/wp-json\/wp\/v2\/product_brand?post=9443"},{"taxonomy":"product_cat","embeddable":true,"href":"https:\/\/pippifoder.se\/fi\/wp-json\/wp\/v2\/product_cat?post=9443"},{"taxonomy":"product_tag","embeddable":true,"href":"https:\/\/pippifoder.se\/fi\/wp-json\/wp\/v2\/product_tag?post=9443"}],"curies":[{"name":"wp","href":"https:\/\/api.w.org\/{rel}","templated":true}]}}