{"id":9440,"date":"2024-08-23T08:28:02","date_gmt":"2024-08-23T06:28:02","guid":{"rendered":"https:\/\/pippifoder.se\/Ei-luokiteltu\/alasti-kaura-25kg\/"},"modified":"2026-04-15T12:56:52","modified_gmt":"2026-04-15T10:56:52","slug":"alasti-kaura-25kg","status":"publish","type":"product","link":"https:\/\/pippifoder.se\/fi\/tuote\/lintujen-ruokaa\/linnunsiemen\/alasti-kaura-25kg\/","title":{"rendered":"Alasti kaura 25kg"},"content":{"rendered":"<p>Alastomassa kaurassa on runsaasti t\u00e4rkeit\u00e4 ravintoaineita, kuten proteiinia, kuituja ja terveellisi\u00e4 rasvoja. T\u00e4m\u00e4 tekee siit\u00e4 energiarikkaan ravinnonl\u00e4hteen, joka auttaa lintuja s\u00e4ilytt\u00e4m\u00e4\u00e4n ruumiinl\u00e4mp\u00f6ns\u00e4 ja energiatasonsa erityisesti kylmin\u00e4 talvikuukausina. <\/p>\n<h2><strong>Mitk\u00e4 linnut pit\u00e4v\u00e4t alastomasta kaurasta?<\/strong><\/h2>\n<p>Useat tavalliset puutarhalinnut arvostavat alastonta kauraa, muun muassa:<\/p>\n<ul>\n<li><strong>Keltainen varpunen<\/strong>: Keltaiset varpuset rakastavat alastonta kauraa sen korkean energiasis\u00e4ll\u00f6n vuoksi.<\/li>\n<li><strong>Harmaa varpunen<\/strong>: Pit\u00e4\u00e4 alastomasta kaurasta.<\/li>\n<li><strong>Viherpeippo<\/strong>: Viherpeippo pit\u00e4\u00e4 kaurasta, koska sen jyv\u00e4t ovat helposti sulavia.<\/li>\n<li><strong>Nuolihaukka<\/strong>: Nuolihaukat arvostavat tunnetusti alastonta kauraa, erityisesti silloin, kun sit\u00e4 tarjotaan lintujen ruokintapaikoissa.<\/li>\n<\/ul>\n<h2><strong>Kuinka k\u00e4ytt\u00e4\u00e4 alastonta kauraa lintujen ruokana?<\/strong><\/h2>\n<p>Alasti kaura on monik\u00e4ytt\u00f6inen, ja sit\u00e4 voidaan k\u00e4ytt\u00e4\u00e4 monin eri tavoin lintujen ruokintaan:<\/p>\n<ul>\n<li><strong>Levit\u00e4 maahan<\/strong>: Ripottele alastonta kauraa suoraan maahan houkutellaksesi maassa ruokailevia lintuja.<\/li>\n<li><strong>Lintujen ruokinta<\/strong>: T\u00e4yt\u00e4 lintujen ruokintapaikat alastomalla kauralla, jotta linnut saavat helposti ruokaa.<\/li>\n<li><strong>Sekoita muiden siementen kanssa<\/strong>: Yhdist\u00e4 nakokauraa muiden siementen ja p\u00e4hkin\u00f6iden kanssa monipuolisen ja ravitsevan sekoituksen luomiseksi.<\/li>\n<\/ul>\n","protected":false},"excerpt":{"rendered":"<p>25 kg Ruotsissa kasvatettua alastonta kauraa luonnonvaraisille linnuille. Alastomalla kauralla tarkoitetaan kauralajiketta, jonka kuori irtoaa luonnollisesti sadonkorjuun aikana, jolloin siemenet ovat helpommin lintujen saatavilla ja helpommin sy\u00f6t\u00e4viss\u00e4. Runsaasti rasvaa ja proteiinia. Toisin kuin tavallista kauraa, alastonta kauraa ei tarvitse kuoria, joten se on nopeampi ja ravinteikkaampi valinta linnuille.   <\/p>\n","protected":false},"featured_media":12520,"comment_status":"closed","ping_status":"closed","template":"","meta":{"_acf_changed":false},"product_brand":[],"product_cat":[127,113,129,112,327],"product_tag":[],"class_list":{"0":"post-9440","1":"product","2":"type-product","3":"status-publish","4":"has-post-thumbnail","6":"product_cat-linnunsiemen","7":"product_cat-illiintyneiden-lintujen-siemenet-villiintyneiden-lintujen-ruoka","8":"product_cat-kanojen-rehu-ja-ruoka","9":"product_cat-lintujen-ruokaa","10":"product_cat-nakenhavre-fi","12":"first","13":"instock","14":"taxable","15":"shipping-taxable","16":"purchasable","17":"product-type-simple"},"bundled_by":[],"bundle_stock_status":"instock","bundle_stock_quantity":51,"bundle_virtual":false,"bundle_layout":"","bundle_add_to_cart_form_location":"","bundle_editable_in_cart":false,"bundle_sold_individually_context":"","bundle_item_grouping":"","bundle_min_size":"","bundle_max_size":"","bundle_price":[],"bundled_items":[],"bundle_sell_ids":[],"acf":[],"_links":{"self":[{"href":"https:\/\/pippifoder.se\/fi\/wp-json\/wp\/v2\/product\/9440","targetHints":{"allow":["GET"]}}],"collection":[{"href":"https:\/\/pippifoder.se\/fi\/wp-json\/wp\/v2\/product"}],"about":[{"href":"https:\/\/pippifoder.se\/fi\/wp-json\/wp\/v2\/types\/product"}],"replies":[{"embeddable":true,"href":"https:\/\/pippifoder.se\/fi\/wp-json\/wp\/v2\/comments?post=9440"}],"wp:featuredmedia":[{"embeddable":true,"href":"https:\/\/pippifoder.se\/fi\/wp-json\/wp\/v2\/media\/12520"}],"wp:attachment":[{"href":"https:\/\/pippifoder.se\/fi\/wp-json\/wp\/v2\/media?parent=9440"}],"wp:term":[{"taxonomy":"product_brand","embeddable":true,"href":"https:\/\/pippifoder.se\/fi\/wp-json\/wp\/v2\/product_brand?post=9440"},{"taxonomy":"product_cat","embeddable":true,"href":"https:\/\/pippifoder.se\/fi\/wp-json\/wp\/v2\/product_cat?post=9440"},{"taxonomy":"product_tag","embeddable":true,"href":"https:\/\/pippifoder.se\/fi\/wp-json\/wp\/v2\/product_tag?post=9440"}],"curies":[{"name":"wp","href":"https:\/\/api.w.org\/{rel}","templated":true}]}}