{"id":9439,"date":"2024-08-23T11:15:31","date_gmt":"2024-08-23T09:15:31","guid":{"rendered":"https:\/\/pippifoder.se\/Ei-luokiteltu\/kanamysli-25-kg\/"},"modified":"2026-05-12T09:58:09","modified_gmt":"2026-05-12T07:58:09","slug":"kanamysli-25-kg","status":"publish","type":"product","link":"https:\/\/pippifoder.se\/fi\/tuote\/kanat\/kanojen-rehu-ja-ruoka\/kanamysli-25-kg\/","title":{"rendered":"Kanamysli 25 kg"},"content":{"rendered":"","protected":false},"excerpt":{"rendered":"<p>25kg kanamysli, valmistettu Ruotsissa. Kanamysli on kanojen ja kanojen t\u00e4ydennysrehu. Kanamysli sis\u00e4lt\u00e4\u00e4: Maissi <a href=\"https:\/\/pippifoder.se\/fi\/tuote\/kanat\/kanojen-rehu-ja-ruoka\/maissin-murskaus-25kg\/\">, vehn\u00e4<\/a>, ohra, saflori, dari, hirssi, nakokaura, rypsi, <a href=\"https:\/\/pippifoder.se\/fi\/tuote\/lintujen-ruokaa\/linnunsiemen\/alasti-kaura-25kg\/\">auringonkukansiemenet, hernejyv\u00e4t<\/a>. Sopii erinomaisesti kanojen lis\u00e4herkuksi.   <\/p>\n","protected":false},"featured_media":7598,"comment_status":"closed","ping_status":"closed","template":"","meta":{"_acf_changed":false},"product_brand":[],"product_cat":[129,113,112],"product_tag":[],"class_list":{"0":"post-9439","1":"product","2":"type-product","3":"status-publish","4":"has-post-thumbnail","6":"product_cat-kanojen-rehu-ja-ruoka","7":"product_cat-illiintyneiden-lintujen-siemenet-villiintyneiden-lintujen-ruoka","8":"product_cat-lintujen-ruokaa","10":"first","11":"instock","12":"taxable","13":"shipping-taxable","14":"purchasable","15":"product-type-simple"},"bundled_by":[],"bundle_stock_status":"instock","bundle_stock_quantity":54,"bundle_virtual":false,"bundle_layout":"","bundle_add_to_cart_form_location":"","bundle_editable_in_cart":false,"bundle_sold_individually_context":"","bundle_item_grouping":"","bundle_min_size":"","bundle_max_size":"","bundle_price":[],"bundled_items":[],"bundle_sell_ids":[],"acf":[],"_links":{"self":[{"href":"https:\/\/pippifoder.se\/fi\/wp-json\/wp\/v2\/product\/9439","targetHints":{"allow":["GET"]}}],"collection":[{"href":"https:\/\/pippifoder.se\/fi\/wp-json\/wp\/v2\/product"}],"about":[{"href":"https:\/\/pippifoder.se\/fi\/wp-json\/wp\/v2\/types\/product"}],"replies":[{"embeddable":true,"href":"https:\/\/pippifoder.se\/fi\/wp-json\/wp\/v2\/comments?post=9439"}],"wp:featuredmedia":[{"embeddable":true,"href":"https:\/\/pippifoder.se\/fi\/wp-json\/wp\/v2\/media\/7598"}],"wp:attachment":[{"href":"https:\/\/pippifoder.se\/fi\/wp-json\/wp\/v2\/media?parent=9439"}],"wp:term":[{"taxonomy":"product_brand","embeddable":true,"href":"https:\/\/pippifoder.se\/fi\/wp-json\/wp\/v2\/product_brand?post=9439"},{"taxonomy":"product_cat","embeddable":true,"href":"https:\/\/pippifoder.se\/fi\/wp-json\/wp\/v2\/product_cat?post=9439"},{"taxonomy":"product_tag","embeddable":true,"href":"https:\/\/pippifoder.se\/fi\/wp-json\/wp\/v2\/product_tag?post=9439"}],"curies":[{"name":"wp","href":"https:\/\/api.w.org\/{rel}","templated":true}]}}