{"id":9432,"date":"2023-11-23T11:34:36","date_gmt":"2023-11-23T10:34:36","guid":{"rendered":"https:\/\/pippifoder.se\/Ei-luokiteltu\/kuorettomat-maapahkinat-linnuille-25-kg\/"},"modified":"2026-05-16T06:40:56","modified_gmt":"2026-05-16T04:40:56","slug":"kuorettomat-maapahkinat-linnuille-25-kg","status":"publish","type":"product","link":"https:\/\/pippifoder.se\/fi\/tuote\/lintujen-ruokaa\/maapahkinat\/kuorettomat-maapahkinat-linnuille-25-kg\/","title":{"rendered":"Kuorettomat maap\u00e4hkin\u00e4t linnuille 25 kg"},"content":{"rendered":"<h2>Maap\u00e4hkin\u00e4t linnut<\/h2>\n<p>Kuorelliset maap\u00e4hkin\u00e4t linnuille ovat lintujen ruokintapaikkojen suosikkeja. Helppok\u00e4ytt\u00f6isyytens\u00e4 ja ravinteikkaan ytimens\u00e4 ansiosta n\u00e4m\u00e4 siemenet houkuttelevat puutarhaan monenlaisia luonnonvaraisia lintuja. Tutkitaanpa, miksi n\u00e4m\u00e4 siemenet ovat loistava valinta lintujen parhaaksi.  <\/p>\n<h2>Miksi kuoritut maap\u00e4hkin\u00e4t linnuille?<\/h2>\n<p>Olemme p\u00e4\u00e4tt\u00e4neet tuoda kotiin kuorittuja maap\u00e4hkin\u00f6it\u00e4 muutamasta syyst\u00e4:<\/p>\n<ul>\n<li>Pussissa on kaksi kertaa enemm\u00e4n maap\u00e4hkin\u00f6it\u00e4, kuoret ovat l\u00e4hes 50 % painosta.<\/li>\n<li>Sinun ja naapureidesi ei tarvitse huolehtia maap\u00e4hkin\u00e4nkuorista.<\/li>\n<li>Useammat linnut voivat sy\u00f6d\u00e4 helpommin, kaikilla ei ole todellista simpukkanokkaa.<\/li>\n<\/ul>\n<h2>Mitk\u00e4 linnut sy\u00f6v\u00e4t maap\u00e4hkin\u00f6it\u00e4?<\/h2>\n<p>Monet lintulajit rakastavat maap\u00e4hkin\u00f6it\u00e4. Maap\u00e4hkin\u00e4t ovat monien luonnonvaraisten lintujen suosikkiruokaa aina uteliaasta p\u00f6ll\u00f6st\u00e4 v\u00e4rikk\u00e4\u00e4seen sinitiaiseen. Niiden korkea proteiini- ja rasvapitoisuus tekee niist\u00e4 erinomaisen energianl\u00e4hteen erityisesti kylmin\u00e4 kuukausina.  <\/p>\n<h2>Miss\u00e4 maap\u00e4hkin\u00f6it\u00e4 tuotetaan?<\/h2>\n<p>Maap\u00e4hkin\u00f6it\u00e4 viljell\u00e4\u00e4n monissa osissa maailmaa Pohjois-Amerikasta Afrikkaan ja Aasiaan. Ne viihtyv\u00e4t l\u00e4mpim\u00e4ss\u00e4 ilmastossa ja vaativat kypsy\u00e4kseen pitk\u00e4n kasvukauden. Maap\u00e4hkin\u00e4mme ovat eri alkuper\u00e4\u00e4 saatavuuden mukaan.  <\/p>\n","protected":false},"excerpt":{"rendered":"<p>Laadukkaita kuorettomia maap\u00e4hkin\u00f6it\u00e4 linnuille, jotka sopivat erinomaisesti kaikenlaisille linnuille. Pakattu 25 kg:n s\u00e4kkeihin. Maap\u00e4hkin\u00e4t ovat puolikkaita ja niiss\u00e4 on j\u00e4ljell\u00e4 pieni punainen kuori. Jos haluat t\u00e4ysin valkoisia p\u00e4hkin\u00f6it\u00e4, tutustu <a href=\"https:\/\/pippifoder.se\/fi\/tuote\/lintujen-ruokaa\/maapahkinat\/blanchoidut-maapahkinat-linnuille-25-kg\/\">valkaistuihin maap\u00e4hkin\u00f6ihimme<\/a>!   <\/p>\n<p><strong>Hintatakuu<\/strong>, jos l\u00f6yd\u00e4t halvemman vastaavan tuotteen, vastaamme hintaan!<\/p>\n","protected":false},"featured_media":6500,"comment_status":"closed","ping_status":"closed","template":"","meta":{"_acf_changed":false},"product_brand":[],"product_cat":[130,113,252,112],"product_tag":[],"class_list":{"0":"post-9432","1":"product","2":"type-product","3":"status-publish","4":"has-post-thumbnail","6":"product_cat-maapahkinat","7":"product_cat-illiintyneiden-lintujen-siemenet-villiintyneiden-lintujen-ruoka","8":"product_cat-kuorettomat-maapahkinat","9":"product_cat-lintujen-ruokaa","10":"product_shipping_class-ruotsi","12":"first","13":"instock","14":"taxable","15":"shipping-taxable","16":"purchasable","17":"product-type-simple"},"bundled_by":["21501"],"bundle_stock_status":"instock","bundle_stock_quantity":75,"bundle_virtual":false,"bundle_layout":"","bundle_add_to_cart_form_location":"","bundle_editable_in_cart":false,"bundle_sold_individually_context":"","bundle_item_grouping":"","bundle_min_size":"","bundle_max_size":"","bundle_price":[],"bundled_items":[],"bundle_sell_ids":[],"acf":[],"_links":{"self":[{"href":"https:\/\/pippifoder.se\/fi\/wp-json\/wp\/v2\/product\/9432","targetHints":{"allow":["GET"]}}],"collection":[{"href":"https:\/\/pippifoder.se\/fi\/wp-json\/wp\/v2\/product"}],"about":[{"href":"https:\/\/pippifoder.se\/fi\/wp-json\/wp\/v2\/types\/product"}],"replies":[{"embeddable":true,"href":"https:\/\/pippifoder.se\/fi\/wp-json\/wp\/v2\/comments?post=9432"}],"wp:featuredmedia":[{"embeddable":true,"href":"https:\/\/pippifoder.se\/fi\/wp-json\/wp\/v2\/media\/6500"}],"wp:attachment":[{"href":"https:\/\/pippifoder.se\/fi\/wp-json\/wp\/v2\/media?parent=9432"}],"wp:term":[{"taxonomy":"product_brand","embeddable":true,"href":"https:\/\/pippifoder.se\/fi\/wp-json\/wp\/v2\/product_brand?post=9432"},{"taxonomy":"product_cat","embeddable":true,"href":"https:\/\/pippifoder.se\/fi\/wp-json\/wp\/v2\/product_cat?post=9432"},{"taxonomy":"product_tag","embeddable":true,"href":"https:\/\/pippifoder.se\/fi\/wp-json\/wp\/v2\/product_tag?post=9432"}],"curies":[{"name":"wp","href":"https:\/\/api.w.org\/{rel}","templated":true}]}}