{"id":9429,"date":"2023-09-18T12:17:31","date_gmt":"2023-09-18T12:17:31","guid":{"rendered":"https:\/\/pippifoder.se\/Ei-luokiteltu\/kuoritut-auringonkukansiemenet-15kg\/"},"modified":"2026-04-03T05:11:21","modified_gmt":"2026-04-03T05:11:21","slug":"kuoritut-auringonkukansiemenet-15kg","status":"publish","type":"product","link":"https:\/\/pippifoder.se\/fi\/tuote\/lintujen-ruokaa\/auringonkukansiemenet-linnuille\/kuoritut-auringonkukansiemenet-15kg\/","title":{"rendered":"Kuoritut auringonkukansiemenet 15kg"},"content":{"rendered":"<p>Kuorelliset auringonkukansiemenet eiv\u00e4t ole vain kes\u00e4aikainen herkku, vaan niill\u00e4 on my\u00f6s t\u00e4rke\u00e4 rooli pikkulintujen, kuten sinitiaisten, viherpeippojen ja mustarastaan eloonj\u00e4\u00e4misess\u00e4. N\u00e4m\u00e4 linnut viett\u00e4v\u00e4t suuren osan valveillaoloajastaan ruoan etsimiseen. Kuorellisten siementen tarjoaminen helpottaa niit\u00e4, koska niiden ei tarvitse n\u00e4hd\u00e4 vaivaa siemenkuorien avaamiseksi. T\u00e4m\u00e4 s\u00e4\u00e4st\u00e4\u00e4 arvokasta aikaa ja tekee ruokinnasta tehokkaampaa.   <\/p>\n<p>Kuorettomien auringonkukansiementemme kosteuspitoisuus on alhainen, alle 8 %, ja niiden puhtausaste on yli 99,95 %, mik\u00e4 on osoitus niiden korkeasta laadusta. Auringonkukansiemenet sis\u00e4lt\u00e4v\u00e4t 18 % proteiinia ja 62 % rasvaa, mik\u00e4 on t\u00e4rke\u00e4\u00e4 lintujen ravinnon kannalta. <\/p>\n<p>Kuorettomat auringonkukansiemenet merkitsev\u00e4t my\u00f6s v\u00e4hemm\u00e4n j\u00e4tett\u00e4 ja ei-toivottuja t\u00e4hteit\u00e4 puutarhassa. Energiarikkaan luonteensa ansiosta ne ovat ihanteellisia kaikenlaisille linnuille. 15 kilon pakkaus vastaa noin 30 kiloa kuorettomia siemeni\u00e4, ja ne on puhdistettu kahdesti, jotta v\u00e4ltet\u00e4\u00e4n ep\u00e4puhtaudet, kuten tikut ja roskat. Auringonkukansiemenet ovat leipomolaatua, mutta myymme niit\u00e4 rehuna.   <\/p>\n<p>Luonnonvaraisten lintujen ruokkiminen ei ole vain kaunis ele luontoa kohtaan, vaan se on my\u00f6s tapa edist\u00e4\u00e4 luonnon monimuotoisuutta. N\u00e4ill\u00e4 siemenill\u00e4 voit houkutella eri lintulajeja, kuten sinitiaisia, p\u00e4hkin\u00e4pensastiaisia ja peippoja. Mutta ennen kaikkea teet sen itsesi vuoksi ja nauttiaksesi linnuista puutarhassasi!  <\/p>\n<p>Valitsemalla kuorettomat auringonkukansiemenet edist\u00e4t aktiivisesti lintujen hyvinvointia erityisesti vaikeina kuukausina. On t\u00e4rke\u00e4\u00e4 ottaa huomioon niiden terveys ja turvallisuus k\u00e4ytt\u00e4m\u00e4ll\u00e4 sopivia ruokintapaikkoja ja huoltamalla niit\u00e4 s\u00e4\u00e4nn\u00f6llisesti saastumisen v\u00e4ltt\u00e4miseksi. <\/p>\n<p>Yhteenvetona voidaan todeta, ett\u00e4 kuorettomat auringonkukansiemenet ovat erinomainen vaihtoehto naapuruston luonnonvaraisten lintujen tukemiseen ja kasvattamiseen.<\/p>\n<h2>Usein kysytyt kysymykset kuorettomista auringonkukansiemenist\u00e4<\/h2>\n<p>Seuraavassa on lueteltu useimmin kysytyt kysymykset kuorettomista auringonkukansiemenist\u00e4.<\/p>\n<h3>Miksi kuoritut auringonkukansiemenet?<\/h3>\n<p>Olemme p\u00e4\u00e4tt\u00e4neet tuoda kotiin kuorittuja auringonkukansiemeni\u00e4 muutamasta syyst\u00e4:<\/p>\n<ul>\n<li>Pussillinen kuorittuja auringonkukansiemeni\u00e4 sis\u00e4lt\u00e4\u00e4 kaksi kertaa enemm\u00e4n siemeni\u00e4 kuin pussillinen kuorellisia siemeni\u00e4, kuoret ovat l\u00e4hes 50 % painosta!<\/li>\n<li>K\u00e4yt\u00e4mme puolet v\u00e4hemm\u00e4n pakkauksia, kun kuorta ei tarvitse kuljettaa.<\/li>\n<li>Halvemmat toimitukset, koska emme l\u00e4het\u00e4 romua (kuoret).<\/li>\n<li>Kuoritut auringonkukansiemenet viev\u00e4t vain puolet v\u00e4hemm\u00e4n tilaa saman ruokam\u00e4\u00e4r\u00e4n varastointiin.<\/li>\n<li>Sinun ja naapureidesi ei tarvitse k\u00e4sitell\u00e4 paljon auringonkukan kuorij\u00e4tett\u00e4.<\/li>\n<li>Useammat linnut voivat helpommin sy\u00f6d\u00e4 kuorellisia auringonkukansiemeni\u00e4, mutta kaikilla ei ole todellista kuorenmurskaajan nokkaa.<\/li>\n<\/ul>\n<p>Lue lis\u00e4\u00e4 siit\u00e4, mit\u00e4 lintujen ruokinnassa kannattaa ottaa huomioon tietopankistamme!<\/p>\n<h3>Mitk\u00e4 linnut sy\u00f6v\u00e4t kuorellisia auringonkukansiemeni\u00e4?<\/h3>\n<p>Auringonkukansiemenet houkuttelevat monenlaisia lintulajeja. Yleisimpi\u00e4 lintulajeja ovat mm: <\/p>\n<ul>\n<li>Rautavarpunen<\/li>\n<li>Viherpeippo<\/li>\n<li>Musta korkki<\/li>\n<li>Blackbird<\/li>\n<li>Robin<\/li>\n<li>Pitk\u00e4h\u00e4nt\u00e4tiainen<\/li>\n<\/ul>\n<p>Auringonkukansiemenill\u00e4 on korkea \u00f6ljypitoisuus ja ravintoarvo, joten ne ovat erinomainen energian ja ravinnon l\u00e4hde monille linnuille.<\/p>\n<h3>Mist\u00e4 auringonkukansiemenet tulevat?<\/h3>\n<p>Auringonkukansiemeni\u00e4 viljell\u00e4\u00e4n p\u00e4\u00e4asiassa It\u00e4-Euroopassa, ja Ukraina on merkitt\u00e4v\u00e4 auringonkukansiementen viej\u00e4. Kuorelliset auringonkukansiemenemme tulevat Bulgariasta, joka on merkitt\u00e4v\u00e4 auringonkukansiementen tuottaja ja viej\u00e4. <\/p>\n<h3>Kuinka paljon kuoritut auringonkukansiemenet vastaavat?<\/h3>\n<p>Noin puolet tavallisista auringonkukansiemenist\u00e4 on kuorittuja. Voidaan sanoa, ett\u00e4 15 kg kuorittuja auringonkukansiemeni\u00e4 vastaa noin 30 kg kuorittuja auringonkukansiemeni\u00e4. <\/p>\n<h3>Ovatko kuoritut auringonkukansiemenet kokonaisia?<\/h3>\n<p>Kyll\u00e4, kuorettomat auringonkukansiemenemme ovat kokonaisia, eiv\u00e4t murskattuja.<\/p>\n<h3>Ovatko kuoritut auringonkukansiemenemme luomua?<\/h3>\n<p>N\u00e4m\u00e4 auringonkukansiemenet ovat per\u00e4isin niin sanotusta &#8221;tavanomaisesta&#8221; viljelyst\u00e4, mik\u00e4 tarkoittaa, ett\u00e4 ne on ruiskutettu, eiv\u00e4tk\u00e4 ne siten ole luonnonmukaisia. Asiakkaiden pyynn\u00f6st\u00e4 olemme tuoneet kotiin <a href=\"https:\/\/pippifoder.se\/fi\/produkt\/lintujen-ruokaa\/orgaaninen-lintujen-ruoka\/kuoritut-orgaaniset-auringonkukansiemenet-25kg\/\">kuorittuja luomuauringonkukansiemeni\u00e4!<\/a> <\/p>\n<h3>Voivatko kanat sy\u00f6d\u00e4 kuorittuja auringonkukansiemeni\u00e4?<\/h3>\n<p>Kyll\u00e4, kanat rakastavat kuorittuja auringonkukansiemeni\u00e4! \ud83d\ude42<\/p>\n<h3>Voivatko linnut sy\u00f6d\u00e4 kuoritut auringonkukansiemenet?<\/h3>\n<p>Kuoritut auringonkukansiemenemme ovat elintarvikelaatua, mutta myymme niit\u00e4 lintujen ruokana.<\/p>\n<h3>Mit\u00e4 eroa on auringonkukansiemenill\u00e4 ja auringonkukansiemenill\u00e4?<\/h3>\n<p>Kuorelliset auringonkukansiemenet ovat oikea nimi niille <a href=\"https:\/\/pippifoder.se\/fi\/auringonkukansiemenet\/\">auringonkukansiemenille, joita joskus kutsutaan virheellisesti auringonkukansiemeniksi<\/a>. N\u00e4m\u00e4 siemenet muodostavat itse asiassa auringonkukan siemenet. Ne sijaitsevat upean auringonkukan kukan ruskeassa osassa, jossa auringonkukan pienet, kiinte\u00e4t hedelm\u00e4t sis\u00e4lt\u00e4v\u00e4t n\u00e4it\u00e4 siemeni\u00e4.  <\/p>\n","protected":false},"excerpt":{"rendered":"<p>Laadukkaat kuorettomat auringonkukansiemenet. Kuorelliset auringonkukansiemenet sopivat erinomaisesti kaikenlaisille linnuille. 15 kg kuorittuja auringonkukansiemeni\u00e4 vastaa suunnilleen 30 kg kuorittuja auringonkukansiemeni\u00e4.  <\/p>\n<p><strong>Hintatakuu<\/strong>, jos l\u00f6yd\u00e4t halvemman vastaavan tuotteen, vastaamme hintaan!<\/p>\n","protected":false},"featured_media":26154,"comment_status":"closed","ping_status":"closed","template":"","meta":{"_acf_changed":false},"product_brand":[],"product_cat":[131,132,113,127,112,183],"product_tag":[103,100],"class_list":{"0":"post-9429","1":"product","2":"type-product","3":"status-publish","4":"has-post-thumbnail","6":"product_cat-auringonkukansiemenet-linnuille","7":"product_cat-auringonkukansiemenet","8":"product_cat-illiintyneiden-lintujen-siemenet-villiintyneiden-lintujen-ruoka","9":"product_cat-linnunsiemen","10":"product_cat-lintujen-ruokaa","11":"product_cat-mustat-auringonkukansiemenet-linnuille","12":"product_tag-auringonkukansiemenet","13":"product_tag-lintujen-ruokaa","14":"product_shipping_class-ruotsi","16":"first","17":"instock","18":"taxable","19":"shipping-taxable","20":"purchasable","21":"product-type-simple"},"bundled_by":["9267"],"bundle_stock_status":"instock","bundle_stock_quantity":1612,"bundle_virtual":false,"bundle_layout":"","bundle_add_to_cart_form_location":"","bundle_editable_in_cart":false,"bundle_sold_individually_context":"","bundle_item_grouping":"","bundle_min_size":"","bundle_max_size":"","bundle_price":[],"bundled_items":[],"bundle_sell_ids":[],"acf":[],"_links":{"self":[{"href":"https:\/\/pippifoder.se\/fi\/wp-json\/wp\/v2\/product\/9429","targetHints":{"allow":["GET"]}}],"collection":[{"href":"https:\/\/pippifoder.se\/fi\/wp-json\/wp\/v2\/product"}],"about":[{"href":"https:\/\/pippifoder.se\/fi\/wp-json\/wp\/v2\/types\/product"}],"replies":[{"embeddable":true,"href":"https:\/\/pippifoder.se\/fi\/wp-json\/wp\/v2\/comments?post=9429"}],"wp:featuredmedia":[{"embeddable":true,"href":"https:\/\/pippifoder.se\/fi\/wp-json\/wp\/v2\/media\/26154"}],"wp:attachment":[{"href":"https:\/\/pippifoder.se\/fi\/wp-json\/wp\/v2\/media?parent=9429"}],"wp:term":[{"taxonomy":"product_brand","embeddable":true,"href":"https:\/\/pippifoder.se\/fi\/wp-json\/wp\/v2\/product_brand?post=9429"},{"taxonomy":"product_cat","embeddable":true,"href":"https:\/\/pippifoder.se\/fi\/wp-json\/wp\/v2\/product_cat?post=9429"},{"taxonomy":"product_tag","embeddable":true,"href":"https:\/\/pippifoder.se\/fi\/wp-json\/wp\/v2\/product_tag?post=9429"}],"curies":[{"name":"wp","href":"https:\/\/api.w.org\/{rel}","templated":true}]}}