{"id":9425,"date":"2024-02-13T18:51:19","date_gmt":"2024-02-13T18:51:19","guid":{"rendered":"https:\/\/pippifoder.se\/Ei-luokiteltu\/birdie-talipallokone-musta\/"},"modified":"2026-04-15T13:01:05","modified_gmt":"2026-04-15T11:01:05","slug":"birdie-talipallokone-musta","status":"publish","type":"product","link":"https:\/\/pippifoder.se\/fi\/tuote\/lintujen-ruokinta\/lintupoyta\/birdie-talipallokone-musta\/","title":{"rendered":"Birdie talipallokone &#8211; Musta"},"content":{"rendered":"<h2>Tuotespesifikaatio &#8211; Birdie talipalloannostelija &#8211; Musta<\/h2>\n<p><strong>Materiaali: 100 % <\/strong>kierr\u00e4tetty\u00e4 polypropeenia (PP).<br \/>\n<strong>Ulkomitat:<\/strong> 18 X 18 X 27,5 cm.<br \/>\n<strong>V\u00e4ri:<\/strong> Musta<\/p>\n","protected":false},"excerpt":{"rendered":"<p>Birdie talipalloannostelija on talipalloannostelija, joka on helppo t\u00e4ytt\u00e4\u00e4 uudelleen ja puhdistaa. Talipalloannostelijassa on tilaa 5 talipallolle. Matalapalloannostelija voidaan kiinnitt\u00e4\u00e4 tikkuun tai ripustaa koukkuun tai naruun puuhun. Talipalloannostelija on valmistettu kierr\u00e4tysmuovista.   <\/p>\n","protected":false},"featured_media":13329,"comment_status":"open","ping_status":"closed","template":"","meta":{"_acf_changed":false},"product_brand":[],"product_cat":[173,171,174,708],"product_tag":[],"class_list":{"0":"post-9425","1":"product","2":"type-product","3":"status-publish","4":"has-post-thumbnail","6":"product_cat-lintupoyta","7":"product_cat-linnunsyottolaite-linnunsiemenia-varten","8":"product_cat-lintujen-ruokinta","9":"product_cat-lintujen-syottolaite-mokkapalloja-varten","10":"product_shipping_class-ruotsi","12":"first","13":"instock","14":"taxable","15":"shipping-taxable","16":"purchasable","17":"product-type-simple"},"bundled_by":[],"bundle_stock_status":"instock","bundle_stock_quantity":34,"bundle_virtual":false,"bundle_layout":"","bundle_add_to_cart_form_location":"","bundle_editable_in_cart":false,"bundle_sold_individually_context":"","bundle_item_grouping":"","bundle_min_size":"","bundle_max_size":"","bundle_price":[],"bundled_items":[],"bundle_sell_ids":[],"acf":[],"_links":{"self":[{"href":"https:\/\/pippifoder.se\/fi\/wp-json\/wp\/v2\/product\/9425","targetHints":{"allow":["GET"]}}],"collection":[{"href":"https:\/\/pippifoder.se\/fi\/wp-json\/wp\/v2\/product"}],"about":[{"href":"https:\/\/pippifoder.se\/fi\/wp-json\/wp\/v2\/types\/product"}],"replies":[{"embeddable":true,"href":"https:\/\/pippifoder.se\/fi\/wp-json\/wp\/v2\/comments?post=9425"}],"wp:featuredmedia":[{"embeddable":true,"href":"https:\/\/pippifoder.se\/fi\/wp-json\/wp\/v2\/media\/13329"}],"wp:attachment":[{"href":"https:\/\/pippifoder.se\/fi\/wp-json\/wp\/v2\/media?parent=9425"}],"wp:term":[{"taxonomy":"product_brand","embeddable":true,"href":"https:\/\/pippifoder.se\/fi\/wp-json\/wp\/v2\/product_brand?post=9425"},{"taxonomy":"product_cat","embeddable":true,"href":"https:\/\/pippifoder.se\/fi\/wp-json\/wp\/v2\/product_cat?post=9425"},{"taxonomy":"product_tag","embeddable":true,"href":"https:\/\/pippifoder.se\/fi\/wp-json\/wp\/v2\/product_tag?post=9425"}],"curies":[{"name":"wp","href":"https:\/\/api.w.org\/{rel}","templated":true}]}}