{"id":9409,"date":"2024-02-01T08:01:24","date_gmt":"2024-02-01T08:01:24","guid":{"rendered":"https:\/\/pippifoder.se\/Ei-luokiteltu\/villielainpuutarha-decobird-tree-creeper-puun-hiipija\/"},"modified":"2025-01-27T14:09:16","modified_gmt":"2025-01-27T14:09:16","slug":"villielainpuutarha-decobird-tree-creeper-puun-hiipija","status":"publish","type":"product","link":"https:\/\/pippifoder.se\/fi\/tuote\/tarvikkeet\/woodbirds-fi\/wildlife-garden-decobird-fi\/villielainpuutarha-decobird-tree-creeper-puun-hiipija\/","title":{"rendered":"Villiel\u00e4inpuutarha &#8211; DecoBird Tree Creeper puun hiipij\u00e4"},"content":{"rendered":"<h2>Veistetty puinen lintu<\/h2>\n<p>DecoBird Tree Creeper kuvaa t\u00e4t\u00e4 energist\u00e4 lintua sen luonteenomaisimmassa k\u00e4ytt\u00e4ytymisess\u00e4, puunrunkoa pitkin kiipeilem\u00e4ss\u00e4.<br \/>\nSen tyypillinen hoikka kaareva nokka ja t\u00e4plik\u00e4s vartalo muodostavat leikkis\u00e4n mutta klassisen koristeen kirjahyllyyn tai lipastoon. <\/p>\n<p>DecoBird Tree Creeper on huolellisesti k\u00e4sin veistetty ja maalattu ymp\u00e4rist\u00f6yst\u00e4v\u00e4llisell\u00e4 maalilla.<\/p>\n<h3>Tree creepers muilla kielill\u00e4:<\/h3>\n<p>Tieteellinen nimi: Certhia familiaris English: Common treecreeper German: Waldbauml\u00e4ufer French: Grimpereau des bois Italian: Rampichino alpestre Dutch: Taigaboomkruiper Spanish: Agateador Euroasi\u00e1tico<\/p>\n","protected":false},"excerpt":{"rendered":"<p>DecoBird Tree Creeper kuvaa t\u00e4t\u00e4 energist\u00e4 lintua sen luonteenomaisimmassa k\u00e4ytt\u00e4ytymisess\u00e4, puunrunkoa pitkin kiipeilem\u00e4ss\u00e4.<br \/>\nSen tyypillinen hoikka kaareva nokka ja t\u00e4plik\u00e4s vartalo muodostavat leikkis\u00e4n mutta klassisen koristeen kirjahyllyyn tai lipastoon. <\/p>\n","protected":false},"featured_media":7238,"comment_status":"open","ping_status":"closed","template":"","meta":{"_acf_changed":false},"product_brand":[],"product_cat":[145,122,165],"product_tag":[],"class_list":{"0":"post-9409","1":"product","2":"type-product","3":"status-publish","4":"has-post-thumbnail","6":"product_cat-wildlife-garden-decobird-fi","7":"product_cat-lintujen-siemenia-ja-lintujen-ruokaa-myynnissa","8":"product_cat-tarvikkeet","9":"product_shipping_class-ruotsi","11":"first","12":"outofstock","13":"sale","14":"taxable","15":"shipping-taxable","16":"purchasable","17":"product-type-simple"},"bundled_by":[],"bundle_stock_status":"outofstock","bundle_stock_quantity":0,"bundle_virtual":false,"bundle_layout":"","bundle_add_to_cart_form_location":"","bundle_editable_in_cart":false,"bundle_sold_individually_context":"","bundle_item_grouping":"","bundle_min_size":"","bundle_max_size":"","bundle_price":[],"bundled_items":[],"bundle_sell_ids":[],"acf":[],"_links":{"self":[{"href":"https:\/\/pippifoder.se\/fi\/wp-json\/wp\/v2\/product\/9409","targetHints":{"allow":["GET"]}}],"collection":[{"href":"https:\/\/pippifoder.se\/fi\/wp-json\/wp\/v2\/product"}],"about":[{"href":"https:\/\/pippifoder.se\/fi\/wp-json\/wp\/v2\/types\/product"}],"replies":[{"embeddable":true,"href":"https:\/\/pippifoder.se\/fi\/wp-json\/wp\/v2\/comments?post=9409"}],"wp:featuredmedia":[{"embeddable":true,"href":"https:\/\/pippifoder.se\/fi\/wp-json\/wp\/v2\/media\/7238"}],"wp:attachment":[{"href":"https:\/\/pippifoder.se\/fi\/wp-json\/wp\/v2\/media?parent=9409"}],"wp:term":[{"taxonomy":"product_brand","embeddable":true,"href":"https:\/\/pippifoder.se\/fi\/wp-json\/wp\/v2\/product_brand?post=9409"},{"taxonomy":"product_cat","embeddable":true,"href":"https:\/\/pippifoder.se\/fi\/wp-json\/wp\/v2\/product_cat?post=9409"},{"taxonomy":"product_tag","embeddable":true,"href":"https:\/\/pippifoder.se\/fi\/wp-json\/wp\/v2\/product_tag?post=9409"}],"curies":[{"name":"wp","href":"https:\/\/api.w.org\/{rel}","templated":true}]}}