{"id":9406,"date":"2023-09-20T11:33:22","date_gmt":"2023-09-20T11:33:22","guid":{"rendered":"https:\/\/pippifoder.se\/Ei-luokiteltu\/lintujen-ruoka-suosituimmat-tuotteemme\/"},"modified":"2025-07-17T19:05:40","modified_gmt":"2025-07-17T19:05:40","slug":"lintujen-ruoka-suosituimmat-tuotteemme","status":"publish","type":"product","link":"https:\/\/pippifoder.se\/fi\/tuote\/lintujen-ruokaa\/lintujen-ruoka-suosituimmat-tuotteemme\/","title":{"rendered":"Lintujen ruoka &#8211; Suosituimmat tuotteemme"},"content":{"rendered":"<p>Osta yleisimm\u00e4t lintujen ruokintaan tarkoitetut tuotteet samalta sivulta markkinoiden edullisimpaan hintaan. Olemme ker\u00e4nneet kuoritut auringonkukansiemenet ja maap\u00e4hkin\u00e4t j\u00e4rkeviss\u00e4 pakkauksissa, hyv\u00e4 laatu ja edullisin hinta, voiko parempaa olla? \ud83d\ude42 <strong>Ilmainen toimitus jos ostat yli 1 500kr.<\/strong>  <\/p>\n<h2>Miksi kuoritut auringonkukansiemenet?<\/h2>\n<p>Olemme p\u00e4\u00e4tt\u00e4neet tuoda kotiin kuorittuja auringonkukansiemeni\u00e4 muutamasta syyst\u00e4:<\/p>\n<ul>\n<li>Pussillinen kuorittuja auringonkukansiemeni\u00e4 sis\u00e4lt\u00e4\u00e4 kaksi kertaa enemm\u00e4n siemeni\u00e4 kuin pussillinen kuorellisia siemeni\u00e4, kuoret ovat l\u00e4hes 50 % painosta!<\/li>\n<li>K\u00e4yt\u00e4mme puolet v\u00e4hemm\u00e4n pakkauksia, kun kuorta ei tarvitse kuljettaa.<\/li>\n<li>Halvemmat toimitukset, koska emme l\u00e4het\u00e4 romua (kuoret).<\/li>\n<li>Kuoritut auringonkukansiemenet viev\u00e4t vain puolet v\u00e4hemm\u00e4n tilaa saman ruokam\u00e4\u00e4r\u00e4n varastointiin.<\/li>\n<li>Sinun ja naapureidesi ei tarvitse k\u00e4sitell\u00e4 paljon auringonkukan kuorij\u00e4tett\u00e4.<\/li>\n<li>Useammat linnut voivat helpommin sy\u00f6d\u00e4 kuorellisia auringonkukansiemeni\u00e4, mutta kaikilla ei ole todellista kuorenmurskaajan nokkaa.<\/li>\n<\/ul>\n<h2 class=\"wp-block-heading\">Hintavertailu kuoritut auringonkukansiemenet<\/h2>\n<p>Jotta vertailu olisi mahdollisimman tasapuolinen, olemme k\u00e4ytt\u00e4neet 10-25 kg:n pakkausta, joka on yleisin ostettujen auringonkukansiementen koko. Olemme laskeneet kilohinnan, emmek\u00e4 ole ottaneet huomioon toimituskuluja, koska useimmilla (my\u00f6s meill\u00e4 Pippifoderilla) on ilmainen toimitus suhteellisen pienille tilauksille. <\/p>\n<figure class=\"wp-block-table\">\n<table>\n<tbody>\n<tr>\n<td><strong>Toimittaja<\/strong><\/td>\n<td><strong>Tuote<\/strong><\/td>\n<td><strong>Hinta\/kg<\/strong><\/td>\n<\/tr>\n<tr>\n<td>Pippi-sy\u00f6tt\u00f6<\/td>\n<td><a href=\"https:\/\/pippifoder.se\/fi\/produkt\/lintujen-ruokaa\/auringonkukansiemenet-linnuille\/kuoritut-auringonkukansiemenet-15kg\/\" data-type=\"link\" data-id=\"https:\/\/pippifoder.se\/skalade-solrosfron-15kg\/\">Kuoritut auringonkukansiemenet 15kg<\/a><\/td>\n<td><strong>27,93 kr<\/strong><\/td>\n<\/tr>\n<tr>\n<td>Biltema<\/td>\n<td>Kuoritut auringonkukansiemenet 10 kg<\/td>\n<td>38,90 kr<\/td>\n<\/tr>\n<tr>\n<td>Ruohonleikkurimies<\/td>\n<td>Kuoritut auringonkukansiemenet 25kg<\/td>\n<td>47,96 kr<\/td>\n<\/tr>\n<tr>\n<td>Naapuruston maatila<\/td>\n<td>Kuoritut auringonkukansiemenet 10 kg<\/td>\n<td>56,90 kr<\/td>\n<\/tr>\n<\/tbody>\n<\/table><figcaption class=\"wp-element-caption\"><\/figcaption><\/figure>\n<p><strong>Johtop\u00e4\u00e4t\u00f6s: Pippifoderilla on markkinoiden halvimmat kuoritut auringonkukansiemenet!<\/strong><\/p>\n<h2 class=\"wp-block-heading\">Hintavertailu kuorettomat maap\u00e4hkin\u00e4t<\/h2>\n<p>Jotta vertailu olisi mahdollisimman tasapuolinen, olemme k\u00e4ytt\u00e4neet 10 kilon pakkausta, joka on yleisin ostettava maap\u00e4hkin\u00e4koko. Olemme laskeneet kilohinnan, emmek\u00e4 ole ottaneet huomioon toimituskuluja, sill\u00e4 useimmilla (my\u00f6s meill\u00e4 Pippifoderilla) on ilmainen toimitus suhteellisen pienille tilauksille. <\/p>\n<figure class=\"wp-block-table\">\n<table>\n<tbody>\n<tr>\n<td><strong>Toimittaja<\/strong><\/td>\n<td><strong>Tuote<\/strong><\/td>\n<td><strong>Hinta\/kg<\/strong><\/td>\n<\/tr>\n<tr>\n<td>Pippi ruoka<\/td>\n<td><a href=\"https:\/\/pippifoder.se\/skalade-jordnotter-10kg\/\" data-type=\"link\" data-id=\"https:\/\/pippifoder.se\/skalade-solrosfron-15kg\/\">Kuorettomat maap\u00e4hkin\u00e4t 10kg<\/a><\/td>\n<td><strong>39,90 kr<\/strong><\/td>\n<\/tr>\n<tr>\n<td>Biltema<\/td>\n<td>Kuorettomat maap\u00e4hkin\u00e4t 10 kg<\/td>\n<td>43,90 kr<\/td>\n<\/tr>\n<tr>\n<td>Naapuruston maatila<\/td>\n<td>Kuorettomat maap\u00e4hkin\u00e4t 10 kg<\/td>\n<td>49,90 kr<\/td>\n<\/tr>\n<tr>\n<td>Haymaker<\/td>\n<td>Kuorettomat maap\u00e4hkin\u00e4t 10kg<\/td>\n<td>64,76 kr<\/td>\n<\/tr>\n<\/tbody>\n<\/table><figcaption class=\"wp-element-caption\"><\/figcaption><\/figure>\n<p><strong>Johtop\u00e4\u00e4t\u00f6s: Pippifoderilla on markkinoiden halvimmat kuorettomat maap\u00e4hkin\u00e4t!<\/strong><\/p>\n","protected":false},"excerpt":{"rendered":"<p>T\u00e4h\u00e4n olemme koonneet suosituimmat lintujen ruokintaan tarkoitetut tuotteemme, <a href=\"https:\/\/pippifoder.se\/fi\/auringonkukansiemenet-linnuille\/\">auringonkukansiemenet<\/a>, <a href=\"https:\/\/pippifoder.se\/fi\/maapahkinat\/\">maap\u00e4hkin\u00e4t<\/a>, <a href=\"https:\/\/pippifoder.se\/fi\/tallapallot-pienille-linnuille\/\">mokkapallot<\/a> ja <a href=\"https:\/\/pippifoder.se\/fi\/lintujen-ruokaa\/riistan-siemenseos\/vildfagelmix-utan-skal-15kg\/\">luonnonvaraisten lintujen ruokintaseokset<\/a>.<\/p>\n","protected":false},"featured_media":7610,"comment_status":"closed","ping_status":"closed","template":"","meta":{"_acf_changed":false},"product_brand":[],"product_cat":[112,132,131,113,127,130,179],"product_tag":[],"class_list":{"0":"post-9406","1":"product","2":"type-product","3":"status-publish","4":"has-post-thumbnail","6":"product_cat-lintujen-ruokaa","7":"product_cat-auringonkukansiemenet","8":"product_cat-auringonkukansiemenet-linnuille","9":"product_cat-illiintyneiden-lintujen-siemenet-villiintyneiden-lintujen-ruoka","10":"product_cat-linnunsiemen","11":"product_cat-maapahkinat","12":"product_cat-wild-bird-mix","14":"first","15":"instock","16":"taxable","17":"shipping-taxable","18":"product-type-grouped"},"bundled_by":[],"bundle_stock_status":"instock","bundle_stock_quantity":null,"bundle_virtual":false,"bundle_layout":"","bundle_add_to_cart_form_location":"","bundle_editable_in_cart":false,"bundle_sold_individually_context":"","bundle_item_grouping":"","bundle_min_size":"","bundle_max_size":"","bundle_price":[],"bundled_items":[],"bundle_sell_ids":[],"acf":[],"_links":{"self":[{"href":"https:\/\/pippifoder.se\/fi\/wp-json\/wp\/v2\/product\/9406","targetHints":{"allow":["GET"]}}],"collection":[{"href":"https:\/\/pippifoder.se\/fi\/wp-json\/wp\/v2\/product"}],"about":[{"href":"https:\/\/pippifoder.se\/fi\/wp-json\/wp\/v2\/types\/product"}],"replies":[{"embeddable":true,"href":"https:\/\/pippifoder.se\/fi\/wp-json\/wp\/v2\/comments?post=9406"}],"wp:featuredmedia":[{"embeddable":true,"href":"https:\/\/pippifoder.se\/fi\/wp-json\/wp\/v2\/media\/7610"}],"wp:attachment":[{"href":"https:\/\/pippifoder.se\/fi\/wp-json\/wp\/v2\/media?parent=9406"}],"wp:term":[{"taxonomy":"product_brand","embeddable":true,"href":"https:\/\/pippifoder.se\/fi\/wp-json\/wp\/v2\/product_brand?post=9406"},{"taxonomy":"product_cat","embeddable":true,"href":"https:\/\/pippifoder.se\/fi\/wp-json\/wp\/v2\/product_cat?post=9406"},{"taxonomy":"product_tag","embeddable":true,"href":"https:\/\/pippifoder.se\/fi\/wp-json\/wp\/v2\/product_tag?post=9406"}],"curies":[{"name":"wp","href":"https:\/\/api.w.org\/{rel}","templated":true}]}}