{"id":9400,"date":"2024-02-01T07:53:59","date_gmt":"2024-02-01T07:53:59","guid":{"rendered":"https:\/\/pippifoder.se\/Ei-luokiteltu\/villielainpuutarha-decobird-lentava-sinitiainen\/"},"modified":"2024-02-01T07:53:59","modified_gmt":"2024-02-01T07:53:59","slug":"villielainpuutarha-decobird-lentava-sinitiainen","status":"publish","type":"product","link":"https:\/\/pippifoder.se\/fi\/tuote\/tarvikkeet\/woodbirds-fi\/wildlife-garden-decobird-fi\/villielainpuutarha-decobird-lentava-sinitiainen\/","title":{"rendered":"Villiel\u00e4inpuutarha &#8211; DecoBird Lent\u00e4v\u00e4 sinitiainen"},"content":{"rendered":"<h2>Aidosti j\u00e4ljennetty lent\u00e4v\u00e4 sinitiainen<\/h2>\n<p>  Se on veistetty lehmuspuusta ja maalattu k\u00e4sin lent\u00e4v\u00e4\u00e4n asentoon, ja siit\u00e4 tulee eloisa yksityiskohta, joka roikkuu ikkunassa tai huoneen oksilla.<br \/>\nKaunis ja vieh\u00e4tt\u00e4v\u00e4 lis\u00e4 mihin tahansa sisustukseen.<br \/>\nLintu on pakattu vitriinirasiaan, jossa on ikkuna, josta n\u00e4et sinitiaisen kurkistelevan ulos.<br \/>\nLue muutamia kuriositeetteja sinitiaisesta oheisesta miniesitteest\u00e4.     <\/p>\n<h3>Sinitiainen<\/h3>\n<p>  Sinitiainen on nokkamaisen ulkon\u00e4k\u00f6ns\u00e4 ansiosta puutarhan pieni suosikki.<br \/>\nPienest\u00e4 koostaan huolimatta se on linnunp\u00f6yd\u00e4ss\u00e4 kova pala, eiv\u00e4tk\u00e4 isommat linnut h\u00e4tistele sit\u00e4.<br \/>\nSe pit\u00e4\u00e4 siemenist\u00e4 ja leiv\u00e4st\u00e4 ja nokkii mielell\u00e4\u00e4n mokkapaloja.<br \/>\nUros ruokkii naaraansa sek\u00e4 ennen pesint\u00e4\u00e4 ett\u00e4 pesinn\u00e4n aikana, sill\u00e4 se rakentaa pes\u00e4ns\u00e4 mielell\u00e4\u00e4n koloon.<br \/>\nNaaras voi hautoa jopa 16 munaa.      <\/p>\n<h4>Siniset tissit muilla kielill\u00e4:<\/h4>\n<p>  Tieteellinen nimi: Cyanistes caeruleus English: Blue tit German: Blaumeise French: M\u00e9sange bleue Italian: Cinciarella Dutch: Pimpelmees Spanish: Herrerillo Com\u00fan<\/p>\n","protected":false},"excerpt":{"rendered":"<p>Se on veistetty lehmuspuusta ja maalattu k\u00e4sin lent\u00e4v\u00e4\u00e4n asentoon, ja siit\u00e4 tulee eloisa yksityiskohta, joka roikkuu ikkunassa tai huoneen oksilla.<br \/>\nKaunis ja vieh\u00e4tt\u00e4v\u00e4 lis\u00e4 mihin tahansa sisustukseen.<br \/>\nLintu on pakattu vitriinirasiaan, jossa on ikkuna, josta n\u00e4et sinitiaisen kurkistelevan ulos.<br \/>\nLue muutamia kuriositeetteja sinitiaisesta oheisesta miniesitteest\u00e4.   <\/p>\n","protected":false},"featured_media":7202,"comment_status":"open","ping_status":"closed","template":"","meta":{"_acf_changed":false},"product_brand":[],"product_cat":[145,165],"product_tag":[],"class_list":{"0":"post-9400","1":"product","2":"type-product","3":"status-publish","4":"has-post-thumbnail","6":"product_cat-wildlife-garden-decobird-fi","7":"product_cat-tarvikkeet","8":"product_shipping_class-ruotsi","10":"first","11":"outofstock","12":"taxable","13":"shipping-taxable","14":"purchasable","15":"product-type-simple"},"bundled_by":[],"bundle_stock_status":"outofstock","bundle_stock_quantity":0,"bundle_virtual":false,"bundle_layout":"","bundle_add_to_cart_form_location":"","bundle_editable_in_cart":false,"bundle_sold_individually_context":"","bundle_item_grouping":"","bundle_min_size":"","bundle_max_size":"","bundle_price":[],"bundled_items":[],"bundle_sell_ids":[],"acf":[],"_links":{"self":[{"href":"https:\/\/pippifoder.se\/fi\/wp-json\/wp\/v2\/product\/9400","targetHints":{"allow":["GET"]}}],"collection":[{"href":"https:\/\/pippifoder.se\/fi\/wp-json\/wp\/v2\/product"}],"about":[{"href":"https:\/\/pippifoder.se\/fi\/wp-json\/wp\/v2\/types\/product"}],"replies":[{"embeddable":true,"href":"https:\/\/pippifoder.se\/fi\/wp-json\/wp\/v2\/comments?post=9400"}],"wp:featuredmedia":[{"embeddable":true,"href":"https:\/\/pippifoder.se\/fi\/wp-json\/wp\/v2\/media\/7202"}],"wp:attachment":[{"href":"https:\/\/pippifoder.se\/fi\/wp-json\/wp\/v2\/media?parent=9400"}],"wp:term":[{"taxonomy":"product_brand","embeddable":true,"href":"https:\/\/pippifoder.se\/fi\/wp-json\/wp\/v2\/product_brand?post=9400"},{"taxonomy":"product_cat","embeddable":true,"href":"https:\/\/pippifoder.se\/fi\/wp-json\/wp\/v2\/product_cat?post=9400"},{"taxonomy":"product_tag","embeddable":true,"href":"https:\/\/pippifoder.se\/fi\/wp-json\/wp\/v2\/product_tag?post=9400"}],"curies":[{"name":"wp","href":"https:\/\/api.w.org\/{rel}","templated":true}]}}