{"id":9398,"date":"2024-02-01T07:48:22","date_gmt":"2024-02-01T07:48:22","guid":{"rendered":"https:\/\/pippifoder.se\/Ei-luokiteltu\/villielainpuutarha-decobird-yokkonen\/"},"modified":"2025-01-27T14:09:10","modified_gmt":"2025-01-27T14:09:10","slug":"villielainpuutarha-decobird-yokkonen","status":"publish","type":"product","link":"https:\/\/pippifoder.se\/fi\/tuote\/tarvikkeet\/woodbirds-fi\/wildlife-garden-decobird-fi\/villielainpuutarha-decobird-yokkonen\/","title":{"rendered":"Villiel\u00e4inpuutarha &#8211; DecoBird Y\u00f6kk\u00f6nen"},"content":{"rendered":"<h2>Uskollisesti veistetty puinen y\u00f6laulu<\/h2>\n<p>Y\u00f6laulu on veistetty lehmuspuusta, maalattu k\u00e4sin ymp\u00e4rist\u00f6yst\u00e4v\u00e4llisill\u00e4 v\u00e4reill\u00e4 ja kuvattu el\u00e4v\u00e4n kokoisessa laulavassa asennossa.<br \/>\nSiit\u00e4 voi tulla kaunis sisustuselementti sek\u00e4 ainutlaatuinen ja ajaton lahja kaikille el\u00e4imi\u00e4 ja luontoa rakastaville. <\/p>\n<h3>Tietoja y\u00f6kerhosta<\/h3>\n<p>Y\u00f6laulu on myyttinen lintu, joka on ulkon\u00e4\u00f6lt\u00e4\u00e4n melko huomaamaton, mutta laulaa monipuolisesti etenkin \u00f6isin. Se on harmaanruskea, ja sen siiviss\u00e4 ja pyrst\u00f6ss\u00e4 on punaruskeita raitoja. Kun se saapuu kev\u00e4\u00e4ll\u00e4 pesim\u00e4alueilleen Euraasiaan, uros aloittaa laulamisen ja jatkaa sit\u00e4 kes\u00e4kuun loppuun asti. Y\u00f6kk\u00f6nen pesii mieluiten tiheiss\u00e4 pensaissa ja ruovikoissa l\u00e4hell\u00e4 maata, josta se etsii hy\u00f6nteisi\u00e4, matoja ja marjoja. Elokuussa alkaa muutto etel\u00e4\u00e4n Kaakkois-Afrikkaan.    <\/p>\n<h4>Nightingale muilla kielill\u00e4:<\/h4>\n<p>Tieteellinen nimi: Luscinia luscinia English: Thrush Nightingale German: Sprosser French: Rossignol progn\u00e9 Italian: Usignolo maggiore Dutch: Noordse Nachtegaal Spanish: Ruise\u00f1or Ruso<\/p>\n","protected":false},"excerpt":{"rendered":"<p>Y\u00f6laulu on veistetty lehmuspuusta, maalattu k\u00e4sin ymp\u00e4rist\u00f6yst\u00e4v\u00e4llisill\u00e4 v\u00e4reill\u00e4 ja kuvattu el\u00e4v\u00e4n kokoisessa lauluasennossa. Siit\u00e4 voi tulla kaunis sisustuselementti sek\u00e4 ainutlaatuinen ja ajaton lahja kaikille el\u00e4imi\u00e4 ja luontoa rakastaville. <\/p>\n","protected":false},"featured_media":7184,"comment_status":"open","ping_status":"closed","template":"","meta":{"_acf_changed":false},"product_brand":[],"product_cat":[145,122,165],"product_tag":[],"class_list":{"0":"post-9398","1":"product","2":"type-product","3":"status-publish","4":"has-post-thumbnail","6":"product_cat-wildlife-garden-decobird-fi","7":"product_cat-lintujen-siemenia-ja-lintujen-ruokaa-myynnissa","8":"product_cat-tarvikkeet","9":"product_shipping_class-ruotsi","11":"first","12":"outofstock","13":"sale","14":"taxable","15":"shipping-taxable","16":"purchasable","17":"product-type-simple"},"bundled_by":[],"bundle_stock_status":"outofstock","bundle_stock_quantity":0,"bundle_virtual":false,"bundle_layout":"","bundle_add_to_cart_form_location":"","bundle_editable_in_cart":false,"bundle_sold_individually_context":"","bundle_item_grouping":"","bundle_min_size":"","bundle_max_size":"","bundle_price":[],"bundled_items":[],"bundle_sell_ids":[],"acf":[],"_links":{"self":[{"href":"https:\/\/pippifoder.se\/fi\/wp-json\/wp\/v2\/product\/9398","targetHints":{"allow":["GET"]}}],"collection":[{"href":"https:\/\/pippifoder.se\/fi\/wp-json\/wp\/v2\/product"}],"about":[{"href":"https:\/\/pippifoder.se\/fi\/wp-json\/wp\/v2\/types\/product"}],"replies":[{"embeddable":true,"href":"https:\/\/pippifoder.se\/fi\/wp-json\/wp\/v2\/comments?post=9398"}],"wp:featuredmedia":[{"embeddable":true,"href":"https:\/\/pippifoder.se\/fi\/wp-json\/wp\/v2\/media\/7184"}],"wp:attachment":[{"href":"https:\/\/pippifoder.se\/fi\/wp-json\/wp\/v2\/media?parent=9398"}],"wp:term":[{"taxonomy":"product_brand","embeddable":true,"href":"https:\/\/pippifoder.se\/fi\/wp-json\/wp\/v2\/product_brand?post=9398"},{"taxonomy":"product_cat","embeddable":true,"href":"https:\/\/pippifoder.se\/fi\/wp-json\/wp\/v2\/product_cat?post=9398"},{"taxonomy":"product_tag","embeddable":true,"href":"https:\/\/pippifoder.se\/fi\/wp-json\/wp\/v2\/product_tag?post=9398"}],"curies":[{"name":"wp","href":"https:\/\/api.w.org\/{rel}","templated":true}]}}