{"id":9394,"date":"2024-02-01T07:44:36","date_gmt":"2024-02-01T07:44:36","guid":{"rendered":"https:\/\/pippifoder.se\/Ei-luokiteltu\/villielainpuutarha-decobird-american-talltita\/"},"modified":"2025-01-27T14:09:05","modified_gmt":"2025-01-27T14:09:05","slug":"villielainpuutarha-decobird-american-talltita","status":"publish","type":"product","link":"https:\/\/pippifoder.se\/fi\/tuote\/tarvikkeet\/woodbirds-fi\/wildlife-garden-decobird-fi\/villielainpuutarha-decobird-american-talltita\/","title":{"rendered":"Villiel\u00e4inpuutarha &#8211; DecoBird American Talltita"},"content":{"rendered":"<p>Suuren p\u00e4\u00e4n, pienen py\u00f6re\u00e4n ruumiin ja iloisen laulun ansiosta amerikanm\u00e4ntysuohaukka on yksi Pohjois-Amerikan suosituimmista linnuista. T\u00e4m\u00e4 kotimainen lintu sy\u00f6 hy\u00f6nteisi\u00e4, marjoja ja siemeni\u00e4, mutta se on helppo houkutella ruokintalaitteeseen, jossa on mokkapalloja, auringonkukansiemeni\u00e4 ja maap\u00e4hkin\u00f6it\u00e4. Tutkimukset ovat osoittaneet, ett\u00e4 amerikanm\u00e4ntytiaiset uusivat jatkuvasti aivosolujaan tavalla, jonka ansiosta ne pystyv\u00e4t sopeutumaan helpommin ymp\u00e4rist\u00f6ns\u00e4 muutoksiin ja sosiaaliseen vuorovaikutukseen.  <\/p>\n<h3>American talltita muilla kielill\u00e4:<\/h3>\n<p>Tieteellinen nimi: Poecile atricapillus English: Black-capped chickadee German: Schwarzkopfmeise French: M\u00e9sange \u00e0 T\u00eate Noire Italian: Cincia capinera Dutch: Amerikaanse Matkop Spanish: Carbonero Cabecinegro<\/p>\n","protected":false},"excerpt":{"rendered":"<p>Suuren p\u00e4\u00e4n, pienen py\u00f6re\u00e4n ruumiin ja iloisen laulun ansiosta amerikanm\u00e4ntysuohaukka on yksi Pohjois-Amerikan suosituimmista linnuista. T\u00e4m\u00e4 kotimainen lintu sy\u00f6 hy\u00f6nteisi\u00e4, marjoja ja siemeni\u00e4, mutta se on helppo houkutella ruokintalaitteeseen, jossa on mokkapalloja, auringonkukansiemeni\u00e4 ja maap\u00e4hkin\u00f6it\u00e4. Tutkimukset ovat osoittaneet, ett\u00e4 amerikanm\u00e4ntytiaiset uusivat jatkuvasti aivosolujaan tavalla, jonka ansiosta ne pystyv\u00e4t sopeutumaan helpommin ymp\u00e4rist\u00f6ns\u00e4 muutoksiin ja sosiaaliseen vuorovaikutukseen.  <\/p>\n","protected":false},"featured_media":7175,"comment_status":"open","ping_status":"closed","template":"","meta":{"_acf_changed":false},"product_brand":[],"product_cat":[145,122,165],"product_tag":[],"class_list":{"0":"post-9394","1":"product","2":"type-product","3":"status-publish","4":"has-post-thumbnail","6":"product_cat-wildlife-garden-decobird-fi","7":"product_cat-lintujen-siemenia-ja-lintujen-ruokaa-myynnissa","8":"product_cat-tarvikkeet","9":"product_shipping_class-ruotsi","11":"first","12":"outofstock","13":"sale","14":"taxable","15":"shipping-taxable","16":"purchasable","17":"product-type-simple"},"bundled_by":[],"bundle_stock_status":"outofstock","bundle_stock_quantity":0,"bundle_virtual":false,"bundle_layout":"","bundle_add_to_cart_form_location":"","bundle_editable_in_cart":false,"bundle_sold_individually_context":"","bundle_item_grouping":"","bundle_min_size":"","bundle_max_size":"","bundle_price":[],"bundled_items":[],"bundle_sell_ids":[],"acf":[],"_links":{"self":[{"href":"https:\/\/pippifoder.se\/fi\/wp-json\/wp\/v2\/product\/9394","targetHints":{"allow":["GET"]}}],"collection":[{"href":"https:\/\/pippifoder.se\/fi\/wp-json\/wp\/v2\/product"}],"about":[{"href":"https:\/\/pippifoder.se\/fi\/wp-json\/wp\/v2\/types\/product"}],"replies":[{"embeddable":true,"href":"https:\/\/pippifoder.se\/fi\/wp-json\/wp\/v2\/comments?post=9394"}],"wp:featuredmedia":[{"embeddable":true,"href":"https:\/\/pippifoder.se\/fi\/wp-json\/wp\/v2\/media\/7175"}],"wp:attachment":[{"href":"https:\/\/pippifoder.se\/fi\/wp-json\/wp\/v2\/media?parent=9394"}],"wp:term":[{"taxonomy":"product_brand","embeddable":true,"href":"https:\/\/pippifoder.se\/fi\/wp-json\/wp\/v2\/product_brand?post=9394"},{"taxonomy":"product_cat","embeddable":true,"href":"https:\/\/pippifoder.se\/fi\/wp-json\/wp\/v2\/product_cat?post=9394"},{"taxonomy":"product_tag","embeddable":true,"href":"https:\/\/pippifoder.se\/fi\/wp-json\/wp\/v2\/product_tag?post=9394"}],"curies":[{"name":"wp","href":"https:\/\/api.w.org\/{rel}","templated":true}]}}