{"id":9384,"date":"2024-02-01T07:41:26","date_gmt":"2024-02-01T07:41:26","guid":{"rendered":"https:\/\/pippifoder.se\/Ei-luokiteltu\/villielainpuutarha-decobird-harmaa-varpunen\/"},"modified":"2024-02-01T07:41:26","modified_gmt":"2024-02-01T07:41:26","slug":"villielainpuutarha-decobird-harmaa-varpunen","status":"publish","type":"product","link":"https:\/\/pippifoder.se\/fi\/tuote\/tarvikkeet\/woodbirds-fi\/wildlife-garden-decobird-fi\/villielainpuutarha-decobird-harmaa-varpunen\/","title":{"rendered":"Villiel\u00e4inpuutarha &#8211; DecoBird Harmaa Varpunen"},"content":{"rendered":"<p>Harmaavarpunen on yksi maailman laajimmalle levinneist\u00e4 ja runsaimmista lintulajeista.<br \/>\nSe on sopeutumiskykyns\u00e4 ansiosta muuttanut helposti kotiseutunsa (Euroopan ja Pohjois-Afrikan) ulkopuolelle.<br \/>\nT\u00e4m\u00e4 sitke\u00e4 pieni varpuslintu on sek\u00e4 sopeutumiskykyinen ett\u00e4 aggressiivinen, mink\u00e4 ansiosta se selviytyy helposti ihmisen l\u00e4heisyydess\u00e4 ja menestyy hyvin. t.<br \/>\njos.<br \/>\nsuurissa kaupungeissa.      <\/p>\n<h3>Grey sparrow muilla kielill\u00e4:<\/h3>\n<p>  Tieteellinen nimi: Passer domesticus English: House sparrow German: Haussperling French: Moineau Domestique Italian: Passera Europea Dutch: Huismus Spanish: Gorri\u00f3n Com\u00fan<\/p>\n","protected":false},"excerpt":{"rendered":"<p>Harmaavarpunen on yksi maailman laajimmalle levinneist\u00e4 ja runsaimmista lintulajeista.<br \/>\nSe on sopeutumiskykyns\u00e4 ansiosta muuttanut helposti kotiseutunsa (Euroopan ja Pohjois-Afrikan) ulkopuolelle.<br \/>\nT\u00e4m\u00e4 sitke\u00e4 pieni varpuslintu on sek\u00e4 sopeutumiskykyinen ett\u00e4 aggressiivinen, mink\u00e4 ansiosta se selviytyy helposti ihmisen l\u00e4heisyydess\u00e4 ja menestyy hyvin. t.<br \/>\njos.<br \/>\nsuurissa kaupungeissa.    <\/p>\n","protected":false},"featured_media":7160,"comment_status":"open","ping_status":"closed","template":"","meta":{"_acf_changed":false},"product_brand":[],"product_cat":[145,122,165],"product_tag":[],"class_list":{"0":"post-9384","1":"product","2":"type-product","3":"status-publish","4":"has-post-thumbnail","6":"product_cat-wildlife-garden-decobird-fi","7":"product_cat-lintujen-siemenia-ja-lintujen-ruokaa-myynnissa","8":"product_cat-tarvikkeet","9":"product_shipping_class-ruotsi","11":"first","12":"outofstock","13":"sale","14":"taxable","15":"shipping-taxable","16":"purchasable","17":"product-type-simple"},"bundled_by":[],"bundle_stock_status":"outofstock","bundle_stock_quantity":0,"bundle_virtual":false,"bundle_layout":"","bundle_add_to_cart_form_location":"","bundle_editable_in_cart":false,"bundle_sold_individually_context":"","bundle_item_grouping":"","bundle_min_size":"","bundle_max_size":"","bundle_price":[],"bundled_items":[],"bundle_sell_ids":[],"acf":[],"_links":{"self":[{"href":"https:\/\/pippifoder.se\/fi\/wp-json\/wp\/v2\/product\/9384","targetHints":{"allow":["GET"]}}],"collection":[{"href":"https:\/\/pippifoder.se\/fi\/wp-json\/wp\/v2\/product"}],"about":[{"href":"https:\/\/pippifoder.se\/fi\/wp-json\/wp\/v2\/types\/product"}],"replies":[{"embeddable":true,"href":"https:\/\/pippifoder.se\/fi\/wp-json\/wp\/v2\/comments?post=9384"}],"wp:featuredmedia":[{"embeddable":true,"href":"https:\/\/pippifoder.se\/fi\/wp-json\/wp\/v2\/media\/7160"}],"wp:attachment":[{"href":"https:\/\/pippifoder.se\/fi\/wp-json\/wp\/v2\/media?parent=9384"}],"wp:term":[{"taxonomy":"product_brand","embeddable":true,"href":"https:\/\/pippifoder.se\/fi\/wp-json\/wp\/v2\/product_brand?post=9384"},{"taxonomy":"product_cat","embeddable":true,"href":"https:\/\/pippifoder.se\/fi\/wp-json\/wp\/v2\/product_cat?post=9384"},{"taxonomy":"product_tag","embeddable":true,"href":"https:\/\/pippifoder.se\/fi\/wp-json\/wp\/v2\/product_tag?post=9384"}],"curies":[{"name":"wp","href":"https:\/\/api.w.org\/{rel}","templated":true}]}}