{"id":9379,"date":"2024-02-01T07:38:07","date_gmt":"2024-02-01T07:38:07","guid":{"rendered":"https:\/\/pippifoder.se\/Ei-luokiteltu\/villielainpuutarha-decobird-harmaa-siili\/"},"modified":"2024-09-20T07:44:50","modified_gmt":"2024-09-20T07:44:50","slug":"villielainpuutarha-decobird-harmaa-siili","status":"publish","type":"product","link":"https:\/\/pippifoder.se\/fi\/tuote\/tarvikkeet\/woodbirds-fi\/wildlife-garden-decobird-fi\/villielainpuutarha-decobird-harmaa-siili\/","title":{"rendered":"Villiel\u00e4inpuutarha &#8211; DecoBird Harmaa siili"},"content":{"rendered":"<p>Harmaasieppo on suomensukuinen siipisieppo.<br \/>\nSe on harmaanruskea pilkullinen pikkulintu, jolla on punainen otsapilkku, pieni musta rintalappu, vaaleat h\u00f6yhenreunat ja haarautuva pyrst\u00f6.  DecoBirds-lintumme on suunniteltu ornitologisen asiantuntemuksen avulla, jotta niist\u00e4 saadaan mahdollisimman el\u00e4v\u00e4inen puulintu.<br \/>\nDecoBird-harmaakuiskaaja tuo luonnollisen ilmeen ajattomaan kotiin.   <\/p>\n<h3>Harmaata muilla kielill\u00e4:<\/h3>\n<p>  Tieteellinen nimi: Acanthis flammea English: Common redpoll German: Birkenzeisig French: Sizerin Flamm\u00e9 Italian: Organetto Dutch: Barmsijs Spanish: Pardillo Norte\u00f1o<\/p>\n","protected":false},"excerpt":{"rendered":"<p>Harmaasieppo on suomensukuinen siipisieppo.<br \/>\nSe on harmaanruskea pilkullinen pikkulintu, jolla on punainen otsapilkku, pieni musta rintalappu, vaaleat h\u00f6yhenreunat ja haarautuva pyrst\u00f6. <\/p>\n","protected":false},"featured_media":7151,"comment_status":"open","ping_status":"closed","template":"","meta":{"_acf_changed":false},"product_brand":[],"product_cat":[145,122,165],"product_tag":[],"class_list":{"0":"post-9379","1":"product","2":"type-product","3":"status-publish","4":"has-post-thumbnail","6":"product_cat-wildlife-garden-decobird-fi","7":"product_cat-lintujen-siemenia-ja-lintujen-ruokaa-myynnissa","8":"product_cat-tarvikkeet","9":"product_shipping_class-ruotsi","11":"first","12":"outofstock","13":"sale","14":"taxable","15":"shipping-taxable","16":"purchasable","17":"product-type-simple"},"bundled_by":[],"bundle_stock_status":"outofstock","bundle_stock_quantity":0,"bundle_virtual":false,"bundle_layout":"","bundle_add_to_cart_form_location":"","bundle_editable_in_cart":false,"bundle_sold_individually_context":"","bundle_item_grouping":"","bundle_min_size":"","bundle_max_size":"","bundle_price":[],"bundled_items":[],"bundle_sell_ids":[],"acf":[],"_links":{"self":[{"href":"https:\/\/pippifoder.se\/fi\/wp-json\/wp\/v2\/product\/9379","targetHints":{"allow":["GET"]}}],"collection":[{"href":"https:\/\/pippifoder.se\/fi\/wp-json\/wp\/v2\/product"}],"about":[{"href":"https:\/\/pippifoder.se\/fi\/wp-json\/wp\/v2\/types\/product"}],"replies":[{"embeddable":true,"href":"https:\/\/pippifoder.se\/fi\/wp-json\/wp\/v2\/comments?post=9379"}],"wp:featuredmedia":[{"embeddable":true,"href":"https:\/\/pippifoder.se\/fi\/wp-json\/wp\/v2\/media\/7151"}],"wp:attachment":[{"href":"https:\/\/pippifoder.se\/fi\/wp-json\/wp\/v2\/media?parent=9379"}],"wp:term":[{"taxonomy":"product_brand","embeddable":true,"href":"https:\/\/pippifoder.se\/fi\/wp-json\/wp\/v2\/product_brand?post=9379"},{"taxonomy":"product_cat","embeddable":true,"href":"https:\/\/pippifoder.se\/fi\/wp-json\/wp\/v2\/product_cat?post=9379"},{"taxonomy":"product_tag","embeddable":true,"href":"https:\/\/pippifoder.se\/fi\/wp-json\/wp\/v2\/product_tag?post=9379"}],"curies":[{"name":"wp","href":"https:\/\/api.w.org\/{rel}","templated":true}]}}