{"id":9373,"date":"2024-02-01T07:33:50","date_gmt":"2024-02-01T07:33:50","guid":{"rendered":"https:\/\/pippifoder.se\/Ei-luokiteltu\/villielainpuutarha-decobird-pahkinansarkija\/"},"modified":"2024-02-01T07:33:50","modified_gmt":"2024-02-01T07:33:50","slug":"villielainpuutarha-decobird-pahkinansarkija","status":"publish","type":"product","link":"https:\/\/pippifoder.se\/fi\/tuote\/tarvikkeet\/woodbirds-fi\/wildlife-garden-decobird-fi\/villielainpuutarha-decobird-pahkinansarkija\/","title":{"rendered":"Villiel\u00e4inpuutarha &#8211; DecoBird p\u00e4hkin\u00e4ns\u00e4rkij\u00e4"},"content":{"rendered":"<h2>Sisustuksen yksityiskohdat lintujen yst\u00e4v\u00e4lle<\/h2>\n<p>  Jaja on kaunis beige lintu, jonka siiviss\u00e4 on taivaansinisi\u00e4 kentti\u00e4.<br \/>\nSen tunnistaa my\u00f6s mustista &#8221;viiksist\u00e4\u00e4n&#8221;.<br \/>\nSen kauniit v\u00e4rit tekev\u00e4t DecoBird-p\u00e4hkin\u00e4ns\u00e4rkij\u00e4st\u00e4 loistavan sisustusesineen lintujen yst\u00e4ville.<br \/>\nSe muistuttaa luonnollista mallia my\u00f6s piirroksen ja v\u00e4rien osalta, mink\u00e4 lintujen yst\u00e4v\u00e4 huomaa heti.     <\/p>\n<h3>P\u00e4hkin\u00e4ns\u00e4rkij\u00e4 muilla kielill\u00e4:<\/h3>\n<p>  Tieteellinen nimi: Garrulus glandarius English: Jay German: Eichelh\u00e4her French: Geai des ch\u00eanes Italian: Ghiandaia Dutch: Vlaamse Gaai Spanish: Arrendajo Euroasi\u00e1tico<\/p>\n","protected":false},"excerpt":{"rendered":"<p>Jaja on kaunis beige lintu, jonka siiviss\u00e4 on taivaansinisi\u00e4 kentti\u00e4.<br \/>\nSen tunnistaa my\u00f6s mustista &#8221;viiksist\u00e4\u00e4n&#8221;.<br \/>\nSen kauniit v\u00e4rit tekev\u00e4t DecoBird-p\u00e4hkin\u00e4ns\u00e4rkij\u00e4st\u00e4 loistavan sisustusesineen lintujen yst\u00e4ville.<br \/>\nSe muistuttaa luonnollista mallia my\u00f6s piirroksen ja v\u00e4rien osalta, mink\u00e4 lintujen yst\u00e4v\u00e4 huomaa heti.   <\/p>\n","protected":false},"featured_media":7130,"comment_status":"open","ping_status":"closed","template":"","meta":{"_acf_changed":false},"product_brand":[],"product_cat":[145,165],"product_tag":[],"class_list":{"0":"post-9373","1":"product","2":"type-product","3":"status-publish","4":"has-post-thumbnail","6":"product_cat-wildlife-garden-decobird-fi","7":"product_cat-tarvikkeet","8":"product_shipping_class-ruotsi","10":"first","11":"outofstock","12":"taxable","13":"shipping-taxable","14":"purchasable","15":"product-type-simple"},"bundled_by":[],"bundle_stock_status":"outofstock","bundle_stock_quantity":0,"bundle_virtual":false,"bundle_layout":"","bundle_add_to_cart_form_location":"","bundle_editable_in_cart":false,"bundle_sold_individually_context":"","bundle_item_grouping":"","bundle_min_size":"","bundle_max_size":"","bundle_price":[],"bundled_items":[],"bundle_sell_ids":[],"acf":[],"_links":{"self":[{"href":"https:\/\/pippifoder.se\/fi\/wp-json\/wp\/v2\/product\/9373","targetHints":{"allow":["GET"]}}],"collection":[{"href":"https:\/\/pippifoder.se\/fi\/wp-json\/wp\/v2\/product"}],"about":[{"href":"https:\/\/pippifoder.se\/fi\/wp-json\/wp\/v2\/types\/product"}],"replies":[{"embeddable":true,"href":"https:\/\/pippifoder.se\/fi\/wp-json\/wp\/v2\/comments?post=9373"}],"wp:featuredmedia":[{"embeddable":true,"href":"https:\/\/pippifoder.se\/fi\/wp-json\/wp\/v2\/media\/7130"}],"wp:attachment":[{"href":"https:\/\/pippifoder.se\/fi\/wp-json\/wp\/v2\/media?parent=9373"}],"wp:term":[{"taxonomy":"product_brand","embeddable":true,"href":"https:\/\/pippifoder.se\/fi\/wp-json\/wp\/v2\/product_brand?post=9373"},{"taxonomy":"product_cat","embeddable":true,"href":"https:\/\/pippifoder.se\/fi\/wp-json\/wp\/v2\/product_cat?post=9373"},{"taxonomy":"product_tag","embeddable":true,"href":"https:\/\/pippifoder.se\/fi\/wp-json\/wp\/v2\/product_tag?post=9373"}],"curies":[{"name":"wp","href":"https:\/\/api.w.org\/{rel}","templated":true}]}}