{"id":9367,"date":"2024-07-05T18:23:25","date_gmt":"2024-07-05T18:23:25","guid":{"rendered":"https:\/\/pippifoder.se\/Ei-luokiteltu\/tallopallot-ilman-verkkoa-pahvilaatikossa-100kpl\/"},"modified":"2025-01-27T14:05:55","modified_gmt":"2025-01-27T14:05:55","slug":"tallopallot-ilman-verkkoa-pahvilaatikossa-100kpl","status":"publish","type":"product","link":"https:\/\/pippifoder.se\/fi\/tuote\/lintujen-ruokaa\/tallapallot-pienille-linnuille\/tallopallot-ilman-verkkoa-pahvilaatikossa-100kpl\/","title":{"rendered":"Tallopallot ilman verkkoa pahvilaatikossa (100kpl)"},"content":{"rendered":"<p>Useimmat pikkulinnut arvostavat mokkapalloja, erityisesti sinitiaiset, isotiaiset, viherpeipot, mustarastas, kultarinta, harmaavarpuset, mustatiaiset ja tikit. Runsaasti rasvaa sis\u00e4lt\u00e4v\u00e4 tali ja korkea siemenpitoisuus tarjoavat pikkulinnuille hyv\u00e4t edellytykset selviyty\u00e4 talvesta.<br \/>\nYh\u00e4 useammat linnut j\u00e4\u00e4v\u00e4t &#8221;l\u00e4mpimien talvien&#8221; yli, ja niille usein nopea vaihtelu kuuman, kylm\u00e4n ja lumen v\u00e4lill\u00e4 tekee ruokailutilanteesta vaikean. Mokkapallot ovat ilman verkkoja!  <\/p>\n<p>&nbsp;<\/p>\n","protected":false},"excerpt":{"rendered":"<p>Tallopallot ilman verkkoa pahvilaatikossa.<br \/>\n100 mokkapalloa 80 g:n \u00e4mp\u00e4riss\u00e4.<br \/>\nTallopallot ovat t\u00e4rke\u00e4 ravinnonl\u00e4hde pikkulinnuille.<br \/>\nMokkapalloista pit\u00e4v\u00e4t muun muassa sinitiainen, kaulushaikara, viherpeippo, p\u00e4hkin\u00e4pensas, pajutiainen, harmaavarpunen, mustatiainen ja puusirkku.   <\/p>\n","protected":false},"featured_media":13247,"comment_status":"closed","ping_status":"closed","template":"","meta":{"_acf_changed":false},"product_brand":[],"product_cat":[182,113,112],"product_tag":[],"class_list":{"0":"post-9367","1":"product","2":"type-product","3":"status-publish","4":"has-post-thumbnail","6":"product_cat-tallapallot-pienille-linnuille","7":"product_cat-illiintyneiden-lintujen-siemenet-villiintyneiden-lintujen-ruoka","8":"product_cat-lintujen-ruokaa","10":"first","11":"outofstock","12":"taxable","13":"shipping-taxable","14":"purchasable","15":"product-type-simple"},"bundled_by":[],"bundle_stock_status":"outofstock","bundle_stock_quantity":0,"bundle_virtual":false,"bundle_layout":"","bundle_add_to_cart_form_location":"","bundle_editable_in_cart":false,"bundle_sold_individually_context":"","bundle_item_grouping":"","bundle_min_size":"","bundle_max_size":"","bundle_price":[],"bundled_items":[],"bundle_sell_ids":[],"acf":[],"_links":{"self":[{"href":"https:\/\/pippifoder.se\/fi\/wp-json\/wp\/v2\/product\/9367","targetHints":{"allow":["GET"]}}],"collection":[{"href":"https:\/\/pippifoder.se\/fi\/wp-json\/wp\/v2\/product"}],"about":[{"href":"https:\/\/pippifoder.se\/fi\/wp-json\/wp\/v2\/types\/product"}],"replies":[{"embeddable":true,"href":"https:\/\/pippifoder.se\/fi\/wp-json\/wp\/v2\/comments?post=9367"}],"wp:featuredmedia":[{"embeddable":true,"href":"https:\/\/pippifoder.se\/fi\/wp-json\/wp\/v2\/media\/13247"}],"wp:attachment":[{"href":"https:\/\/pippifoder.se\/fi\/wp-json\/wp\/v2\/media?parent=9367"}],"wp:term":[{"taxonomy":"product_brand","embeddable":true,"href":"https:\/\/pippifoder.se\/fi\/wp-json\/wp\/v2\/product_brand?post=9367"},{"taxonomy":"product_cat","embeddable":true,"href":"https:\/\/pippifoder.se\/fi\/wp-json\/wp\/v2\/product_cat?post=9367"},{"taxonomy":"product_tag","embeddable":true,"href":"https:\/\/pippifoder.se\/fi\/wp-json\/wp\/v2\/product_tag?post=9367"}],"curies":[{"name":"wp","href":"https:\/\/api.w.org\/{rel}","templated":true}]}}